{"id":12296,"date":"2023-01-02T10:35:45","date_gmt":"2023-01-02T09:35:45","guid":{"rendered":"https:\/\/www.clubarbitraje.com\/grupos\/comissao-para-a-inclusao-da-deficiencia-na-arbitragem\/miembros-cea-con-discapacidad\/"},"modified":"2026-04-24T10:15:20","modified_gmt":"2026-04-24T08:15:20","slug":"membros-do-ceia-com-deficiencia","status":"publish","type":"page","link":"https:\/\/www.clubarbitraje.com\/pt-pt\/grupos\/comissao-para-a-inclusao-da-deficiencia-na-arbitragem\/membros-do-ceia-com-deficiencia\/","title":{"rendered":"MEMBROS DO CEIA COM DEFICI\u00caNCIA"},"content":{"rendered":"<p>[et_pb_section fb_built=&#8221;1&#8243; _builder_version=&#8221;4.16&#8243; global_colors_info=&#8221;{}&#8221;][et_pb_row _builder_version=&#8221;4.16&#8243; global_colors_info=&#8221;{}&#8221;][et_pb_column type=&#8221;4_4&#8243; _builder_version=&#8221;4.16&#8243; custom_padding=&#8221;|||&#8221; global_colors_info=&#8221;{}&#8221; custom_padding__hover=&#8221;|||&#8221;][et_pb_text _builder_version=&#8221;4.21.0&#8243; locked=&#8221;off&#8221; global_colors_info=&#8221;{}&#8221;]<\/p>\n<h1>MEMBROS DO CEIA COM DEFICI\u00caNCIA<\/h1>\n<p>[\/et_pb_text][et_pb_code admin_label=&#8221;MENU_CINDA&#8221; _builder_version=&#8221;4.16&#8243; locked=&#8221;off&#8221; global_colors_info=&#8221;{}&#8221;]<div class=\"menu-menu_cinda-container\"><ul id=\"menu-menu_cinda\" class=\"myclass\"><li id=\"menu-item-7338\" class=\"menu-item menu-item-type-post_type menu-item-object-page menu-item-7338\"><a href=\"https:\/\/www.clubarbitraje.com\/grupos\/comision-para-la-inclusion-de-la-discapacidad-en-el-arbitraje\/quienes-somos-cinda\/\">QUEM SOMOS?<\/a><\/li>\n<li id=\"menu-item-7337\" class=\"menu-item menu-item-type-post_type menu-item-object-page menu-item-7337\"><a href=\"https:\/\/www.clubarbitraje.com\/grupos\/comision-para-la-inclusion-de-la-discapacidad-en-el-arbitraje\/compromiso-cea-cinda-para-la-inclusion-de-la-discapacidad-en-el-arbitraje\/\">COMPROMISSO CEIA-CINDA PARA A INCLUS\u00c3O DA DEFICI\u00caNCIA NA ARBITRAGEM<\/a><\/li>\n<li id=\"menu-item-7336\" class=\"menu-item menu-item-type-post_type menu-item-object-page menu-item-7336\"><a href=\"https:\/\/www.clubarbitraje.com\/grupos\/comision-para-la-inclusion-de-la-discapacidad-en-el-arbitraje\/premios-cea-a-la-inclusion-de-la-discapacidad-en-el-arbitraje\/\">PR\u00c9MIOS CEIA PARA A INCLUS\u00c3O DA DEFICI\u00caNCIA NA ARBITRAGEM<\/a><\/li>\n<li id=\"menu-item-7335\" class=\"menu-item menu-item-type-post_type menu-item-object-page menu-item-7335\"><a href=\"https:\/\/www.clubarbitraje.com\/grupos\/comision-para-la-inclusion-de-la-discapacidad-en-el-arbitraje\/miembros-cea-con-discapacidad\/\">MEMBROS DO CEIA COM DEFICI\u00caNCIA<\/a><\/li>\n<li id=\"menu-item-7339\" class=\"menu-item menu-item-type-post_type menu-item-object-page menu-item-7339\"><a href=\"https:\/\/www.clubarbitraje.com\/grupos\/comision-para-la-inclusion-de-la-discapacidad-en-el-arbitraje\/noticias-cinda\/\">Not\u00edcias CINDA<\/a><\/li>\n<\/ul><\/div>[\/et_pb_code][et_pb_text _builder_version=&#8221;4.21.0&#8243; hover_enabled=&#8221;0&#8243; global_colors_info=&#8221;{}&#8221; custom_margin=&#8221;||5rem||false|false&#8221; sticky_enabled=&#8221;0&#8243;]<\/p>\n<p>Aqueles comprometidos com a inclus\u00e3o da defici\u00eancia na arbitragem podem agora localizar facilmente os membros do CEIA com defici\u00eancia no seu <a href=\"https:\/\/www.clubarbitraje.com\/pt-pt\/membros\/\">Diret\u00f3rio<\/a>, para considerar a sua participa\u00e7\u00e3o em procedimentos arbitrais como \u00e1rbitros, advogados ou peritos.<\/p>\n<p>Incentivamos os membros do CEIA que possuam uma defici\u00eancia comprovada por um certificado de uma Administra\u00e7\u00e3o P\u00fablica nacional ou internacional a aceder ao seu perfil pessoal na \u00c1rea de S\u00f3cios e a completar esse campo no seu perfil profissional.<\/p>\n<p>[\/et_pb_text][\/et_pb_column][\/et_pb_row][\/et_pb_section]<\/p>\n","protected":false},"excerpt":{"rendered":"<p>MEMBROS DO CEIA COM DEFICI\u00caNCIA<div class=\"menu-menu_cinda-container\"><ul id=\"menu-menu_cinda-1\" class=\"myclass\"><li class=\"menu-item menu-item-type-post_type menu-item-object-page menu-item-7338\"><a href=\"https:\/\/www.clubarbitraje.com\/grupos\/comision-para-la-inclusion-de-la-discapacidad-en-el-arbitraje\/quienes-somos-cinda\/\">QUEM SOMOS?<\/a><\/li>\n<li class=\"menu-item menu-item-type-post_type menu-item-object-page menu-item-7337\"><a href=\"https:\/\/www.clubarbitraje.com\/grupos\/comision-para-la-inclusion-de-la-discapacidad-en-el-arbitraje\/compromiso-cea-cinda-para-la-inclusion-de-la-discapacidad-en-el-arbitraje\/\">COMPROMISSO CEIA-CINDA PARA A INCLUS\u00c3O DA DEFICI\u00caNCIA NA ARBITRAGEM<\/a><\/li>\n<li class=\"menu-item menu-item-type-post_type menu-item-object-page menu-item-7336\"><a href=\"https:\/\/www.clubarbitraje.com\/grupos\/comision-para-la-inclusion-de-la-discapacidad-en-el-arbitraje\/premios-cea-a-la-inclusion-de-la-discapacidad-en-el-arbitraje\/\">PR\u00c9MIOS CEIA PARA A INCLUS\u00c3O DA DEFICI\u00caNCIA NA ARBITRAGEM<\/a><\/li>\n<li class=\"menu-item menu-item-type-post_type menu-item-object-page menu-item-7335\"><a href=\"https:\/\/www.clubarbitraje.com\/grupos\/comision-para-la-inclusion-de-la-discapacidad-en-el-arbitraje\/miembros-cea-con-discapacidad\/\">MEMBROS DO CEIA COM DEFICI\u00caNCIA<\/a><\/li>\n<li class=\"menu-item menu-item-type-post_type menu-item-object-page menu-item-7339\"><a href=\"https:\/\/www.clubarbitraje.com\/grupos\/comision-para-la-inclusion-de-la-discapacidad-en-el-arbitraje\/noticias-cinda\/\">Not\u00edcias CINDA<\/a><\/li>\n<\/ul><\/div>Aqueles comprometidos com a inclus\u00e3o da defici\u00eancia na arbitragem podem agora localizar facilmente os membros do CEIA com defici\u00eancia no seu...","protected":false},"author":3,"featured_media":0,"parent":11271,"menu_order":0,"comment_status":"closed","ping_status":"closed","template":"","meta":{"_acf_changed":false,"_et_pb_use_builder":"on","_et_pb_old_content":"","_et_gb_content_width":"","footnotes":""},"class_list":["post-12296","page","type-page","status-publish","hentry"],"acf":[],"yoast_head":"<!-- This site is optimized with the Yoast SEO plugin v27.4 - https:\/\/yoast.com\/product\/yoast-seo-wordpress\/ -->\n<title>MEMBROS DO CEIA COM DEFICI\u00caNCIA - CEIA \u2013 CLUB ESPA\u00d1OL E IBEROAMERICANO DEL ARBITRAJE<\/title>\n<meta name=\"description\" content=\"CEA, Club Espa\u00f1ol del Arbitraje, asociaci\u00f3n sin \u00e1nimo de lucro cuyo objetivo es promover el arbitraje como m\u00e9todo de resoluci\u00f3n de conflictos.\" \/>\n<meta name=\"robots\" content=\"index, follow, max-snippet:-1, max-image-preview:large, max-video-preview:-1\" \/>\n<link rel=\"canonical\" href=\"https:\/\/www.clubarbitraje.com\/grupos\/comision-para-la-inclusion-de-la-discapacidad-en-el-arbitraje\/miembros-cea-con-discapacidad\/\" \/>\n<meta property=\"og:locale\" content=\"pt_PT\" \/>\n<meta property=\"og:type\" content=\"article\" \/>\n<meta property=\"og:title\" content=\"MEMBROS DO CEIA COM DEFICI\u00caNCIA - CEIA \u2013 CLUB ESPA\u00d1OL E IBEROAMERICANO DEL ARBITRAJE\" \/>\n<meta property=\"og:description\" content=\"CEA, Club Espa\u00f1ol del Arbitraje, asociaci\u00f3n sin \u00e1nimo de lucro cuyo objetivo es promover el arbitraje como m\u00e9todo de resoluci\u00f3n de conflictos.\" \/>\n<meta property=\"og:url\" content=\"https:\/\/www.clubarbitraje.com\/grupos\/comision-para-la-inclusion-de-la-discapacidad-en-el-arbitraje\/miembros-cea-con-discapacidad\/\" \/>\n<meta property=\"og:site_name\" content=\"CEIA \u2013 CLUB ESPA\u00d1OL E IBEROAMERICANO DEL ARBITRAJE\" \/>\n<meta property=\"article:modified_time\" content=\"2026-04-24T08:15:20+00:00\" \/>\n<meta name=\"twitter:card\" content=\"summary_large_image\" \/>\n<meta name=\"twitter:label1\" content=\"Tempo estimado de leitura\" \/>\n\t<meta name=\"twitter:data1\" content=\"1 minuto\" \/>\n<script type=\"application\/ld+json\" class=\"yoast-schema-graph\">{\"@context\":\"https:\\\/\\\/schema.org\",\"@graph\":[{\"@type\":\"WebPage\",\"@id\":\"https:\\\/\\\/www.clubarbitraje.com\\\/grupos\\\/comision-para-la-inclusion-de-la-discapacidad-en-el-arbitraje\\\/miembros-cea-con-discapacidad\\\/\",\"url\":\"https:\\\/\\\/www.clubarbitraje.com\\\/grupos\\\/comision-para-la-inclusion-de-la-discapacidad-en-el-arbitraje\\\/miembros-cea-con-discapacidad\\\/\",\"name\":\"MEMBROS DO CEIA COM DEFICI\u00caNCIA - CEIA \u2013 CLUB ESPA\u00d1OL E IBEROAMERICANO DEL ARBITRAJE\",\"isPartOf\":{\"@id\":\"https:\\\/\\\/www.clubarbitraje.com\\\/#website\"},\"datePublished\":\"2023-01-02T09:35:45+00:00\",\"dateModified\":\"2026-04-24T08:15:20+00:00\",\"description\":\"CEA, Club Espa\u00f1ol del Arbitraje, asociaci\u00f3n sin \u00e1nimo de lucro cuyo objetivo es promover el arbitraje como m\u00e9todo de resoluci\u00f3n de conflictos.\",\"breadcrumb\":{\"@id\":\"https:\\\/\\\/www.clubarbitraje.com\\\/grupos\\\/comision-para-la-inclusion-de-la-discapacidad-en-el-arbitraje\\\/miembros-cea-con-discapacidad\\\/#breadcrumb\"},\"inLanguage\":\"pt-PT\",\"potentialAction\":[{\"@type\":\"ReadAction\",\"target\":[\"https:\\\/\\\/www.clubarbitraje.com\\\/grupos\\\/comision-para-la-inclusion-de-la-discapacidad-en-el-arbitraje\\\/miembros-cea-con-discapacidad\\\/\"]}]},{\"@type\":\"BreadcrumbList\",\"@id\":\"https:\\\/\\\/www.clubarbitraje.com\\\/grupos\\\/comision-para-la-inclusion-de-la-discapacidad-en-el-arbitraje\\\/miembros-cea-con-discapacidad\\\/#breadcrumb\",\"itemListElement\":[{\"@type\":\"ListItem\",\"position\":1,\"name\":\"Portada\",\"item\":\"https:\\\/\\\/www.clubarbitraje.com\\\/pt-pt\\\/\"},{\"@type\":\"ListItem\",\"position\":2,\"name\":\"Grupos\",\"item\":\"https:\\\/\\\/www.clubarbitraje.com\\\/pt-pt\\\/grupos\\\/\"},{\"@type\":\"ListItem\",\"position\":3,\"name\":\"COMISS\u00c3O PARA A INCLUS\u00c3O DA DEFICI\u00caNCIA NA ARBITRAGEM\",\"item\":\"https:\\\/\\\/www.clubarbitraje.com\\\/pt-pt\\\/grupos\\\/comissao-para-a-inclusao-da-deficiencia-na-arbitragem\\\/\"},{\"@type\":\"ListItem\",\"position\":4,\"name\":\"MEMBROS DO CEIA COM DEFICI\u00caNCIA\"}]},{\"@type\":\"WebSite\",\"@id\":\"https:\\\/\\\/www.clubarbitraje.com\\\/#website\",\"url\":\"https:\\\/\\\/www.clubarbitraje.com\\\/\",\"name\":\"CEIA \u2013 CLUB ESPA\u00d1OL E IBEROAMERICANO DEL ARBITRAJE\",\"description\":\"CEIA, Club Espa\u00f1ol e Iberoamericano del Arbitraje, asociaci\u00f3n sin \u00e1nimo de lucro cuyo objetivo es promover el arbitraje como m\u00e9todo de resoluci\u00f3n de conflictos.\",\"potentialAction\":[{\"@type\":\"SearchAction\",\"target\":{\"@type\":\"EntryPoint\",\"urlTemplate\":\"https:\\\/\\\/www.clubarbitraje.com\\\/?s={search_term_string}\"},\"query-input\":{\"@type\":\"PropertyValueSpecification\",\"valueRequired\":true,\"valueName\":\"search_term_string\"}}],\"inLanguage\":\"pt-PT\"}]}<\/script>\n<!-- \/ Yoast SEO plugin. -->","yoast_head_json":{"title":"MEMBROS DO CEIA COM DEFICI\u00caNCIA - CEIA \u2013 CLUB ESPA\u00d1OL E IBEROAMERICANO DEL ARBITRAJE","description":"CEA, Club Espa\u00f1ol del Arbitraje, asociaci\u00f3n sin \u00e1nimo de lucro cuyo objetivo es promover el arbitraje como m\u00e9todo de resoluci\u00f3n de conflictos.","robots":{"index":"index","follow":"follow","max-snippet":"max-snippet:-1","max-image-preview":"max-image-preview:large","max-video-preview":"max-video-preview:-1"},"canonical":"https:\/\/www.clubarbitraje.com\/grupos\/comision-para-la-inclusion-de-la-discapacidad-en-el-arbitraje\/miembros-cea-con-discapacidad\/","og_locale":"pt_PT","og_type":"article","og_title":"MEMBROS DO CEIA COM DEFICI\u00caNCIA - CEIA \u2013 CLUB ESPA\u00d1OL E IBEROAMERICANO DEL ARBITRAJE","og_description":"CEA, Club Espa\u00f1ol del Arbitraje, asociaci\u00f3n sin \u00e1nimo de lucro cuyo objetivo es promover el arbitraje como m\u00e9todo de resoluci\u00f3n de conflictos.","og_url":"https:\/\/www.clubarbitraje.com\/grupos\/comision-para-la-inclusion-de-la-discapacidad-en-el-arbitraje\/miembros-cea-con-discapacidad\/","og_site_name":"CEIA \u2013 CLUB ESPA\u00d1OL E IBEROAMERICANO DEL ARBITRAJE","article_modified_time":"2026-04-24T08:15:20+00:00","twitter_card":"summary_large_image","twitter_misc":{"Tempo estimado de leitura":"1 minuto"},"schema":{"@context":"https:\/\/schema.org","@graph":[{"@type":"WebPage","@id":"https:\/\/www.clubarbitraje.com\/grupos\/comision-para-la-inclusion-de-la-discapacidad-en-el-arbitraje\/miembros-cea-con-discapacidad\/","url":"https:\/\/www.clubarbitraje.com\/grupos\/comision-para-la-inclusion-de-la-discapacidad-en-el-arbitraje\/miembros-cea-con-discapacidad\/","name":"MEMBROS DO CEIA COM DEFICI\u00caNCIA - CEIA \u2013 CLUB ESPA\u00d1OL E IBEROAMERICANO DEL ARBITRAJE","isPartOf":{"@id":"https:\/\/www.clubarbitraje.com\/#website"},"datePublished":"2023-01-02T09:35:45+00:00","dateModified":"2026-04-24T08:15:20+00:00","description":"CEA, Club Espa\u00f1ol del Arbitraje, asociaci\u00f3n sin \u00e1nimo de lucro cuyo objetivo es promover el arbitraje como m\u00e9todo de resoluci\u00f3n de conflictos.","breadcrumb":{"@id":"https:\/\/www.clubarbitraje.com\/grupos\/comision-para-la-inclusion-de-la-discapacidad-en-el-arbitraje\/miembros-cea-con-discapacidad\/#breadcrumb"},"inLanguage":"pt-PT","potentialAction":[{"@type":"ReadAction","target":["https:\/\/www.clubarbitraje.com\/grupos\/comision-para-la-inclusion-de-la-discapacidad-en-el-arbitraje\/miembros-cea-con-discapacidad\/"]}]},{"@type":"BreadcrumbList","@id":"https:\/\/www.clubarbitraje.com\/grupos\/comision-para-la-inclusion-de-la-discapacidad-en-el-arbitraje\/miembros-cea-con-discapacidad\/#breadcrumb","itemListElement":[{"@type":"ListItem","position":1,"name":"Portada","item":"https:\/\/www.clubarbitraje.com\/pt-pt\/"},{"@type":"ListItem","position":2,"name":"Grupos","item":"https:\/\/www.clubarbitraje.com\/pt-pt\/grupos\/"},{"@type":"ListItem","position":3,"name":"COMISS\u00c3O PARA A INCLUS\u00c3O DA DEFICI\u00caNCIA NA ARBITRAGEM","item":"https:\/\/www.clubarbitraje.com\/pt-pt\/grupos\/comissao-para-a-inclusao-da-deficiencia-na-arbitragem\/"},{"@type":"ListItem","position":4,"name":"MEMBROS DO CEIA COM DEFICI\u00caNCIA"}]},{"@type":"WebSite","@id":"https:\/\/www.clubarbitraje.com\/#website","url":"https:\/\/www.clubarbitraje.com\/","name":"CEIA \u2013 CLUB ESPA\u00d1OL E IBEROAMERICANO DEL ARBITRAJE","description":"CEIA, Club Espa\u00f1ol e Iberoamericano del Arbitraje, asociaci\u00f3n sin \u00e1nimo de lucro cuyo objetivo es promover el arbitraje como m\u00e9todo de resoluci\u00f3n de conflictos.","potentialAction":[{"@type":"SearchAction","target":{"@type":"EntryPoint","urlTemplate":"https:\/\/www.clubarbitraje.com\/?s={search_term_string}"},"query-input":{"@type":"PropertyValueSpecification","valueRequired":true,"valueName":"search_term_string"}}],"inLanguage":"pt-PT"}]}},"_links":{"self":[{"href":"https:\/\/www.clubarbitraje.com\/pt-pt\/wp-json\/wp\/v2\/pages\/12296","targetHints":{"allow":["GET"]}}],"collection":[{"href":"https:\/\/www.clubarbitraje.com\/pt-pt\/wp-json\/wp\/v2\/pages"}],"about":[{"href":"https:\/\/www.clubarbitraje.com\/pt-pt\/wp-json\/wp\/v2\/types\/page"}],"author":[{"embeddable":true,"href":"https:\/\/www.clubarbitraje.com\/pt-pt\/wp-json\/wp\/v2\/users\/3"}],"replies":[{"embeddable":true,"href":"https:\/\/www.clubarbitraje.com\/pt-pt\/wp-json\/wp\/v2\/comments?post=12296"}],"version-history":[{"count":3,"href":"https:\/\/www.clubarbitraje.com\/pt-pt\/wp-json\/wp\/v2\/pages\/12296\/revisions"}],"predecessor-version":[{"id":12312,"href":"https:\/\/www.clubarbitraje.com\/pt-pt\/wp-json\/wp\/v2\/pages\/12296\/revisions\/12312"}],"up":[{"embeddable":true,"href":"https:\/\/www.clubarbitraje.com\/pt-pt\/wp-json\/wp\/v2\/pages\/11271"}],"wp:attachment":[{"href":"https:\/\/www.clubarbitraje.com\/pt-pt\/wp-json\/wp\/v2\/media?parent=12296"}],"curies":[{"name":"wp","href":"https:\/\/api.w.org\/{rel}","templated":true}]}}