{"id":12263,"date":"2023-01-02T10:33:26","date_gmt":"2023-01-02T09:33:26","guid":{"rendered":"https:\/\/www.clubarbitraje.com\/grupos\/comissao-para-a-inclusao-da-deficiencia-na-arbitragem\/premios-cea-a-la-inclusion-de-la-discapacidad-en-el-arbitraje\/"},"modified":"2026-04-24T10:10:44","modified_gmt":"2026-04-24T08:10:44","slug":"premios-ceia-para-a-inclusao-da-deficiencia-na-arbitragem","status":"publish","type":"page","link":"https:\/\/www.clubarbitraje.com\/pt-pt\/grupos\/comissao-para-a-inclusao-da-deficiencia-na-arbitragem\/premios-ceia-para-a-inclusao-da-deficiencia-na-arbitragem\/","title":{"rendered":"PR\u00c9MIOS CEIA PARA A INCLUS\u00c3O DA DEFICI\u00caNCIA NA ARBITRAGEM"},"content":{"rendered":"<p>[et_pb_section fb_built=&#8221;1&#8243; _builder_version=&#8221;4.16&#8243; global_colors_info=&#8221;{}&#8221;][et_pb_row _builder_version=&#8221;4.16&#8243; global_colors_info=&#8221;{}&#8221;][et_pb_column type=&#8221;4_4&#8243; _builder_version=&#8221;4.16&#8243; custom_padding=&#8221;|||&#8221; global_colors_info=&#8221;{}&#8221; custom_padding__hover=&#8221;|||&#8221;][et_pb_text _builder_version=&#8221;4.21.0&#8243; locked=&#8221;off&#8221; global_colors_info=&#8221;{}&#8221;]<\/p>\n<h1>COMISI\u00d3N PARA LA INCLUSI\u00d3N DE LA DISCAPACIDAD EN EL ARBITRAJE<\/h1>\n<p>[\/et_pb_text][et_pb_code admin_label=&#8221;MENU_CINDA&#8221; _builder_version=&#8221;4.16&#8243; locked=&#8221;off&#8221; global_colors_info=&#8221;{}&#8221;]<div class=\"menu-menu_cinda-container\"><ul id=\"menu-menu_cinda\" class=\"myclass\"><li id=\"menu-item-7338\" class=\"menu-item menu-item-type-post_type menu-item-object-page menu-item-7338\"><a href=\"https:\/\/www.clubarbitraje.com\/grupos\/comision-para-la-inclusion-de-la-discapacidad-en-el-arbitraje\/quienes-somos-cinda\/\">QUEM SOMOS?<\/a><\/li>\n<li id=\"menu-item-7337\" class=\"menu-item menu-item-type-post_type menu-item-object-page menu-item-7337\"><a href=\"https:\/\/www.clubarbitraje.com\/grupos\/comision-para-la-inclusion-de-la-discapacidad-en-el-arbitraje\/compromiso-cea-cinda-para-la-inclusion-de-la-discapacidad-en-el-arbitraje\/\">COMPROMISSO CEIA-CINDA PARA A INCLUS\u00c3O DA DEFICI\u00caNCIA NA ARBITRAGEM<\/a><\/li>\n<li id=\"menu-item-7336\" class=\"menu-item menu-item-type-post_type menu-item-object-page menu-item-7336\"><a href=\"https:\/\/www.clubarbitraje.com\/grupos\/comision-para-la-inclusion-de-la-discapacidad-en-el-arbitraje\/premios-cea-a-la-inclusion-de-la-discapacidad-en-el-arbitraje\/\">PR\u00c9MIOS CEIA PARA A INCLUS\u00c3O DA DEFICI\u00caNCIA NA ARBITRAGEM<\/a><\/li>\n<li id=\"menu-item-7335\" class=\"menu-item menu-item-type-post_type menu-item-object-page menu-item-7335\"><a href=\"https:\/\/www.clubarbitraje.com\/grupos\/comision-para-la-inclusion-de-la-discapacidad-en-el-arbitraje\/miembros-cea-con-discapacidad\/\">MEMBROS DO CEIA COM DEFICI\u00caNCIA<\/a><\/li>\n<li id=\"menu-item-7339\" class=\"menu-item menu-item-type-post_type menu-item-object-page menu-item-7339\"><a href=\"https:\/\/www.clubarbitraje.com\/grupos\/comision-para-la-inclusion-de-la-discapacidad-en-el-arbitraje\/noticias-cinda\/\">Not\u00edcias CINDA<\/a><\/li>\n<\/ul><\/div>[\/et_pb_code][et_pb_text _builder_version=&#8221;4.21.0&#8243; hover_enabled=&#8221;0&#8243; global_colors_info=&#8221;{}&#8221; sticky_enabled=&#8221;0&#8243;]Todos os signat\u00e1rios do presente Compromisso ter\u00e3o direito a receber o Certificado CEIA de Reconhecimento do Compromisso com a Inclus\u00e3o da Defici\u00eancia na Arbitragem e Elimina\u00e7\u00e3o de Barreiras, que ser\u00e1 renovado anualmente ap\u00f3s a revis\u00e3o, por parte da CINDA, do cumprimento dos compromissos estabelecidos neste Compromisso. Poder\u00e3o igualmente comunicar externamente a posse do referido certificado e utilizar o seguinte identificador:<\/p>\n<p><img loading=\"lazy\" decoding=\"async\" class=\"wp-image-7300 size-full aligncenter\" src=\"https:\/\/www.clubarbitraje.com\/wp-content\/uploads\/2023\/01\/Logo_CiNDA-CEA-color@2x.png\" alt=\"\" width=\"624\" height=\"341\" srcset=\"https:\/\/www.clubarbitraje.com\/wp-content\/uploads\/2023\/01\/Logo_CiNDA-CEA-color@2x.png 624w, https:\/\/www.clubarbitraje.com\/wp-content\/uploads\/2023\/01\/Logo_CiNDA-CEA-color@2x-300x164.png 300w\" sizes=\"auto, (max-width: 624px) 100vw, 624px\" \/><\/p>\n<p>Do mesmo modo, ser\u00e3o eleg\u00edveis anualmente para o Pr\u00e9mio que ser\u00e1 atribu\u00eddo, nas categorias de Pessoa Coletiva e de Pessoa Singular, ao Maior Compromisso com a Inclus\u00e3o da Defici\u00eancia na Arbitragem e Elimina\u00e7\u00e3o de Barreiras, nas seguintes categorias: Institui\u00e7\u00e3o Arbitral; Escrit\u00f3rio de Advogados; Empresa de Forensic; e empresa utilizadora da arbitragem. Os pr\u00e9mios ser\u00e3o atribu\u00eddos \u00e0queles que mais tenham avan\u00e7ado, em cada ano, no cumprimento dos Objetivos do Compromisso. O J\u00fari ser\u00e1 composto por membros do CEIA-CINDA, que escolher\u00e3o os premiados por vota\u00e7\u00e3o direta entre os candidatos.[\/et_pb_text][\/et_pb_column][\/et_pb_row][\/et_pb_section]<\/p>\n","protected":false},"excerpt":{"rendered":"<p>COMISI\u00d3N PARA LA INCLUSI\u00d3N DE LA DISCAPACIDAD EN EL ARBITRAJE<div class=\"menu-menu_cinda-container\"><ul id=\"menu-menu_cinda-1\" class=\"myclass\"><li class=\"menu-item menu-item-type-post_type menu-item-object-page menu-item-7338\"><a href=\"https:\/\/www.clubarbitraje.com\/grupos\/comision-para-la-inclusion-de-la-discapacidad-en-el-arbitraje\/quienes-somos-cinda\/\">QUEM SOMOS?<\/a><\/li>\n<li class=\"menu-item menu-item-type-post_type menu-item-object-page menu-item-7337\"><a href=\"https:\/\/www.clubarbitraje.com\/grupos\/comision-para-la-inclusion-de-la-discapacidad-en-el-arbitraje\/compromiso-cea-cinda-para-la-inclusion-de-la-discapacidad-en-el-arbitraje\/\">COMPROMISSO CEIA-CINDA PARA A INCLUS\u00c3O DA DEFICI\u00caNCIA NA ARBITRAGEM<\/a><\/li>\n<li class=\"menu-item menu-item-type-post_type menu-item-object-page menu-item-7336\"><a href=\"https:\/\/www.clubarbitraje.com\/grupos\/comision-para-la-inclusion-de-la-discapacidad-en-el-arbitraje\/premios-cea-a-la-inclusion-de-la-discapacidad-en-el-arbitraje\/\">PR\u00c9MIOS CEIA PARA A INCLUS\u00c3O DA DEFICI\u00caNCIA NA ARBITRAGEM<\/a><\/li>\n<li class=\"menu-item menu-item-type-post_type menu-item-object-page menu-item-7335\"><a href=\"https:\/\/www.clubarbitraje.com\/grupos\/comision-para-la-inclusion-de-la-discapacidad-en-el-arbitraje\/miembros-cea-con-discapacidad\/\">MEMBROS DO CEIA COM DEFICI\u00caNCIA<\/a><\/li>\n<li class=\"menu-item menu-item-type-post_type menu-item-object-page menu-item-7339\"><a href=\"https:\/\/www.clubarbitraje.com\/grupos\/comision-para-la-inclusion-de-la-discapacidad-en-el-arbitraje\/noticias-cinda\/\">Not\u00edcias CINDA<\/a><\/li>\n<\/ul><\/div>Todos os signat\u00e1rios do presente Compromisso ter\u00e3o direito a receber o Certificado CEIA de Reconhecimento do...","protected":false},"author":3,"featured_media":0,"parent":11271,"menu_order":0,"comment_status":"closed","ping_status":"closed","template":"","meta":{"_acf_changed":false,"_et_pb_use_builder":"on","_et_pb_old_content":"","_et_gb_content_width":"","footnotes":""},"class_list":["post-12263","page","type-page","status-publish","hentry"],"acf":[],"yoast_head":"<!-- This site is optimized with the Yoast SEO plugin v27.4 - https:\/\/yoast.com\/product\/yoast-seo-wordpress\/ -->\n<title>PR\u00c9MIOS CEIA PARA A INCLUS\u00c3O DA DEFICI\u00caNCIA NA ARBITRAGEM - CEIA \u2013 CLUB ESPA\u00d1OL E IBEROAMERICANO DEL ARBITRAJE<\/title>\n<meta name=\"description\" content=\"CEA, Club Espa\u00f1ol del Arbitraje, asociaci\u00f3n sin \u00e1nimo de lucro cuyo objetivo es promover el arbitraje como m\u00e9todo de resoluci\u00f3n de conflictos.\" \/>\n<meta name=\"robots\" content=\"index, follow, max-snippet:-1, max-image-preview:large, max-video-preview:-1\" \/>\n<link rel=\"canonical\" href=\"https:\/\/www.clubarbitraje.com\/grupos\/comision-para-la-inclusion-de-la-discapacidad-en-el-arbitraje\/premios-cea-a-la-inclusion-de-la-discapacidad-en-el-arbitraje\/\" \/>\n<meta property=\"og:locale\" content=\"pt_PT\" \/>\n<meta property=\"og:type\" content=\"article\" \/>\n<meta property=\"og:title\" content=\"PR\u00c9MIOS CEIA PARA A INCLUS\u00c3O DA DEFICI\u00caNCIA NA ARBITRAGEM - CEIA \u2013 CLUB ESPA\u00d1OL E IBEROAMERICANO DEL ARBITRAJE\" \/>\n<meta property=\"og:description\" content=\"CEA, Club Espa\u00f1ol del Arbitraje, asociaci\u00f3n sin \u00e1nimo de lucro cuyo objetivo es promover el arbitraje como m\u00e9todo de resoluci\u00f3n de conflictos.\" \/>\n<meta property=\"og:url\" content=\"https:\/\/www.clubarbitraje.com\/grupos\/comision-para-la-inclusion-de-la-discapacidad-en-el-arbitraje\/premios-cea-a-la-inclusion-de-la-discapacidad-en-el-arbitraje\/\" \/>\n<meta property=\"og:site_name\" content=\"CEIA \u2013 CLUB ESPA\u00d1OL E IBEROAMERICANO DEL ARBITRAJE\" \/>\n<meta property=\"article:modified_time\" content=\"2026-04-24T08:10:44+00:00\" \/>\n<meta property=\"og:image\" content=\"https:\/\/www.clubarbitraje.com\/wp-content\/uploads\/2023\/01\/Logo_CiNDA-CEA-color@2x.png\" \/>\n\t<meta property=\"og:image:width\" content=\"624\" \/>\n\t<meta property=\"og:image:height\" content=\"341\" \/>\n\t<meta property=\"og:image:type\" content=\"image\/png\" \/>\n<meta name=\"twitter:card\" content=\"summary_large_image\" \/>\n<meta name=\"twitter:label1\" content=\"Tempo estimado de leitura\" \/>\n\t<meta name=\"twitter:data1\" content=\"1 minuto\" \/>\n<script type=\"application\/ld+json\" class=\"yoast-schema-graph\">{\"@context\":\"https:\\\/\\\/schema.org\",\"@graph\":[{\"@type\":\"WebPage\",\"@id\":\"https:\\\/\\\/www.clubarbitraje.com\\\/grupos\\\/comision-para-la-inclusion-de-la-discapacidad-en-el-arbitraje\\\/premios-cea-a-la-inclusion-de-la-discapacidad-en-el-arbitraje\\\/\",\"url\":\"https:\\\/\\\/www.clubarbitraje.com\\\/grupos\\\/comision-para-la-inclusion-de-la-discapacidad-en-el-arbitraje\\\/premios-cea-a-la-inclusion-de-la-discapacidad-en-el-arbitraje\\\/\",\"name\":\"PR\u00c9MIOS CEIA PARA A INCLUS\u00c3O DA DEFICI\u00caNCIA NA ARBITRAGEM - CEIA \u2013 CLUB ESPA\u00d1OL E IBEROAMERICANO DEL ARBITRAJE\",\"isPartOf\":{\"@id\":\"https:\\\/\\\/www.clubarbitraje.com\\\/#website\"},\"primaryImageOfPage\":{\"@id\":\"https:\\\/\\\/www.clubarbitraje.com\\\/grupos\\\/comision-para-la-inclusion-de-la-discapacidad-en-el-arbitraje\\\/premios-cea-a-la-inclusion-de-la-discapacidad-en-el-arbitraje\\\/#primaryimage\"},\"image\":{\"@id\":\"https:\\\/\\\/www.clubarbitraje.com\\\/grupos\\\/comision-para-la-inclusion-de-la-discapacidad-en-el-arbitraje\\\/premios-cea-a-la-inclusion-de-la-discapacidad-en-el-arbitraje\\\/#primaryimage\"},\"thumbnailUrl\":\"https:\\\/\\\/www.clubarbitraje.com\\\/wp-content\\\/uploads\\\/2023\\\/01\\\/Logo_CiNDA-CEA-color@2x.png\",\"datePublished\":\"2023-01-02T09:33:26+00:00\",\"dateModified\":\"2026-04-24T08:10:44+00:00\",\"description\":\"CEA, Club Espa\u00f1ol del Arbitraje, asociaci\u00f3n sin \u00e1nimo de lucro cuyo objetivo es promover el arbitraje como m\u00e9todo de resoluci\u00f3n de conflictos.\",\"breadcrumb\":{\"@id\":\"https:\\\/\\\/www.clubarbitraje.com\\\/grupos\\\/comision-para-la-inclusion-de-la-discapacidad-en-el-arbitraje\\\/premios-cea-a-la-inclusion-de-la-discapacidad-en-el-arbitraje\\\/#breadcrumb\"},\"inLanguage\":\"pt-PT\",\"potentialAction\":[{\"@type\":\"ReadAction\",\"target\":[\"https:\\\/\\\/www.clubarbitraje.com\\\/grupos\\\/comision-para-la-inclusion-de-la-discapacidad-en-el-arbitraje\\\/premios-cea-a-la-inclusion-de-la-discapacidad-en-el-arbitraje\\\/\"]}]},{\"@type\":\"ImageObject\",\"inLanguage\":\"pt-PT\",\"@id\":\"https:\\\/\\\/www.clubarbitraje.com\\\/grupos\\\/comision-para-la-inclusion-de-la-discapacidad-en-el-arbitraje\\\/premios-cea-a-la-inclusion-de-la-discapacidad-en-el-arbitraje\\\/#primaryimage\",\"url\":\"https:\\\/\\\/www.clubarbitraje.com\\\/wp-content\\\/uploads\\\/2023\\\/01\\\/Logo_CiNDA-CEA-color@2x.png\",\"contentUrl\":\"https:\\\/\\\/www.clubarbitraje.com\\\/wp-content\\\/uploads\\\/2023\\\/01\\\/Logo_CiNDA-CEA-color@2x.png\"},{\"@type\":\"BreadcrumbList\",\"@id\":\"https:\\\/\\\/www.clubarbitraje.com\\\/grupos\\\/comision-para-la-inclusion-de-la-discapacidad-en-el-arbitraje\\\/premios-cea-a-la-inclusion-de-la-discapacidad-en-el-arbitraje\\\/#breadcrumb\",\"itemListElement\":[{\"@type\":\"ListItem\",\"position\":1,\"name\":\"Portada\",\"item\":\"https:\\\/\\\/www.clubarbitraje.com\\\/pt-pt\\\/\"},{\"@type\":\"ListItem\",\"position\":2,\"name\":\"Grupos\",\"item\":\"https:\\\/\\\/www.clubarbitraje.com\\\/pt-pt\\\/grupos\\\/\"},{\"@type\":\"ListItem\",\"position\":3,\"name\":\"COMISS\u00c3O PARA A INCLUS\u00c3O DA DEFICI\u00caNCIA NA ARBITRAGEM\",\"item\":\"https:\\\/\\\/www.clubarbitraje.com\\\/pt-pt\\\/grupos\\\/comissao-para-a-inclusao-da-deficiencia-na-arbitragem\\\/\"},{\"@type\":\"ListItem\",\"position\":4,\"name\":\"PR\u00c9MIOS CEIA PARA A INCLUS\u00c3O DA DEFICI\u00caNCIA NA ARBITRAGEM\"}]},{\"@type\":\"WebSite\",\"@id\":\"https:\\\/\\\/www.clubarbitraje.com\\\/#website\",\"url\":\"https:\\\/\\\/www.clubarbitraje.com\\\/\",\"name\":\"CEIA \u2013 CLUB ESPA\u00d1OL E IBEROAMERICANO DEL ARBITRAJE\",\"description\":\"CEIA, Club Espa\u00f1ol e Iberoamericano del Arbitraje, asociaci\u00f3n sin \u00e1nimo de lucro cuyo objetivo es promover el arbitraje como m\u00e9todo de resoluci\u00f3n de conflictos.\",\"potentialAction\":[{\"@type\":\"SearchAction\",\"target\":{\"@type\":\"EntryPoint\",\"urlTemplate\":\"https:\\\/\\\/www.clubarbitraje.com\\\/?s={search_term_string}\"},\"query-input\":{\"@type\":\"PropertyValueSpecification\",\"valueRequired\":true,\"valueName\":\"search_term_string\"}}],\"inLanguage\":\"pt-PT\"}]}<\/script>\n<!-- \/ Yoast SEO plugin. -->","yoast_head_json":{"title":"PR\u00c9MIOS CEIA PARA A INCLUS\u00c3O DA DEFICI\u00caNCIA NA ARBITRAGEM - CEIA \u2013 CLUB ESPA\u00d1OL E IBEROAMERICANO DEL ARBITRAJE","description":"CEA, Club Espa\u00f1ol del Arbitraje, asociaci\u00f3n sin \u00e1nimo de lucro cuyo objetivo es promover el arbitraje como m\u00e9todo de resoluci\u00f3n de conflictos.","robots":{"index":"index","follow":"follow","max-snippet":"max-snippet:-1","max-image-preview":"max-image-preview:large","max-video-preview":"max-video-preview:-1"},"canonical":"https:\/\/www.clubarbitraje.com\/grupos\/comision-para-la-inclusion-de-la-discapacidad-en-el-arbitraje\/premios-cea-a-la-inclusion-de-la-discapacidad-en-el-arbitraje\/","og_locale":"pt_PT","og_type":"article","og_title":"PR\u00c9MIOS CEIA PARA A INCLUS\u00c3O DA DEFICI\u00caNCIA NA ARBITRAGEM - CEIA \u2013 CLUB ESPA\u00d1OL E IBEROAMERICANO DEL ARBITRAJE","og_description":"CEA, Club Espa\u00f1ol del Arbitraje, asociaci\u00f3n sin \u00e1nimo de lucro cuyo objetivo es promover el arbitraje como m\u00e9todo de resoluci\u00f3n de conflictos.","og_url":"https:\/\/www.clubarbitraje.com\/grupos\/comision-para-la-inclusion-de-la-discapacidad-en-el-arbitraje\/premios-cea-a-la-inclusion-de-la-discapacidad-en-el-arbitraje\/","og_site_name":"CEIA \u2013 CLUB ESPA\u00d1OL E IBEROAMERICANO DEL ARBITRAJE","article_modified_time":"2026-04-24T08:10:44+00:00","og_image":[{"width":624,"height":341,"url":"https:\/\/www.clubarbitraje.com\/wp-content\/uploads\/2023\/01\/Logo_CiNDA-CEA-color@2x.png","type":"image\/png"}],"twitter_card":"summary_large_image","twitter_misc":{"Tempo estimado de leitura":"1 minuto"},"schema":{"@context":"https:\/\/schema.org","@graph":[{"@type":"WebPage","@id":"https:\/\/www.clubarbitraje.com\/grupos\/comision-para-la-inclusion-de-la-discapacidad-en-el-arbitraje\/premios-cea-a-la-inclusion-de-la-discapacidad-en-el-arbitraje\/","url":"https:\/\/www.clubarbitraje.com\/grupos\/comision-para-la-inclusion-de-la-discapacidad-en-el-arbitraje\/premios-cea-a-la-inclusion-de-la-discapacidad-en-el-arbitraje\/","name":"PR\u00c9MIOS CEIA PARA A INCLUS\u00c3O DA DEFICI\u00caNCIA NA ARBITRAGEM - CEIA \u2013 CLUB ESPA\u00d1OL E IBEROAMERICANO DEL ARBITRAJE","isPartOf":{"@id":"https:\/\/www.clubarbitraje.com\/#website"},"primaryImageOfPage":{"@id":"https:\/\/www.clubarbitraje.com\/grupos\/comision-para-la-inclusion-de-la-discapacidad-en-el-arbitraje\/premios-cea-a-la-inclusion-de-la-discapacidad-en-el-arbitraje\/#primaryimage"},"image":{"@id":"https:\/\/www.clubarbitraje.com\/grupos\/comision-para-la-inclusion-de-la-discapacidad-en-el-arbitraje\/premios-cea-a-la-inclusion-de-la-discapacidad-en-el-arbitraje\/#primaryimage"},"thumbnailUrl":"https:\/\/www.clubarbitraje.com\/wp-content\/uploads\/2023\/01\/Logo_CiNDA-CEA-color@2x.png","datePublished":"2023-01-02T09:33:26+00:00","dateModified":"2026-04-24T08:10:44+00:00","description":"CEA, Club Espa\u00f1ol del Arbitraje, asociaci\u00f3n sin \u00e1nimo de lucro cuyo objetivo es promover el arbitraje como m\u00e9todo de resoluci\u00f3n de conflictos.","breadcrumb":{"@id":"https:\/\/www.clubarbitraje.com\/grupos\/comision-para-la-inclusion-de-la-discapacidad-en-el-arbitraje\/premios-cea-a-la-inclusion-de-la-discapacidad-en-el-arbitraje\/#breadcrumb"},"inLanguage":"pt-PT","potentialAction":[{"@type":"ReadAction","target":["https:\/\/www.clubarbitraje.com\/grupos\/comision-para-la-inclusion-de-la-discapacidad-en-el-arbitraje\/premios-cea-a-la-inclusion-de-la-discapacidad-en-el-arbitraje\/"]}]},{"@type":"ImageObject","inLanguage":"pt-PT","@id":"https:\/\/www.clubarbitraje.com\/grupos\/comision-para-la-inclusion-de-la-discapacidad-en-el-arbitraje\/premios-cea-a-la-inclusion-de-la-discapacidad-en-el-arbitraje\/#primaryimage","url":"https:\/\/www.clubarbitraje.com\/wp-content\/uploads\/2023\/01\/Logo_CiNDA-CEA-color@2x.png","contentUrl":"https:\/\/www.clubarbitraje.com\/wp-content\/uploads\/2023\/01\/Logo_CiNDA-CEA-color@2x.png"},{"@type":"BreadcrumbList","@id":"https:\/\/www.clubarbitraje.com\/grupos\/comision-para-la-inclusion-de-la-discapacidad-en-el-arbitraje\/premios-cea-a-la-inclusion-de-la-discapacidad-en-el-arbitraje\/#breadcrumb","itemListElement":[{"@type":"ListItem","position":1,"name":"Portada","item":"https:\/\/www.clubarbitraje.com\/pt-pt\/"},{"@type":"ListItem","position":2,"name":"Grupos","item":"https:\/\/www.clubarbitraje.com\/pt-pt\/grupos\/"},{"@type":"ListItem","position":3,"name":"COMISS\u00c3O PARA A INCLUS\u00c3O DA DEFICI\u00caNCIA NA ARBITRAGEM","item":"https:\/\/www.clubarbitraje.com\/pt-pt\/grupos\/comissao-para-a-inclusao-da-deficiencia-na-arbitragem\/"},{"@type":"ListItem","position":4,"name":"PR\u00c9MIOS CEIA PARA A INCLUS\u00c3O DA DEFICI\u00caNCIA NA ARBITRAGEM"}]},{"@type":"WebSite","@id":"https:\/\/www.clubarbitraje.com\/#website","url":"https:\/\/www.clubarbitraje.com\/","name":"CEIA \u2013 CLUB ESPA\u00d1OL E IBEROAMERICANO DEL ARBITRAJE","description":"CEIA, Club Espa\u00f1ol e Iberoamericano del Arbitraje, asociaci\u00f3n sin \u00e1nimo de lucro cuyo objetivo es promover el arbitraje como m\u00e9todo de resoluci\u00f3n de conflictos.","potentialAction":[{"@type":"SearchAction","target":{"@type":"EntryPoint","urlTemplate":"https:\/\/www.clubarbitraje.com\/?s={search_term_string}"},"query-input":{"@type":"PropertyValueSpecification","valueRequired":true,"valueName":"search_term_string"}}],"inLanguage":"pt-PT"}]}},"_links":{"self":[{"href":"https:\/\/www.clubarbitraje.com\/pt-pt\/wp-json\/wp\/v2\/pages\/12263","targetHints":{"allow":["GET"]}}],"collection":[{"href":"https:\/\/www.clubarbitraje.com\/pt-pt\/wp-json\/wp\/v2\/pages"}],"about":[{"href":"https:\/\/www.clubarbitraje.com\/pt-pt\/wp-json\/wp\/v2\/types\/page"}],"author":[{"embeddable":true,"href":"https:\/\/www.clubarbitraje.com\/pt-pt\/wp-json\/wp\/v2\/users\/3"}],"replies":[{"embeddable":true,"href":"https:\/\/www.clubarbitraje.com\/pt-pt\/wp-json\/wp\/v2\/comments?post=12263"}],"version-history":[{"count":4,"href":"https:\/\/www.clubarbitraje.com\/pt-pt\/wp-json\/wp\/v2\/pages\/12263\/revisions"}],"predecessor-version":[{"id":12289,"href":"https:\/\/www.clubarbitraje.com\/pt-pt\/wp-json\/wp\/v2\/pages\/12263\/revisions\/12289"}],"up":[{"embeddable":true,"href":"https:\/\/www.clubarbitraje.com\/pt-pt\/wp-json\/wp\/v2\/pages\/11271"}],"wp:attachment":[{"href":"https:\/\/www.clubarbitraje.com\/pt-pt\/wp-json\/wp\/v2\/media?parent=12263"}],"curies":[{"name":"wp","href":"https:\/\/api.w.org\/{rel}","templated":true}]}}