{"id":12244,"date":"2023-01-02T10:22:56","date_gmt":"2023-01-02T09:22:56","guid":{"rendered":"https:\/\/www.clubarbitraje.com\/grupos\/comissao-para-a-inclusao-da-deficiencia-na-arbitragem\/compromiso-cea-cinda-para-la-inclusion-de-la-discapacidad-en-el-arbitraje\/"},"modified":"2026-04-24T10:23:17","modified_gmt":"2026-04-24T08:23:17","slug":"compromisso-ceia-cinda-para-a-inclusao-da-deficiencia-na-arbitragem","status":"publish","type":"page","link":"https:\/\/www.clubarbitraje.com\/pt-pt\/grupos\/comissao-para-a-inclusao-da-deficiencia-na-arbitragem\/compromisso-ceia-cinda-para-a-inclusao-da-deficiencia-na-arbitragem\/","title":{"rendered":"COMPROMISSO CEIA-CINDA PARA A INCLUS\u00c3O DA DEFICI\u00caNCIA NA ARBITRAGEM"},"content":{"rendered":"<p>[et_pb_section fb_built=&#8221;1&#8243; _builder_version=&#8221;4.16&#8243; global_colors_info=&#8221;{}&#8221;][et_pb_row _builder_version=&#8221;4.16&#8243; background_size=&#8221;initial&#8221; background_position=&#8221;top_left&#8221; background_repeat=&#8221;repeat&#8221; global_colors_info=&#8221;{}&#8221;][et_pb_column type=&#8221;4_4&#8243; _builder_version=&#8221;4.16&#8243; custom_padding=&#8221;|||&#8221; global_colors_info=&#8221;{}&#8221; custom_padding__hover=&#8221;|||&#8221;][et_pb_text _builder_version=&#8221;4.21.0&#8243; locked=&#8221;off&#8221; global_colors_info=&#8221;{}&#8221;]<\/p>\n<h1>COMISS\u00c3O PARA A INCLUS\u00c3O DA DEFICI\u00caNCIA NA ARBITRAGEM<\/h1>\n<p>[\/et_pb_text][et_pb_code admin_label=&#8221;MENU_CINDA&#8221; _builder_version=&#8221;4.16&#8243; locked=&#8221;off&#8221; global_colors_info=&#8221;{}&#8221;]<div class=\"menu-menu_cinda-container\"><ul id=\"menu-menu_cinda\" class=\"myclass\"><li id=\"menu-item-7338\" class=\"menu-item menu-item-type-post_type menu-item-object-page menu-item-7338\"><a href=\"https:\/\/www.clubarbitraje.com\/grupos\/comision-para-la-inclusion-de-la-discapacidad-en-el-arbitraje\/quienes-somos-cinda\/\">QUEM SOMOS?<\/a><\/li>\n<li id=\"menu-item-7337\" class=\"menu-item menu-item-type-post_type menu-item-object-page menu-item-7337\"><a href=\"https:\/\/www.clubarbitraje.com\/grupos\/comision-para-la-inclusion-de-la-discapacidad-en-el-arbitraje\/compromiso-cea-cinda-para-la-inclusion-de-la-discapacidad-en-el-arbitraje\/\">COMPROMISSO CEIA-CINDA PARA A INCLUS\u00c3O DA DEFICI\u00caNCIA NA ARBITRAGEM<\/a><\/li>\n<li id=\"menu-item-7336\" class=\"menu-item menu-item-type-post_type menu-item-object-page menu-item-7336\"><a href=\"https:\/\/www.clubarbitraje.com\/grupos\/comision-para-la-inclusion-de-la-discapacidad-en-el-arbitraje\/premios-cea-a-la-inclusion-de-la-discapacidad-en-el-arbitraje\/\">PR\u00c9MIOS CEIA PARA A INCLUS\u00c3O DA DEFICI\u00caNCIA NA ARBITRAGEM<\/a><\/li>\n<li id=\"menu-item-7335\" class=\"menu-item menu-item-type-post_type menu-item-object-page menu-item-7335\"><a href=\"https:\/\/www.clubarbitraje.com\/grupos\/comision-para-la-inclusion-de-la-discapacidad-en-el-arbitraje\/miembros-cea-con-discapacidad\/\">MEMBROS DO CEIA COM DEFICI\u00caNCIA<\/a><\/li>\n<li id=\"menu-item-7339\" class=\"menu-item menu-item-type-post_type menu-item-object-page menu-item-7339\"><a href=\"https:\/\/www.clubarbitraje.com\/grupos\/comision-para-la-inclusion-de-la-discapacidad-en-el-arbitraje\/noticias-cinda\/\">Not\u00edcias CINDA<\/a><\/li>\n<\/ul><\/div>[\/et_pb_code][et_pb_text _builder_version=&#8221;4.21.0&#8243; background_size=&#8221;initial&#8221; background_position=&#8221;top_left&#8221; background_repeat=&#8221;repeat&#8221; global_colors_info=&#8221;{}&#8221;]Todos aqueles intervenientes do mundo arbitral que queiram demonstrar publicamente o seu compromisso com a inclus\u00e3o da defici\u00eancia na arbitragem devem subscrever o \u201cCompromisso CEIA-CINDA para a Inclus\u00e3o da Defici\u00eancia na Arbitragem\u201d.<\/p>\n<p>Todos os signat\u00e1rios do referido Compromisso comprometem-se a:<\/p>\n<ol>\n<li>Promover e facilitar a integra\u00e7\u00e3o de pessoas com defici\u00eancia na arbitragem, sem qualquer tipo de discrimina\u00e7\u00e3o.<\/li>\n<li>Eliminar todo o tipo de barreiras f\u00edsicas para facilitar essa plena integra\u00e7\u00e3o, bem como implementar os meios t\u00e9cnicos que promovam a sua inclus\u00e3o.<\/li>\n<li>Tudo isto ao servi\u00e7o do compromisso-objetivo de aumentar a participa\u00e7\u00e3o de pessoas com defici\u00eancia nas diversas fun\u00e7\u00f5es pr\u00f3prias da arbitragem (partes, \u00e1rbitros, advogados das partes, peritos e testemunhas).<\/li>\n<li>Fornecer anualmente \u00e0 CINDA, atrav\u00e9s dos formul\u00e1rios oficiais da CINDA, informa\u00e7\u00e3o que demonstre o grau real de cumprimento da pol\u00edtica de inclus\u00e3o e que sirva de base para a defini\u00e7\u00e3o, no momento oportuno, de objetivos quantitativos realistas e equilibrados.<\/li>\n<\/ol>\n<p>[\/et_pb_text][\/et_pb_column][\/et_pb_row][et_pb_row column_structure=&#8221;1_2,1_2&#8243; _builder_version=&#8221;4.16&#8243; global_colors_info=&#8221;{}&#8221;][et_pb_column type=&#8221;1_2&#8243; _builder_version=&#8221;4.16&#8243; custom_padding=&#8221;|||&#8221; global_colors_info=&#8221;{}&#8221; custom_padding__hover=&#8221;|||&#8221;][et_pb_button button_url=&#8221;https:\/\/drive.google.com\/file\/d\/1dWx9E12siYoZ_9ozonJ3ypJgnm8AN4ZJ\/view&#8221; url_new_window=&#8221;on&#8221; button_text=&#8221;Ler Compromisso&#8221; admin_label=&#8221;leer_compromiso&#8221; _builder_version=&#8221;4.21.0&#8243; global_colors_info=&#8221;{}&#8221;][\/et_pb_button][\/et_pb_column][et_pb_column type=&#8221;1_2&#8243; _builder_version=&#8221;4.16&#8243; custom_padding=&#8221;|||&#8221; global_colors_info=&#8221;{}&#8221; custom_padding__hover=&#8221;|||&#8221;][et_pb_button button_url=&#8221;https:\/\/docs.google.com\/forms\/d\/e\/1FAIpQLSftVngvhlaBWJeqlUG5cGAw67DiYATmV43_TXGiNfC8kuTvVw\/viewform?usp=share_link&#8221; url_new_window=&#8221;on&#8221; button_text=&#8221;Assinar Compromisso&#8221; admin_label=&#8221;firmar consentimiento&#8221; _builder_version=&#8221;4.21.0&#8243; global_colors_info=&#8221;{}&#8221;][\/et_pb_button][\/et_pb_column][\/et_pb_row][\/et_pb_section]<\/p>\n","protected":false},"excerpt":{"rendered":"<p>COMISS\u00c3O PARA A INCLUS\u00c3O DA DEFICI\u00caNCIA NA ARBITRAGEM<div class=\"menu-menu_cinda-container\"><ul id=\"menu-menu_cinda-1\" class=\"myclass\"><li class=\"menu-item menu-item-type-post_type menu-item-object-page menu-item-7338\"><a href=\"https:\/\/www.clubarbitraje.com\/grupos\/comision-para-la-inclusion-de-la-discapacidad-en-el-arbitraje\/quienes-somos-cinda\/\">QUEM SOMOS?<\/a><\/li>\n<li class=\"menu-item menu-item-type-post_type menu-item-object-page menu-item-7337\"><a href=\"https:\/\/www.clubarbitraje.com\/grupos\/comision-para-la-inclusion-de-la-discapacidad-en-el-arbitraje\/compromiso-cea-cinda-para-la-inclusion-de-la-discapacidad-en-el-arbitraje\/\">COMPROMISSO CEIA-CINDA PARA A INCLUS\u00c3O DA DEFICI\u00caNCIA NA ARBITRAGEM<\/a><\/li>\n<li class=\"menu-item menu-item-type-post_type menu-item-object-page menu-item-7336\"><a href=\"https:\/\/www.clubarbitraje.com\/grupos\/comision-para-la-inclusion-de-la-discapacidad-en-el-arbitraje\/premios-cea-a-la-inclusion-de-la-discapacidad-en-el-arbitraje\/\">PR\u00c9MIOS CEIA PARA A INCLUS\u00c3O DA DEFICI\u00caNCIA NA ARBITRAGEM<\/a><\/li>\n<li class=\"menu-item menu-item-type-post_type menu-item-object-page menu-item-7335\"><a href=\"https:\/\/www.clubarbitraje.com\/grupos\/comision-para-la-inclusion-de-la-discapacidad-en-el-arbitraje\/miembros-cea-con-discapacidad\/\">MEMBROS DO CEIA COM DEFICI\u00caNCIA<\/a><\/li>\n<li class=\"menu-item menu-item-type-post_type menu-item-object-page menu-item-7339\"><a href=\"https:\/\/www.clubarbitraje.com\/grupos\/comision-para-la-inclusion-de-la-discapacidad-en-el-arbitraje\/noticias-cinda\/\">Not\u00edcias CINDA<\/a><\/li>\n<\/ul><\/div>Todos aqueles intervenientes do mundo arbitral que queiram demonstrar publicamente o seu compromisso com a inclus\u00e3o da...","protected":false},"author":3,"featured_media":0,"parent":11271,"menu_order":0,"comment_status":"closed","ping_status":"closed","template":"","meta":{"_acf_changed":false,"_et_pb_use_builder":"on","_et_pb_old_content":"<span style=\"font-weight: 400;\">Todos aquellos actores del mundo arbitral que quieran demostrar p\u00fablicamente su compromiso con la inclusi\u00f3n de la discapacidad en el arbitraje deben suscribir el \u201cCompromiso CEA-CINDA para la Inclusi\u00f3n de la Discapacidad en el Arbitraje\u201d.<\/span>\r\n\r\n<span style=\"font-weight: 400;\">Todos los firmantes del citados Compromiso se obligan a:<\/span>\r\n<ol>\r\n \t<li style=\"font-weight: 400;\" aria-level=\"1\"><span style=\"font-weight: 400;\">Promover y facilitar la incorporaci\u00f3n de personas con discapacidad en el arbitraje, sin discriminaci\u00f3n de ning\u00fan tipo.<\/span><\/li>\r\n \t<li style=\"font-weight: 400;\" aria-level=\"1\"><span style=\"font-weight: 400;\">Eliminar todo tipo de barreras f\u00edsicas para facilitar esa plena incorporaci\u00f3n, as\u00ed como implementar los medios t\u00e9cnicos que faciliten su inclusi\u00f3n.<\/span><\/li>\r\n \t<li style=\"font-weight: 400;\" aria-level=\"1\"><span style=\"font-weight: 400;\">Todo ello al servicio del compromiso-objetivo de incrementar la participaci\u00f3n de personas con discapacidad en las distintas tareas propias del arbitraje (partes, \u00e1rbitros, abogados de parte, peritos y testigos).<\/span><\/li>\r\n \t<li style=\"font-weight: 400;\" aria-level=\"1\"><span style=\"font-weight: 400;\">Facilitar anualmente a la CINDA, mediante los formularios oficiales de la CINDA, informaci\u00f3n que muestre el grado real de cumplimiento con la pol\u00edtica de inclusi\u00f3n; y que sirva de base para\u00a0 la fijaci\u00f3n, en su momento, de objetivos cuantitativos realistas y ponderados.<\/span><\/li>\r\n<\/ol>","_et_gb_content_width":"","footnotes":""},"class_list":["post-12244","page","type-page","status-publish","hentry"],"acf":[],"yoast_head":"<!-- This site is optimized with the Yoast SEO plugin v27.4 - https:\/\/yoast.com\/product\/yoast-seo-wordpress\/ -->\n<title>COMPROMISSO CEIA-CINDA PARA A INCLUS\u00c3O DA DEFICI\u00caNCIA NA ARBITRAGEM - CEIA \u2013 CLUB ESPA\u00d1OL E IBEROAMERICANO DEL ARBITRAJE<\/title>\n<meta name=\"description\" content=\"CEA, Club Espa\u00f1ol del Arbitraje, asociaci\u00f3n sin \u00e1nimo de lucro cuyo objetivo es promover el arbitraje como m\u00e9todo de resoluci\u00f3n de conflictos.\" \/>\n<meta name=\"robots\" content=\"index, follow, max-snippet:-1, max-image-preview:large, max-video-preview:-1\" \/>\n<link rel=\"canonical\" href=\"https:\/\/www.clubarbitraje.com\/pt-pt\/grupos\/comissao-para-a-inclusao-da-deficiencia-na-arbitragem\/compromisso-ceia-cinda-para-a-inclusao-da-deficiencia-na-arbitragem\/\" \/>\n<meta property=\"og:locale\" content=\"pt_PT\" \/>\n<meta property=\"og:type\" content=\"article\" \/>\n<meta property=\"og:title\" content=\"COMPROMISSO CEIA-CINDA PARA A INCLUS\u00c3O DA DEFICI\u00caNCIA NA ARBITRAGEM - CEIA \u2013 CLUB ESPA\u00d1OL E IBEROAMERICANO DEL ARBITRAJE\" \/>\n<meta property=\"og:description\" content=\"CEA, Club Espa\u00f1ol del Arbitraje, asociaci\u00f3n sin \u00e1nimo de lucro cuyo objetivo es promover el arbitraje como m\u00e9todo de resoluci\u00f3n de conflictos.\" \/>\n<meta property=\"og:url\" content=\"https:\/\/www.clubarbitraje.com\/pt-pt\/grupos\/comissao-para-a-inclusao-da-deficiencia-na-arbitragem\/compromisso-ceia-cinda-para-a-inclusao-da-deficiencia-na-arbitragem\/\" \/>\n<meta property=\"og:site_name\" content=\"CEIA \u2013 CLUB ESPA\u00d1OL E IBEROAMERICANO DEL ARBITRAJE\" \/>\n<meta property=\"article:modified_time\" content=\"2026-04-24T08:23:17+00:00\" \/>\n<meta name=\"twitter:card\" content=\"summary_large_image\" \/>\n<meta name=\"twitter:label1\" content=\"Tempo estimado de leitura\" \/>\n\t<meta name=\"twitter:data1\" content=\"2 minutos\" \/>\n<script type=\"application\/ld+json\" class=\"yoast-schema-graph\">{\"@context\":\"https:\\\/\\\/schema.org\",\"@graph\":[{\"@type\":\"WebPage\",\"@id\":\"https:\\\/\\\/www.clubarbitraje.com\\\/pt-pt\\\/grupos\\\/comissao-para-a-inclusao-da-deficiencia-na-arbitragem\\\/compromisso-ceia-cinda-para-a-inclusao-da-deficiencia-na-arbitragem\\\/\",\"url\":\"https:\\\/\\\/www.clubarbitraje.com\\\/pt-pt\\\/grupos\\\/comissao-para-a-inclusao-da-deficiencia-na-arbitragem\\\/compromisso-ceia-cinda-para-a-inclusao-da-deficiencia-na-arbitragem\\\/\",\"name\":\"COMPROMISSO CEIA-CINDA PARA A INCLUS\u00c3O DA DEFICI\u00caNCIA NA ARBITRAGEM - CEIA \u2013 CLUB ESPA\u00d1OL E IBEROAMERICANO DEL ARBITRAJE\",\"isPartOf\":{\"@id\":\"https:\\\/\\\/www.clubarbitraje.com\\\/#website\"},\"datePublished\":\"2023-01-02T09:22:56+00:00\",\"dateModified\":\"2026-04-24T08:23:17+00:00\",\"description\":\"CEA, Club Espa\u00f1ol del Arbitraje, asociaci\u00f3n sin \u00e1nimo de lucro cuyo objetivo es promover el arbitraje como m\u00e9todo de resoluci\u00f3n de conflictos.\",\"breadcrumb\":{\"@id\":\"https:\\\/\\\/www.clubarbitraje.com\\\/pt-pt\\\/grupos\\\/comissao-para-a-inclusao-da-deficiencia-na-arbitragem\\\/compromisso-ceia-cinda-para-a-inclusao-da-deficiencia-na-arbitragem\\\/#breadcrumb\"},\"inLanguage\":\"pt-PT\",\"potentialAction\":[{\"@type\":\"ReadAction\",\"target\":[\"https:\\\/\\\/www.clubarbitraje.com\\\/pt-pt\\\/grupos\\\/comissao-para-a-inclusao-da-deficiencia-na-arbitragem\\\/compromisso-ceia-cinda-para-a-inclusao-da-deficiencia-na-arbitragem\\\/\"]}]},{\"@type\":\"BreadcrumbList\",\"@id\":\"https:\\\/\\\/www.clubarbitraje.com\\\/pt-pt\\\/grupos\\\/comissao-para-a-inclusao-da-deficiencia-na-arbitragem\\\/compromisso-ceia-cinda-para-a-inclusao-da-deficiencia-na-arbitragem\\\/#breadcrumb\",\"itemListElement\":[{\"@type\":\"ListItem\",\"position\":1,\"name\":\"Portada\",\"item\":\"https:\\\/\\\/www.clubarbitraje.com\\\/pt-pt\\\/\"},{\"@type\":\"ListItem\",\"position\":2,\"name\":\"Grupos\",\"item\":\"https:\\\/\\\/www.clubarbitraje.com\\\/pt-pt\\\/grupos\\\/\"},{\"@type\":\"ListItem\",\"position\":3,\"name\":\"COMISS\u00c3O PARA A INCLUS\u00c3O DA DEFICI\u00caNCIA NA ARBITRAGEM\",\"item\":\"https:\\\/\\\/www.clubarbitraje.com\\\/pt-pt\\\/grupos\\\/comissao-para-a-inclusao-da-deficiencia-na-arbitragem\\\/\"},{\"@type\":\"ListItem\",\"position\":4,\"name\":\"COMPROMISSO CEIA-CINDA PARA A INCLUS\u00c3O DA DEFICI\u00caNCIA NA ARBITRAGEM\"}]},{\"@type\":\"WebSite\",\"@id\":\"https:\\\/\\\/www.clubarbitraje.com\\\/#website\",\"url\":\"https:\\\/\\\/www.clubarbitraje.com\\\/\",\"name\":\"CEIA \u2013 CLUB ESPA\u00d1OL E IBEROAMERICANO DEL ARBITRAJE\",\"description\":\"CEIA, Club Espa\u00f1ol e Iberoamericano del Arbitraje, asociaci\u00f3n sin \u00e1nimo de lucro cuyo objetivo es promover el arbitraje como m\u00e9todo de resoluci\u00f3n de conflictos.\",\"potentialAction\":[{\"@type\":\"SearchAction\",\"target\":{\"@type\":\"EntryPoint\",\"urlTemplate\":\"https:\\\/\\\/www.clubarbitraje.com\\\/?s={search_term_string}\"},\"query-input\":{\"@type\":\"PropertyValueSpecification\",\"valueRequired\":true,\"valueName\":\"search_term_string\"}}],\"inLanguage\":\"pt-PT\"}]}<\/script>\n<!-- \/ Yoast SEO plugin. -->","yoast_head_json":{"title":"COMPROMISSO CEIA-CINDA PARA A INCLUS\u00c3O DA DEFICI\u00caNCIA NA ARBITRAGEM - CEIA \u2013 CLUB ESPA\u00d1OL E IBEROAMERICANO DEL ARBITRAJE","description":"CEA, Club Espa\u00f1ol del Arbitraje, asociaci\u00f3n sin \u00e1nimo de lucro cuyo objetivo es promover el arbitraje como m\u00e9todo de resoluci\u00f3n de conflictos.","robots":{"index":"index","follow":"follow","max-snippet":"max-snippet:-1","max-image-preview":"max-image-preview:large","max-video-preview":"max-video-preview:-1"},"canonical":"https:\/\/www.clubarbitraje.com\/pt-pt\/grupos\/comissao-para-a-inclusao-da-deficiencia-na-arbitragem\/compromisso-ceia-cinda-para-a-inclusao-da-deficiencia-na-arbitragem\/","og_locale":"pt_PT","og_type":"article","og_title":"COMPROMISSO CEIA-CINDA PARA A INCLUS\u00c3O DA DEFICI\u00caNCIA NA ARBITRAGEM - CEIA \u2013 CLUB ESPA\u00d1OL E IBEROAMERICANO DEL ARBITRAJE","og_description":"CEA, Club Espa\u00f1ol del Arbitraje, asociaci\u00f3n sin \u00e1nimo de lucro cuyo objetivo es promover el arbitraje como m\u00e9todo de resoluci\u00f3n de conflictos.","og_url":"https:\/\/www.clubarbitraje.com\/pt-pt\/grupos\/comissao-para-a-inclusao-da-deficiencia-na-arbitragem\/compromisso-ceia-cinda-para-a-inclusao-da-deficiencia-na-arbitragem\/","og_site_name":"CEIA \u2013 CLUB ESPA\u00d1OL E IBEROAMERICANO DEL ARBITRAJE","article_modified_time":"2026-04-24T08:23:17+00:00","twitter_card":"summary_large_image","twitter_misc":{"Tempo estimado de leitura":"2 minutos"},"schema":{"@context":"https:\/\/schema.org","@graph":[{"@type":"WebPage","@id":"https:\/\/www.clubarbitraje.com\/pt-pt\/grupos\/comissao-para-a-inclusao-da-deficiencia-na-arbitragem\/compromisso-ceia-cinda-para-a-inclusao-da-deficiencia-na-arbitragem\/","url":"https:\/\/www.clubarbitraje.com\/pt-pt\/grupos\/comissao-para-a-inclusao-da-deficiencia-na-arbitragem\/compromisso-ceia-cinda-para-a-inclusao-da-deficiencia-na-arbitragem\/","name":"COMPROMISSO CEIA-CINDA PARA A INCLUS\u00c3O DA DEFICI\u00caNCIA NA ARBITRAGEM - CEIA \u2013 CLUB ESPA\u00d1OL E IBEROAMERICANO DEL ARBITRAJE","isPartOf":{"@id":"https:\/\/www.clubarbitraje.com\/#website"},"datePublished":"2023-01-02T09:22:56+00:00","dateModified":"2026-04-24T08:23:17+00:00","description":"CEA, Club Espa\u00f1ol del Arbitraje, asociaci\u00f3n sin \u00e1nimo de lucro cuyo objetivo es promover el arbitraje como m\u00e9todo de resoluci\u00f3n de conflictos.","breadcrumb":{"@id":"https:\/\/www.clubarbitraje.com\/pt-pt\/grupos\/comissao-para-a-inclusao-da-deficiencia-na-arbitragem\/compromisso-ceia-cinda-para-a-inclusao-da-deficiencia-na-arbitragem\/#breadcrumb"},"inLanguage":"pt-PT","potentialAction":[{"@type":"ReadAction","target":["https:\/\/www.clubarbitraje.com\/pt-pt\/grupos\/comissao-para-a-inclusao-da-deficiencia-na-arbitragem\/compromisso-ceia-cinda-para-a-inclusao-da-deficiencia-na-arbitragem\/"]}]},{"@type":"BreadcrumbList","@id":"https:\/\/www.clubarbitraje.com\/pt-pt\/grupos\/comissao-para-a-inclusao-da-deficiencia-na-arbitragem\/compromisso-ceia-cinda-para-a-inclusao-da-deficiencia-na-arbitragem\/#breadcrumb","itemListElement":[{"@type":"ListItem","position":1,"name":"Portada","item":"https:\/\/www.clubarbitraje.com\/pt-pt\/"},{"@type":"ListItem","position":2,"name":"Grupos","item":"https:\/\/www.clubarbitraje.com\/pt-pt\/grupos\/"},{"@type":"ListItem","position":3,"name":"COMISS\u00c3O PARA A INCLUS\u00c3O DA DEFICI\u00caNCIA NA ARBITRAGEM","item":"https:\/\/www.clubarbitraje.com\/pt-pt\/grupos\/comissao-para-a-inclusao-da-deficiencia-na-arbitragem\/"},{"@type":"ListItem","position":4,"name":"COMPROMISSO CEIA-CINDA PARA A INCLUS\u00c3O DA DEFICI\u00caNCIA NA ARBITRAGEM"}]},{"@type":"WebSite","@id":"https:\/\/www.clubarbitraje.com\/#website","url":"https:\/\/www.clubarbitraje.com\/","name":"CEIA \u2013 CLUB ESPA\u00d1OL E IBEROAMERICANO DEL ARBITRAJE","description":"CEIA, Club Espa\u00f1ol e Iberoamericano del Arbitraje, asociaci\u00f3n sin \u00e1nimo de lucro cuyo objetivo es promover el arbitraje como m\u00e9todo de resoluci\u00f3n de conflictos.","potentialAction":[{"@type":"SearchAction","target":{"@type":"EntryPoint","urlTemplate":"https:\/\/www.clubarbitraje.com\/?s={search_term_string}"},"query-input":{"@type":"PropertyValueSpecification","valueRequired":true,"valueName":"search_term_string"}}],"inLanguage":"pt-PT"}]}},"_links":{"self":[{"href":"https:\/\/www.clubarbitraje.com\/pt-pt\/wp-json\/wp\/v2\/pages\/12244","targetHints":{"allow":["GET"]}}],"collection":[{"href":"https:\/\/www.clubarbitraje.com\/pt-pt\/wp-json\/wp\/v2\/pages"}],"about":[{"href":"https:\/\/www.clubarbitraje.com\/pt-pt\/wp-json\/wp\/v2\/types\/page"}],"author":[{"embeddable":true,"href":"https:\/\/www.clubarbitraje.com\/pt-pt\/wp-json\/wp\/v2\/users\/3"}],"replies":[{"embeddable":true,"href":"https:\/\/www.clubarbitraje.com\/pt-pt\/wp-json\/wp\/v2\/comments?post=12244"}],"version-history":[{"count":4,"href":"https:\/\/www.clubarbitraje.com\/pt-pt\/wp-json\/wp\/v2\/pages\/12244\/revisions"}],"predecessor-version":[{"id":12324,"href":"https:\/\/www.clubarbitraje.com\/pt-pt\/wp-json\/wp\/v2\/pages\/12244\/revisions\/12324"}],"up":[{"embeddable":true,"href":"https:\/\/www.clubarbitraje.com\/pt-pt\/wp-json\/wp\/v2\/pages\/11271"}],"wp:attachment":[{"href":"https:\/\/www.clubarbitraje.com\/pt-pt\/wp-json\/wp\/v2\/media?parent=12244"}],"curies":[{"name":"wp","href":"https:\/\/api.w.org\/{rel}","templated":true}]}}