{"id":12219,"date":"2023-01-02T10:21:49","date_gmt":"2023-01-02T09:21:49","guid":{"rendered":"https:\/\/www.clubarbitraje.com\/grupos\/comissao-para-a-inclusao-da-deficiencia-na-arbitragem\/quienes-somos-cinda\/"},"modified":"2026-04-23T20:54:19","modified_gmt":"2026-04-23T18:54:19","slug":"quem-somos-cinda","status":"publish","type":"page","link":"https:\/\/www.clubarbitraje.com\/pt-pt\/grupos\/comissao-para-a-inclusao-da-deficiencia-na-arbitragem\/quem-somos-cinda\/","title":{"rendered":"QUEM SOMOS?"},"content":{"rendered":"<p>[et_pb_section fb_built=&#8221;1&#8243; _builder_version=&#8221;4.16&#8243; global_colors_info=&#8221;{}&#8221;][et_pb_row _builder_version=&#8221;4.16&#8243; background_size=&#8221;initial&#8221; background_position=&#8221;top_left&#8221; background_repeat=&#8221;repeat&#8221; global_colors_info=&#8221;{}&#8221;][et_pb_column type=&#8221;4_4&#8243; _builder_version=&#8221;4.16&#8243; custom_padding=&#8221;|||&#8221; global_colors_info=&#8221;{}&#8221; custom_padding__hover=&#8221;|||&#8221;][et_pb_text _builder_version=&#8221;4.21.0&#8243; global_colors_info=&#8221;{}&#8221;]<\/p>\n<h1>COMISS\u00c3O PARA A INCLUS\u00c3O DA DEFICI\u00caNCIA NA ARBITRAGEM<\/h1>\n<p>[\/et_pb_text][et_pb_code _builder_version=&#8221;4.16&#8243; hover_enabled=&#8221;0&#8243; global_colors_info=&#8221;{}&#8221; sticky_enabled=&#8221;0&#8243;]<div class=\"menu-menu_cinda-container\"><ul id=\"menu-menu_cinda\" class=\"myclass\"><li id=\"menu-item-7338\" class=\"menu-item menu-item-type-post_type menu-item-object-page menu-item-7338\"><a href=\"https:\/\/www.clubarbitraje.com\/grupos\/comision-para-la-inclusion-de-la-discapacidad-en-el-arbitraje\/quienes-somos-cinda\/\">QUEM SOMOS?<\/a><\/li>\n<li id=\"menu-item-7339\" class=\"menu-item menu-item-type-post_type menu-item-object-page menu-item-7339\"><a href=\"https:\/\/www.clubarbitraje.com\/grupos\/comision-para-la-inclusion-de-la-discapacidad-en-el-arbitraje\/noticias-cinda\/\">Not\u00edcias CINDA<\/a><\/li>\n<\/ul><\/div>[\/et_pb_code][et_pb_text _builder_version=&#8221;4.21.0&#8243; background_size=&#8221;initial&#8221; background_position=&#8221;top_left&#8221; background_repeat=&#8221;repeat&#8221; hover_enabled=&#8221;0&#8243; global_colors_info=&#8221;{}&#8221; sticky_enabled=&#8221;0&#8243;]<\/p>\n<p>A Estrat\u00e9gia das Na\u00e7\u00f5es Unidas para a Inclus\u00e3o da Defici\u00eancia constitui a base de um progresso sustent\u00e1vel e transformador rumo \u00e0 inclus\u00e3o da defici\u00eancia em todos os pilares do trabalho das Na\u00e7\u00f5es Unidas. Com esta estrat\u00e9gia, as organiza\u00e7\u00f5es do sistema da ONU reafirmam que a realiza\u00e7\u00e3o plena e completa dos direitos humanos de todas as pessoas com defici\u00eancia \u2014 cerca de mil milh\u00f5es de pessoas no mundo \u2014 \u00e9 um componente inalien\u00e1vel, indissoci\u00e1vel e indivis\u00edvel de todos os direitos humanos e liberdades fundamentais.<\/p>\n<p>Tem sido evidenciado que a inclus\u00e3o da defici\u00eancia \u00e9 uma condi\u00e7\u00e3o essencial para o respeito dos direitos humanos, o desenvolvimento sustent\u00e1vel, a paz e a seguran\u00e7a. \u00c9 tamb\u00e9m uma quest\u00e3o fundamental para cumprir a promessa de \u00abn\u00e3o deixar ningu\u00e9m para tr\u00e1s\u00bb da Agenda 2030 para o Desenvolvimento Sustent\u00e1vel, e que respeitar os direitos das pessoas com defici\u00eancia n\u00e3o \u00e9 apenas uma quest\u00e3o de justi\u00e7a, mas tamb\u00e9m um investimento no nosso futuro comum.<\/p>\n<p>As estat\u00edsticas mais recentes mostram que 20% da popula\u00e7\u00e3o em idade ativa apresenta alguma defici\u00eancia, e essa percentagem sobe para 45% na idade de reforma, o que evidencia a import\u00e2ncia desta quest\u00e3o. As pessoas com defici\u00eancia enfrentam maiores dificuldades no acesso \u00e0 sa\u00fade, educa\u00e7\u00e3o, emprego e participa\u00e7\u00e3o social, raz\u00e3o pela qual \u00e9 necess\u00e1ria uma abordagem integral para n\u00e3o relegar ningu\u00e9m e garantir que ningu\u00e9m fique para tr\u00e1s.<\/p>\n<p>O CEIA tem sido sempre muito sens\u00edvel e ativo nas quest\u00f5es de inclus\u00e3o, como demonstra o sucesso do trabalho realizado com o CEIA Mulheres e o CEIA-40. Neste contexto, procedeu \u00e0 cria\u00e7\u00e3o da Comiss\u00e3o para a Inclus\u00e3o da Defici\u00eancia na Arbitragem e Elimina\u00e7\u00e3o de Barreiras (CINDA), que visa liderar a inclus\u00e3o de \u00e1rbitros, advogados, peritos e testemunhas com defici\u00eancia na arbitragem. A Comiss\u00e3o para a Inclus\u00e3o da Defici\u00eancia na Arbitragem e Elimina\u00e7\u00e3o de Barreiras (CINDA) (Commission on Disability Inclusion in Arbitration and Elimination of Barriers) foi aprovada pela Junta Diretiva e ratificada pela Assembleia Geral do CEIA realizada em 20 de junho de 2022.<\/p>\n<p>A referida Comiss\u00e3o do CEIA tem como objetivo estudar e analisar as poss\u00edveis altera\u00e7\u00f5es ou medidas que se considerem necess\u00e1rias e razo\u00e1veis a introduzir na comunidade arbitral no que diz respeito a adapta\u00e7\u00f5es ou mudan\u00e7as na forma de atua\u00e7\u00e3o, com o fim de formular guidelines e desenvolver as a\u00e7\u00f5es necess\u00e1rias para promover e facilitar a inclus\u00e3o de pessoas com defici\u00eancia na arbitragem, sem qualquer tipo de discrimina\u00e7\u00e3o.<\/p>\n<p><span style=\"font-weight: 400;\">Isto implica duas linhas de atua\u00e7\u00e3o:<\/span><\/p>\n<ol>\n<li style=\"font-weight: 400;\" aria-level=\"1\">A identifica\u00e7\u00e3o e elimina\u00e7\u00e3o das barreiras f\u00edsicas que impe\u00e7am a inclus\u00e3o das pessoas com defici\u00eancia nas diferentes vertentes e responsabilidades da arbitragem.<\/li>\n<li style=\"font-weight: 400;\" aria-level=\"1\">Tal como sucedeu desde o in\u00edcio com iniciativas semelhantes, a proposta, no momento adequado, de objetivos quantitativos de inclus\u00e3o de pessoas com defici\u00eancia nos processos arbitrais, tanto ao n\u00edvel de \u00e1rbitros, como de advogados representantes das partes e de peritos, para alcan\u00e7ar metas que dever\u00e3o situar-se em n\u00edveis ponderados e razo\u00e1veis.<\/li>\n<\/ol>\n<p>Ambas as linhas de atua\u00e7\u00e3o implicam a monitoriza\u00e7\u00e3o dos resultados e, consequentemente, o desenvolvimento e implementa\u00e7\u00e3o de um sistema de estat\u00edsticas fi\u00e1veis e anonimizadas, fornecidas por todos os intervenientes da arbitragem, que demonstrem o grau de cumprimento da pol\u00edtica de inclus\u00e3o. Esta pol\u00edtica deve integrar a responsabilidade social corporativa e permitir a elabora\u00e7\u00e3o de relat\u00f3rios anuais sobre a situa\u00e7\u00e3o da inclus\u00e3o da defici\u00eancia na arbitragem.<\/p>\n<p><strong>Presidente:<\/strong> <span style=\"font-weight: 400;\">\u00a0Prof. Dr. <\/span><a href=\"mailto:juliogsoria@gonzalez-soria.com\"><span style=\"font-weight: 400;\" data-rich-links=\"{&quot;per_n&quot;:&quot;Julio Gonzalez-Soria&quot;,&quot;per_e&quot;:&quot;juliogsoria@gonzalez-soria.com&quot;,&quot;type&quot;:&quot;person&quot;}\">Julio Gonzalez-Soria<\/span><\/a><\/p>\n<p><span style=\"font-weight: 400;\"><strong>Telefone de contacto:<\/strong> +(34) 639 76 45 96<\/span><\/p>\n<p><span style=\"font-weight: 400;\"><strong>Email:<\/strong> ceacinda@clubarbitraje.com <\/span><\/p>\n<p>[\/et_pb_text][\/et_pb_column][\/et_pb_row][\/et_pb_section]<\/p>\n","protected":false},"excerpt":{"rendered":"<p>COMISS\u00c3O PARA A INCLUS\u00c3O DA DEFICI\u00caNCIA NA ARBITRAGEM<div class=\"menu-menu_cinda-container\"><ul id=\"menu-menu_cinda-1\" class=\"myclass\"><li class=\"menu-item menu-item-type-post_type menu-item-object-page menu-item-7338\"><a href=\"https:\/\/www.clubarbitraje.com\/grupos\/comision-para-la-inclusion-de-la-discapacidad-en-el-arbitraje\/quienes-somos-cinda\/\">QUEM SOMOS?<\/a><\/li>\n<li class=\"menu-item menu-item-type-post_type menu-item-object-page menu-item-7339\"><a href=\"https:\/\/www.clubarbitraje.com\/grupos\/comision-para-la-inclusion-de-la-discapacidad-en-el-arbitraje\/noticias-cinda\/\">Not\u00edcias CINDA<\/a><\/li>\n<\/ul><\/div>A Estrat\u00e9gia das Na\u00e7\u00f5es Unidas para a Inclus\u00e3o da Defici\u00eancia constitui a base de um progresso sustent\u00e1vel e transformador...","protected":false},"author":3,"featured_media":0,"parent":11271,"menu_order":0,"comment_status":"closed","ping_status":"closed","template":"","meta":{"_acf_changed":false,"_et_pb_use_builder":"on","_et_pb_old_content":"<span style=\"font-weight: 400;\">La Estrategia de las Naciones Unidas para la Inclusi\u00f3n de la Discapacidad constituye la base de un progreso sostenible y transformador hacia la inclusi\u00f3n de la discapacidad en todos los pilares de la labor de las Naciones Unidas. Con esta estrategia, las organizaciones del sistema de la ONU reafirman que la realizaci\u00f3n plena y completa de los derechos humanos de todas las personas con discapacidad -unos mil millones de personas en el mundo- es un componente inalienable, indisociable e indivisible de todos los derechos humanos y libertades fundamentales.<\/span>\r\n\r\n<span style=\"font-weight: 400;\">Se ha puesto de manifiesto que la inclusi\u00f3n de la discapacidad es condici\u00f3n esencial para el respeto a los derechos humanos, el desarrollo sostenible, la paz y la seguridad. Tambi\u00e9n es una cuesti\u00f3n clave para cumplir con la promesa de \"no dejar a nadie atr\u00e1s\" de la Agenda 2030 para el Desarrollo Sostenible y que respetar los derechos de las personas con discapacidad no es solo una cuesti\u00f3n de justicia, sino una inversi\u00f3n en nuestro futuro com\u00fan.<\/span>\r\n\r\n<span style=\"font-weight: 400;\">Las \u00faltimas estad\u00edsticas muestran que el 20% de la poblaci\u00f3n en <\/span><i><span style=\"font-weight: 400;\">working age<\/span><\/i><span style=\"font-weight: 400;\"> sufren discapacidad y ese porcentaje sube al 45% en la <\/span><i><span style=\"font-weight: 400;\">pension age<\/span><\/i><span style=\"font-weight: 400;\">, lo que evidencia la importancia de esta cuesti\u00f3n. Las personas con discapacidad tienen m\u00e1s dificultades para acceder a salud, educaci\u00f3n, empleo y participaci\u00f3n social, de ah\u00ed que se necesite un enfoque integral para no relegar a nadie, para que nadie se quede atr\u00e1s.<\/span>\r\n\r\n<span style=\"font-weight: 400;\">El CEA ha sido siempre muy sensible y activo a los problemas de inclusi\u00f3n y prueba de ello es la exitosa labor realizada con CEA Mujeres y CEA-40. De esto modo, ha procedido a la creaci\u00f3n de la <\/span><b>Comisi\u00f3n para la Inclusi\u00f3n de la Discapacidad en el Arbitraje y Eliminaci\u00f3n de Barreras (CINDA)<\/b><span style=\"font-weight: 400;\">, que busca liderar la inclusi\u00f3n de \u00e1rbitros,\u00a0 abogados,\u00a0 peritos y testigos con discapacidad en el arbitraje. <\/span><span style=\"font-weight: 400;\">La <\/span><b>Comisi\u00f3n para la Inclusi\u00f3n de la Discapacidad en el Arbitraje y Eliminaci\u00f3n de Barreras (CINDA)<\/b><span style=\"font-weight: 400;\"> (COMMISSION ON DISCAPACITY INCLUSION IN ARBITRATION AND ELIMINATION OF BARRIERS )\u00a0 fue aprobada por la Junta Directiva y ratificada por la Asamblea General del CEA celebrada el 20 de Junio de 2022.<\/span>\r\n\r\n<span style=\"font-weight: 400;\">La citada Comisi\u00f3n de la CEA tiene c\u00f3mo objetivo el estudiar y analizar las posibles cambios o medidas que se considere necesario y razonable\u00a0 introducir en la comunidad arbitral en lo que se refiere a las adaptaciones o cambios en la forma de actuar con el fin de formular <\/span><i><span style=\"font-weight: 400;\">guidelines<\/span><\/i><span style=\"font-weight: 400;\"> y realizar las acciones necesarias para promover y facilitar la inclusi\u00f3n de\u00a0 personas con discapacidad en el arbitraje, sin discriminaci\u00f3n de ning\u00fan tipo.<\/span>\r\n\r\n<span style=\"font-weight: 400;\">Ello implica dos l\u00edneas de actuaci\u00f3n:<\/span>\r\n<ol>\r\n \t<li style=\"font-weight: 400;\" aria-level=\"1\"><span style=\"font-weight: 400;\">La identificaci\u00f3n y eliminaci\u00f3n de las barreras f\u00edsicas que impidan la inclusi\u00f3n de los discapacitados en las diferentes vertientes y responsabilidades del arbitraje.<\/span><\/li>\r\n \t<li style=\"font-weight: 400;\" aria-level=\"1\"><span style=\"font-weight: 400;\">Como sucedi\u00f3 desde el inicio con iniciativas similares, la propuesta, en el momento adecuado, de objetivos cuantitativos de inclusi\u00f3n de personas con discapacidad en los arbitrajes, tanto a nivel de \u00e1rbitros, de letrados representantes de las partes y de peritos, para alcanzar objetivos que l\u00f3gicamente deber\u00e1n moverse en unos niveles ponderados y razonables.\u00a0<\/span><\/li>\r\n<\/ol>\r\n<span style=\"font-weight: 400;\">Ambas l\u00edneas de actuaci\u00f3n obligan a la monitorizaci\u00f3n de los resultados y por consiguiente implican tambi\u00e9n el desarrollo y la implantaci\u00f3n de un sistema de estad\u00edsticas fiables, anonimizadas, suministradas por todos los actores del arbitraje que muestren el grado de cumplimiento con la pol\u00edtica de inclusi\u00f3n, pol\u00edtica que debe quedar incluida dentro de la responsabilidad social corporativa y permitan elaborar informes anuales sobre la situaci\u00f3n de la Inclusi\u00f3n de la Discapacidad en el Arbitraje.<\/span>\r\n\r\n<b>Presidente: <\/b><span style=\"font-weight: 400;\">\u00a0Prof. Dr. <\/span><a href=\"mailto:juliogsoria@gonzalez-soria.com\"><span style=\"font-weight: 400;\" data-rich-links=\"{\"per_n\":\"Julio Gonzalez-Soria\",\"per_e\":\"juliogsoria@gonzalez-soria.com\",\"type\":\"person\"}\">Julio Gonzalez-Soria<\/span><\/a>\r\n\r\n<span style=\"font-weight: 400;\">Tel\u00e9fono de contacto: +(34) 639 76 45 96<\/span>\r\n\r\n<span style=\"font-weight: 400;\">Email: comisioninclusiondiscapacidad@clubarbitraje.com<\/span>","_et_gb_content_width":"","footnotes":""},"class_list":["post-12219","page","type-page","status-publish","hentry"],"acf":[],"yoast_head":"<!-- This site is optimized with the Yoast SEO plugin v27.4 - https:\/\/yoast.com\/product\/yoast-seo-wordpress\/ -->\n<title>QUEM SOMOS? - CEIA \u2013 CLUB ESPA\u00d1OL E IBEROAMERICANO DEL ARBITRAJE<\/title>\n<meta name=\"description\" content=\"CEA, Club Espa\u00f1ol del Arbitraje, asociaci\u00f3n sin \u00e1nimo de lucro cuyo objetivo es promover el arbitraje como m\u00e9todo de resoluci\u00f3n de conflictos.\" \/>\n<meta name=\"robots\" content=\"index, follow, max-snippet:-1, max-image-preview:large, max-video-preview:-1\" \/>\n<link rel=\"canonical\" href=\"https:\/\/www.clubarbitraje.com\/grupos\/comision-para-la-inclusion-de-la-discapacidad-en-el-arbitraje\/quienes-somos-cinda\/\" \/>\n<meta property=\"og:locale\" content=\"pt_PT\" \/>\n<meta property=\"og:type\" content=\"article\" \/>\n<meta property=\"og:title\" content=\"QUEM SOMOS? - CEIA \u2013 CLUB ESPA\u00d1OL E IBEROAMERICANO DEL ARBITRAJE\" \/>\n<meta property=\"og:description\" content=\"CEA, Club Espa\u00f1ol del Arbitraje, asociaci\u00f3n sin \u00e1nimo de lucro cuyo objetivo es promover el arbitraje como m\u00e9todo de resoluci\u00f3n de conflictos.\" \/>\n<meta property=\"og:url\" content=\"https:\/\/www.clubarbitraje.com\/grupos\/comision-para-la-inclusion-de-la-discapacidad-en-el-arbitraje\/quienes-somos-cinda\/\" \/>\n<meta property=\"og:site_name\" content=\"CEIA \u2013 CLUB ESPA\u00d1OL E IBEROAMERICANO DEL ARBITRAJE\" \/>\n<meta property=\"article:modified_time\" content=\"2026-04-23T18:54:19+00:00\" \/>\n<meta name=\"twitter:card\" content=\"summary_large_image\" \/>\n<meta name=\"twitter:label1\" content=\"Tempo estimado de leitura\" \/>\n\t<meta name=\"twitter:data1\" content=\"4 minutos\" \/>\n<script type=\"application\/ld+json\" class=\"yoast-schema-graph\">{\"@context\":\"https:\\\/\\\/schema.org\",\"@graph\":[{\"@type\":\"WebPage\",\"@id\":\"https:\\\/\\\/www.clubarbitraje.com\\\/grupos\\\/comision-para-la-inclusion-de-la-discapacidad-en-el-arbitraje\\\/quienes-somos-cinda\\\/\",\"url\":\"https:\\\/\\\/www.clubarbitraje.com\\\/grupos\\\/comision-para-la-inclusion-de-la-discapacidad-en-el-arbitraje\\\/quienes-somos-cinda\\\/\",\"name\":\"QUEM SOMOS? - CEIA \u2013 CLUB ESPA\u00d1OL E IBEROAMERICANO DEL ARBITRAJE\",\"isPartOf\":{\"@id\":\"https:\\\/\\\/www.clubarbitraje.com\\\/#website\"},\"datePublished\":\"2023-01-02T09:21:49+00:00\",\"dateModified\":\"2026-04-23T18:54:19+00:00\",\"description\":\"CEA, Club Espa\u00f1ol del Arbitraje, asociaci\u00f3n sin \u00e1nimo de lucro cuyo objetivo es promover el arbitraje como m\u00e9todo de resoluci\u00f3n de conflictos.\",\"breadcrumb\":{\"@id\":\"https:\\\/\\\/www.clubarbitraje.com\\\/grupos\\\/comision-para-la-inclusion-de-la-discapacidad-en-el-arbitraje\\\/quienes-somos-cinda\\\/#breadcrumb\"},\"inLanguage\":\"pt-PT\",\"potentialAction\":[{\"@type\":\"ReadAction\",\"target\":[\"https:\\\/\\\/www.clubarbitraje.com\\\/grupos\\\/comision-para-la-inclusion-de-la-discapacidad-en-el-arbitraje\\\/quienes-somos-cinda\\\/\"]}]},{\"@type\":\"BreadcrumbList\",\"@id\":\"https:\\\/\\\/www.clubarbitraje.com\\\/grupos\\\/comision-para-la-inclusion-de-la-discapacidad-en-el-arbitraje\\\/quienes-somos-cinda\\\/#breadcrumb\",\"itemListElement\":[{\"@type\":\"ListItem\",\"position\":1,\"name\":\"Portada\",\"item\":\"https:\\\/\\\/www.clubarbitraje.com\\\/pt-pt\\\/\"},{\"@type\":\"ListItem\",\"position\":2,\"name\":\"Grupos\",\"item\":\"https:\\\/\\\/www.clubarbitraje.com\\\/pt-pt\\\/grupos\\\/\"},{\"@type\":\"ListItem\",\"position\":3,\"name\":\"COMISS\u00c3O PARA A INCLUS\u00c3O DA DEFICI\u00caNCIA NA ARBITRAGEM\",\"item\":\"https:\\\/\\\/www.clubarbitraje.com\\\/pt-pt\\\/grupos\\\/comissao-para-a-inclusao-da-deficiencia-na-arbitragem\\\/\"},{\"@type\":\"ListItem\",\"position\":4,\"name\":\"QUEM SOMOS?\"}]},{\"@type\":\"WebSite\",\"@id\":\"https:\\\/\\\/www.clubarbitraje.com\\\/#website\",\"url\":\"https:\\\/\\\/www.clubarbitraje.com\\\/\",\"name\":\"CEIA \u2013 CLUB ESPA\u00d1OL E IBEROAMERICANO DEL ARBITRAJE\",\"description\":\"CEIA, Club Espa\u00f1ol e Iberoamericano del Arbitraje, asociaci\u00f3n sin \u00e1nimo de lucro cuyo objetivo es promover el arbitraje como m\u00e9todo de resoluci\u00f3n de conflictos.\",\"potentialAction\":[{\"@type\":\"SearchAction\",\"target\":{\"@type\":\"EntryPoint\",\"urlTemplate\":\"https:\\\/\\\/www.clubarbitraje.com\\\/?s={search_term_string}\"},\"query-input\":{\"@type\":\"PropertyValueSpecification\",\"valueRequired\":true,\"valueName\":\"search_term_string\"}}],\"inLanguage\":\"pt-PT\"}]}<\/script>\n<!-- \/ Yoast SEO plugin. -->","yoast_head_json":{"title":"QUEM SOMOS? - CEIA \u2013 CLUB ESPA\u00d1OL E IBEROAMERICANO DEL ARBITRAJE","description":"CEA, Club Espa\u00f1ol del Arbitraje, asociaci\u00f3n sin \u00e1nimo de lucro cuyo objetivo es promover el arbitraje como m\u00e9todo de resoluci\u00f3n de conflictos.","robots":{"index":"index","follow":"follow","max-snippet":"max-snippet:-1","max-image-preview":"max-image-preview:large","max-video-preview":"max-video-preview:-1"},"canonical":"https:\/\/www.clubarbitraje.com\/grupos\/comision-para-la-inclusion-de-la-discapacidad-en-el-arbitraje\/quienes-somos-cinda\/","og_locale":"pt_PT","og_type":"article","og_title":"QUEM SOMOS? - CEIA \u2013 CLUB ESPA\u00d1OL E IBEROAMERICANO DEL ARBITRAJE","og_description":"CEA, Club Espa\u00f1ol del Arbitraje, asociaci\u00f3n sin \u00e1nimo de lucro cuyo objetivo es promover el arbitraje como m\u00e9todo de resoluci\u00f3n de conflictos.","og_url":"https:\/\/www.clubarbitraje.com\/grupos\/comision-para-la-inclusion-de-la-discapacidad-en-el-arbitraje\/quienes-somos-cinda\/","og_site_name":"CEIA \u2013 CLUB ESPA\u00d1OL E IBEROAMERICANO DEL ARBITRAJE","article_modified_time":"2026-04-23T18:54:19+00:00","twitter_card":"summary_large_image","twitter_misc":{"Tempo estimado de leitura":"4 minutos"},"schema":{"@context":"https:\/\/schema.org","@graph":[{"@type":"WebPage","@id":"https:\/\/www.clubarbitraje.com\/grupos\/comision-para-la-inclusion-de-la-discapacidad-en-el-arbitraje\/quienes-somos-cinda\/","url":"https:\/\/www.clubarbitraje.com\/grupos\/comision-para-la-inclusion-de-la-discapacidad-en-el-arbitraje\/quienes-somos-cinda\/","name":"QUEM SOMOS? - CEIA \u2013 CLUB ESPA\u00d1OL E IBEROAMERICANO DEL ARBITRAJE","isPartOf":{"@id":"https:\/\/www.clubarbitraje.com\/#website"},"datePublished":"2023-01-02T09:21:49+00:00","dateModified":"2026-04-23T18:54:19+00:00","description":"CEA, Club Espa\u00f1ol del Arbitraje, asociaci\u00f3n sin \u00e1nimo de lucro cuyo objetivo es promover el arbitraje como m\u00e9todo de resoluci\u00f3n de conflictos.","breadcrumb":{"@id":"https:\/\/www.clubarbitraje.com\/grupos\/comision-para-la-inclusion-de-la-discapacidad-en-el-arbitraje\/quienes-somos-cinda\/#breadcrumb"},"inLanguage":"pt-PT","potentialAction":[{"@type":"ReadAction","target":["https:\/\/www.clubarbitraje.com\/grupos\/comision-para-la-inclusion-de-la-discapacidad-en-el-arbitraje\/quienes-somos-cinda\/"]}]},{"@type":"BreadcrumbList","@id":"https:\/\/www.clubarbitraje.com\/grupos\/comision-para-la-inclusion-de-la-discapacidad-en-el-arbitraje\/quienes-somos-cinda\/#breadcrumb","itemListElement":[{"@type":"ListItem","position":1,"name":"Portada","item":"https:\/\/www.clubarbitraje.com\/pt-pt\/"},{"@type":"ListItem","position":2,"name":"Grupos","item":"https:\/\/www.clubarbitraje.com\/pt-pt\/grupos\/"},{"@type":"ListItem","position":3,"name":"COMISS\u00c3O PARA A INCLUS\u00c3O DA DEFICI\u00caNCIA NA ARBITRAGEM","item":"https:\/\/www.clubarbitraje.com\/pt-pt\/grupos\/comissao-para-a-inclusao-da-deficiencia-na-arbitragem\/"},{"@type":"ListItem","position":4,"name":"QUEM SOMOS?"}]},{"@type":"WebSite","@id":"https:\/\/www.clubarbitraje.com\/#website","url":"https:\/\/www.clubarbitraje.com\/","name":"CEIA \u2013 CLUB ESPA\u00d1OL E IBEROAMERICANO DEL ARBITRAJE","description":"CEIA, Club Espa\u00f1ol e Iberoamericano del Arbitraje, asociaci\u00f3n sin \u00e1nimo de lucro cuyo objetivo es promover el arbitraje como m\u00e9todo de resoluci\u00f3n de conflictos.","potentialAction":[{"@type":"SearchAction","target":{"@type":"EntryPoint","urlTemplate":"https:\/\/www.clubarbitraje.com\/?s={search_term_string}"},"query-input":{"@type":"PropertyValueSpecification","valueRequired":true,"valueName":"search_term_string"}}],"inLanguage":"pt-PT"}]}},"_links":{"self":[{"href":"https:\/\/www.clubarbitraje.com\/pt-pt\/wp-json\/wp\/v2\/pages\/12219","targetHints":{"allow":["GET"]}}],"collection":[{"href":"https:\/\/www.clubarbitraje.com\/pt-pt\/wp-json\/wp\/v2\/pages"}],"about":[{"href":"https:\/\/www.clubarbitraje.com\/pt-pt\/wp-json\/wp\/v2\/types\/page"}],"author":[{"embeddable":true,"href":"https:\/\/www.clubarbitraje.com\/pt-pt\/wp-json\/wp\/v2\/users\/3"}],"replies":[{"embeddable":true,"href":"https:\/\/www.clubarbitraje.com\/pt-pt\/wp-json\/wp\/v2\/comments?post=12219"}],"version-history":[{"count":3,"href":"https:\/\/www.clubarbitraje.com\/pt-pt\/wp-json\/wp\/v2\/pages\/12219\/revisions"}],"predecessor-version":[{"id":12238,"href":"https:\/\/www.clubarbitraje.com\/pt-pt\/wp-json\/wp\/v2\/pages\/12219\/revisions\/12238"}],"up":[{"embeddable":true,"href":"https:\/\/www.clubarbitraje.com\/pt-pt\/wp-json\/wp\/v2\/pages\/11271"}],"wp:attachment":[{"href":"https:\/\/www.clubarbitraje.com\/pt-pt\/wp-json\/wp\/v2\/media?parent=12219"}],"curies":[{"name":"wp","href":"https:\/\/api.w.org\/{rel}","templated":true}]}}