{"id":11913,"date":"2024-01-30T13:41:57","date_gmt":"2024-01-30T12:41:57","guid":{"rendered":"https:\/\/www.clubarbitraje.com\/pasando-el-relevo\/"},"modified":"2024-01-30T13:41:57","modified_gmt":"2024-01-30T12:41:57","slug":"pasando-el-relevo","status":"publish","type":"page","link":"https:\/\/www.clubarbitraje.com\/pt-pt\/pasando-el-relevo\/","title":{"rendered":"Pasando el relevo"},"content":{"rendered":"<p>[et_pb_section fb_built=&#8221;1&#8243; _builder_version=&#8221;4.21.0&#8243; _module_preset=&#8221;default&#8221; global_colors_info=&#8221;{}&#8221;][et_pb_row _builder_version=&#8221;4.21.0&#8243; _module_preset=&#8221;default&#8221; custom_margin=&#8221;||0px||false|false&#8221; custom_padding=&#8221;||0px||false|false&#8221; global_colors_info=&#8221;{}&#8221;][et_pb_column type=&#8221;4_4&#8243; _builder_version=&#8221;4.21.0&#8243; _module_preset=&#8221;default&#8221; global_colors_info=&#8221;{}&#8221;][et_pb_post_title meta=&#8221;off&#8221; featured_image=&#8221;off&#8221; _builder_version=&#8221;4.21.0&#8243; _module_preset=&#8221;default&#8221; title_font=&#8221;|||on|||||&#8221; title_font_size=&#8221;30px&#8221; global_colors_info=&#8221;{}&#8221;][\/et_pb_post_title][\/et_pb_column][\/et_pb_row][\/et_pb_section][et_pb_section fb_built=&#8221;1&#8243; make_equal=&#8221;on&#8221; _builder_version=&#8221;4.21.0&#8243; _module_preset=&#8221;default&#8221; custom_padding=&#8221;||5rem||false|false&#8221; global_colors_info=&#8221;{}&#8221;][et_pb_row _builder_version=&#8221;4.21.0&#8243; _module_preset=&#8221;default&#8221; global_colors_info=&#8221;{}&#8221;][et_pb_column type=&#8221;4_4&#8243; _builder_version=&#8221;4.21.0&#8243; _module_preset=&#8221;default&#8221; global_colors_info=&#8221;{}&#8221;][et_pb_text module_class=&#8221;linea-roja&#8221; _builder_version=&#8221;4.21.0&#8243; _module_preset=&#8221;default&#8221; global_colors_info=&#8221;{}&#8221;]<\/p>\n<p>En \u201c<strong>Pasando el Relevo<\/strong>\u201d, la nueva secci\u00f3n de v\u00eddeos del <strong>CEIA<\/strong>, entrevistamos a los miembros m\u00e1s senior de nuestra profesi\u00f3n para escuchar sus consejos (<em>especialmente dirigidos a los abogados j\u00f3venes<\/em>), conocer la historia del arbitraje y entender algunos de los cambios que se han producido en su pr\u00e1ctica. El objetivo es ayudar a la transmisi\u00f3n del conocimiento y de la tradici\u00f3n arbitral entre generaciones.<\/p>\n<p>[\/et_pb_text][\/et_pb_column][\/et_pb_row][et_pb_row column_structure=&#8221;1_2,1_2&#8243; _builder_version=&#8221;4.21.0&#8243; _module_preset=&#8221;default&#8221; global_colors_info=&#8221;{}&#8221;][et_pb_column type=&#8221;1_2&#8243; _builder_version=&#8221;4.21.0&#8243; _module_preset=&#8221;default&#8221; global_colors_info=&#8221;{}&#8221;][et_pb_video src=&#8221;https:\/\/www.clubarbitraje.com\/wp-content\/uploads\/videos_pasando_relevo\/Pasando-el-Relevo-CEIA-2025-3.mp4&#8243; play_icon_color=&#8221;#FFFFFF&#8221; font_icon=&#8221;&#xf3ab;||fa||400&#8243; use_icon_font_size=&#8221;on&#8221; icon_font_size=&#8221;120px&#8221; icon_font_size_last_edited=&#8221;off|desktop&#8221; module_class=&#8221;videos-relevo&#8221; _builder_version=&#8221;4.21.0&#8243; _module_preset=&#8221;default&#8221; hover_enabled=&#8221;0&#8243; global_colors_info=&#8221;{}&#8221; title_text=&#8221;pasando-el-relevo-con-eduardo-siqueiros&#8221; image_src=&#8221;https:\/\/www.clubarbitraje.com\/wp-content\/uploads\/2025\/04\/pasando-el-relevo-con-eduardo-siqueiros.jpg&#8221; sticky_enabled=&#8221;0&#8243;][\/et_pb_video][et_pb_text _builder_version=&#8221;4.21.0&#8243; _module_preset=&#8221;default&#8221; header_3_font=&#8221;|600|||||||&#8221; header_3_font_size=&#8221;18px&#8221; global_colors_info=&#8221;{}&#8221;]<\/p>\n<h3>Pasando el relevo con Eduardo Siqueiros.<\/h3>\n<p>[\/et_pb_text][\/et_pb_column][et_pb_column type=&#8221;1_2&#8243; _builder_version=&#8221;4.21.0&#8243; _module_preset=&#8221;default&#8221; global_colors_info=&#8221;{}&#8221;][\/et_pb_column][\/et_pb_row][et_pb_row column_structure=&#8221;1_2,1_2&#8243; _builder_version=&#8221;4.21.0&#8243; _module_preset=&#8221;default&#8221; global_colors_info=&#8221;{}&#8221;][et_pb_column type=&#8221;1_2&#8243; _builder_version=&#8221;4.21.0&#8243; _module_preset=&#8221;default&#8221; global_colors_info=&#8221;{}&#8221;][et_pb_video src=&#8221;https:\/\/www.clubarbitraje.com\/wp-content\/uploads\/videos_pasando_relevo\/00-CEIA-Entrevista-Jose_Maria_Abascal.mp4&#8243; image_src=&#8221;https:\/\/www.clubarbitraje.com\/wp-content\/uploads\/2024\/02\/pasando-el-relevo.jpg&#8221; play_icon_color=&#8221;#FFFFFF&#8221; font_icon=&#8221;&#xf3ab;||fa||400&#8243; use_icon_font_size=&#8221;on&#8221; icon_font_size=&#8221;120px&#8221; icon_font_size_last_edited=&#8221;off|desktop&#8221; module_class=&#8221;videos-relevo&#8221; _builder_version=&#8221;4.21.0&#8243; _module_preset=&#8221;default&#8221; global_colors_info=&#8221;{}&#8221;][\/et_pb_video][et_pb_text _builder_version=&#8221;4.21.0&#8243; _module_preset=&#8221;default&#8221; header_3_font=&#8221;|600|||||||&#8221; header_3_font_size=&#8221;18px&#8221; global_colors_info=&#8221;{}&#8221;]<\/p>\n<h3>Pasando el relevo con Jos\u00e9 Mar\u00eda Abascal.<\/h3>\n<p>[\/et_pb_text][\/et_pb_column][et_pb_column type=&#8221;1_2&#8243; _builder_version=&#8221;4.21.0&#8243; _module_preset=&#8221;default&#8221; global_colors_info=&#8221;{}&#8221;][et_pb_video src=&#8221;https:\/\/www.clubarbitraje.com\/wp-content\/uploads\/videos_pasando_relevo\/Pasando_el_Relevo-CEIA-2024-2-hevcmp4.mp4&#8243; image_src=&#8221;https:\/\/www.clubarbitraje.com\/wp-content\/uploads\/2024\/11\/Captura-de-pantalla-2024-11-21-a-las-10.06.57.png&#8221; play_icon_color=&#8221;#FFFFFF&#8221; font_icon=&#8221;&#xf3ab;||fa||400&#8243; use_icon_font_size=&#8221;on&#8221; icon_font_size=&#8221;120px&#8221; icon_font_size_last_edited=&#8221;off|desktop&#8221; module_class=&#8221;videos-relevo&#8221; _builder_version=&#8221;4.21.0&#8243; _module_preset=&#8221;default&#8221; global_colors_info=&#8221;{}&#8221;][\/et_pb_video][et_pb_text _builder_version=&#8221;4.21.0&#8243; _module_preset=&#8221;default&#8221; header_3_font=&#8221;|600|||||||&#8221; header_3_font_size=&#8221;18px&#8221; global_colors_info=&#8221;{}&#8221;]<\/p>\n<h3>Pasando el relevo con Yves Derains.<\/h3>\n<p>[\/et_pb_text][\/et_pb_column][\/et_pb_row][\/et_pb_section]<\/p>\n","protected":false},"excerpt":{"rendered":"<p>En \u201cPasando el Relevo\u201d, la nueva secci\u00f3n de v\u00eddeos del CEIA, entrevistamos a los miembros m\u00e1s senior de nuestra profesi\u00f3n para escuchar sus consejos (especialmente dirigidos a los abogados j\u00f3venes),...","protected":false},"author":3,"featured_media":0,"parent":0,"menu_order":0,"comment_status":"closed","ping_status":"closed","template":"","meta":{"_acf_changed":false,"_et_pb_use_builder":"on","_et_pb_old_content":"","_et_gb_content_width":"","footnotes":""},"class_list":["post-11913","page","type-page","status-publish","hentry"],"acf":[],"yoast_head":"<!-- This site is optimized with the Yoast SEO plugin v27.4 - https:\/\/yoast.com\/product\/yoast-seo-wordpress\/ -->\n<title>Pasando el relevo - CEIA \u2013 CLUB ESPA\u00d1OL E IBEROAMERICANO DEL ARBITRAJE<\/title>\n<meta name=\"description\" content=\"CEA, Club Espa\u00f1ol del Arbitraje, asociaci\u00f3n sin \u00e1nimo de lucro cuyo objetivo es promover el arbitraje como m\u00e9todo de resoluci\u00f3n de conflictos.\" \/>\n<meta name=\"robots\" content=\"index, follow, max-snippet:-1, max-image-preview:large, max-video-preview:-1\" \/>\n<link rel=\"canonical\" href=\"https:\/\/www.clubarbitraje.com\/pt-pt\/pasando-el-relevo\/\" \/>\n<meta property=\"og:locale\" content=\"pt_PT\" \/>\n<meta property=\"og:type\" content=\"article\" \/>\n<meta property=\"og:title\" content=\"Pasando el relevo - CEIA \u2013 CLUB ESPA\u00d1OL E IBEROAMERICANO DEL ARBITRAJE\" \/>\n<meta property=\"og:description\" content=\"CEA, Club Espa\u00f1ol del Arbitraje, asociaci\u00f3n sin \u00e1nimo de lucro cuyo objetivo es promover el arbitraje como m\u00e9todo de resoluci\u00f3n de conflictos.\" \/>\n<meta property=\"og:url\" content=\"https:\/\/www.clubarbitraje.com\/pt-pt\/pasando-el-relevo\/\" \/>\n<meta property=\"og:site_name\" content=\"CEIA \u2013 CLUB ESPA\u00d1OL E IBEROAMERICANO DEL ARBITRAJE\" \/>\n<meta name=\"twitter:card\" content=\"summary_large_image\" \/>\n<meta name=\"twitter:label1\" content=\"Tempo estimado de leitura\" \/>\n\t<meta name=\"twitter:data1\" content=\"3 minutos\" \/>\n<script type=\"application\/ld+json\" class=\"yoast-schema-graph\">{\"@context\":\"https:\\\/\\\/schema.org\",\"@graph\":[{\"@type\":\"WebPage\",\"@id\":\"https:\\\/\\\/www.clubarbitraje.com\\\/pt-pt\\\/pasando-el-relevo\\\/\",\"url\":\"https:\\\/\\\/www.clubarbitraje.com\\\/pt-pt\\\/pasando-el-relevo\\\/\",\"name\":\"Pasando el relevo - CEIA \u2013 CLUB ESPA\u00d1OL E IBEROAMERICANO DEL ARBITRAJE\",\"isPartOf\":{\"@id\":\"https:\\\/\\\/www.clubarbitraje.com\\\/#website\"},\"datePublished\":\"2024-01-30T12:41:57+00:00\",\"description\":\"CEA, Club Espa\u00f1ol del Arbitraje, asociaci\u00f3n sin \u00e1nimo de lucro cuyo objetivo es promover el arbitraje como m\u00e9todo de resoluci\u00f3n de conflictos.\",\"breadcrumb\":{\"@id\":\"https:\\\/\\\/www.clubarbitraje.com\\\/pt-pt\\\/pasando-el-relevo\\\/#breadcrumb\"},\"inLanguage\":\"pt-PT\",\"potentialAction\":[{\"@type\":\"ReadAction\",\"target\":[\"https:\\\/\\\/www.clubarbitraje.com\\\/pt-pt\\\/pasando-el-relevo\\\/\"]}]},{\"@type\":\"BreadcrumbList\",\"@id\":\"https:\\\/\\\/www.clubarbitraje.com\\\/pt-pt\\\/pasando-el-relevo\\\/#breadcrumb\",\"itemListElement\":[{\"@type\":\"ListItem\",\"position\":1,\"name\":\"Portada\",\"item\":\"https:\\\/\\\/www.clubarbitraje.com\\\/pt-pt\\\/\"},{\"@type\":\"ListItem\",\"position\":2,\"name\":\"Pasando el relevo\"}]},{\"@type\":\"WebSite\",\"@id\":\"https:\\\/\\\/www.clubarbitraje.com\\\/#website\",\"url\":\"https:\\\/\\\/www.clubarbitraje.com\\\/\",\"name\":\"CEIA \u2013 CLUB ESPA\u00d1OL E IBEROAMERICANO DEL ARBITRAJE\",\"description\":\"CEIA, Club Espa\u00f1ol e Iberoamericano del Arbitraje, asociaci\u00f3n sin \u00e1nimo de lucro cuyo objetivo es promover el arbitraje como m\u00e9todo de resoluci\u00f3n de conflictos.\",\"potentialAction\":[{\"@type\":\"SearchAction\",\"target\":{\"@type\":\"EntryPoint\",\"urlTemplate\":\"https:\\\/\\\/www.clubarbitraje.com\\\/?s={search_term_string}\"},\"query-input\":{\"@type\":\"PropertyValueSpecification\",\"valueRequired\":true,\"valueName\":\"search_term_string\"}}],\"inLanguage\":\"pt-PT\"}]}<\/script>\n<!-- \/ Yoast SEO plugin. -->","yoast_head_json":{"title":"Pasando el relevo - CEIA \u2013 CLUB ESPA\u00d1OL E IBEROAMERICANO DEL ARBITRAJE","description":"CEA, Club Espa\u00f1ol del Arbitraje, asociaci\u00f3n sin \u00e1nimo de lucro cuyo objetivo es promover el arbitraje como m\u00e9todo de resoluci\u00f3n de conflictos.","robots":{"index":"index","follow":"follow","max-snippet":"max-snippet:-1","max-image-preview":"max-image-preview:large","max-video-preview":"max-video-preview:-1"},"canonical":"https:\/\/www.clubarbitraje.com\/pt-pt\/pasando-el-relevo\/","og_locale":"pt_PT","og_type":"article","og_title":"Pasando el relevo - CEIA \u2013 CLUB ESPA\u00d1OL E IBEROAMERICANO DEL ARBITRAJE","og_description":"CEA, Club Espa\u00f1ol del Arbitraje, asociaci\u00f3n sin \u00e1nimo de lucro cuyo objetivo es promover el arbitraje como m\u00e9todo de resoluci\u00f3n de conflictos.","og_url":"https:\/\/www.clubarbitraje.com\/pt-pt\/pasando-el-relevo\/","og_site_name":"CEIA \u2013 CLUB ESPA\u00d1OL E IBEROAMERICANO DEL ARBITRAJE","twitter_card":"summary_large_image","twitter_misc":{"Tempo estimado de leitura":"3 minutos"},"schema":{"@context":"https:\/\/schema.org","@graph":[{"@type":"WebPage","@id":"https:\/\/www.clubarbitraje.com\/pt-pt\/pasando-el-relevo\/","url":"https:\/\/www.clubarbitraje.com\/pt-pt\/pasando-el-relevo\/","name":"Pasando el relevo - CEIA \u2013 CLUB ESPA\u00d1OL E IBEROAMERICANO DEL ARBITRAJE","isPartOf":{"@id":"https:\/\/www.clubarbitraje.com\/#website"},"datePublished":"2024-01-30T12:41:57+00:00","description":"CEA, Club Espa\u00f1ol del Arbitraje, asociaci\u00f3n sin \u00e1nimo de lucro cuyo objetivo es promover el arbitraje como m\u00e9todo de resoluci\u00f3n de conflictos.","breadcrumb":{"@id":"https:\/\/www.clubarbitraje.com\/pt-pt\/pasando-el-relevo\/#breadcrumb"},"inLanguage":"pt-PT","potentialAction":[{"@type":"ReadAction","target":["https:\/\/www.clubarbitraje.com\/pt-pt\/pasando-el-relevo\/"]}]},{"@type":"BreadcrumbList","@id":"https:\/\/www.clubarbitraje.com\/pt-pt\/pasando-el-relevo\/#breadcrumb","itemListElement":[{"@type":"ListItem","position":1,"name":"Portada","item":"https:\/\/www.clubarbitraje.com\/pt-pt\/"},{"@type":"ListItem","position":2,"name":"Pasando el relevo"}]},{"@type":"WebSite","@id":"https:\/\/www.clubarbitraje.com\/#website","url":"https:\/\/www.clubarbitraje.com\/","name":"CEIA \u2013 CLUB ESPA\u00d1OL E IBEROAMERICANO DEL ARBITRAJE","description":"CEIA, Club Espa\u00f1ol e Iberoamericano del Arbitraje, asociaci\u00f3n sin \u00e1nimo de lucro cuyo objetivo es promover el arbitraje como m\u00e9todo de resoluci\u00f3n de conflictos.","potentialAction":[{"@type":"SearchAction","target":{"@type":"EntryPoint","urlTemplate":"https:\/\/www.clubarbitraje.com\/?s={search_term_string}"},"query-input":{"@type":"PropertyValueSpecification","valueRequired":true,"valueName":"search_term_string"}}],"inLanguage":"pt-PT"}]}},"_links":{"self":[{"href":"https:\/\/www.clubarbitraje.com\/pt-pt\/wp-json\/wp\/v2\/pages\/11913","targetHints":{"allow":["GET"]}}],"collection":[{"href":"https:\/\/www.clubarbitraje.com\/pt-pt\/wp-json\/wp\/v2\/pages"}],"about":[{"href":"https:\/\/www.clubarbitraje.com\/pt-pt\/wp-json\/wp\/v2\/types\/page"}],"author":[{"embeddable":true,"href":"https:\/\/www.clubarbitraje.com\/pt-pt\/wp-json\/wp\/v2\/users\/3"}],"replies":[{"embeddable":true,"href":"https:\/\/www.clubarbitraje.com\/pt-pt\/wp-json\/wp\/v2\/comments?post=11913"}],"version-history":[{"count":0,"href":"https:\/\/www.clubarbitraje.com\/pt-pt\/wp-json\/wp\/v2\/pages\/11913\/revisions"}],"wp:attachment":[{"href":"https:\/\/www.clubarbitraje.com\/pt-pt\/wp-json\/wp\/v2\/media?parent=11913"}],"curies":[{"name":"wp","href":"https:\/\/api.w.org\/{rel}","templated":true}]}}