{"id":11766,"date":"2023-03-02T12:27:31","date_gmt":"2023-03-02T11:27:31","guid":{"rendered":"https:\/\/www.clubarbitraje.com\/newsletter-dispute-boards\/"},"modified":"2023-03-02T12:27:31","modified_gmt":"2023-03-02T11:27:31","slug":"newsletter-dispute-boards","status":"publish","type":"page","link":"https:\/\/www.clubarbitraje.com\/pt-pt\/newsletter-dispute-boards\/","title":{"rendered":"Newsletter Dispute Boards"},"content":{"rendered":"<div class=\"esuntodo\">\r\n<button class=\"accordion\">Filtrar<\/button>\r\n<div class=\"panel\">\r\n<form name=\"filtros\" method=\"post\">\r\n    <div class=\"filtroscast misc-cap misc\">\r\n        <div id=\"popularpod\">\r\n            <label>Popularidad:<\/label>\r\n            <select class=\"dropdown-class\" name=\"fp\" id=\"sort_pop\" onchange=\"this.form.submit();\">\r\n                <option value=\"\">Todos<\/option>\r\n                                <option value=\"DESC\" >+ popular<\/option>\r\n                <option value=\"ASC\" >- popular<\/option>\r\n            <\/select>\r\n        <\/div>\r\n \t\t\t\t<div id=\"sort-tagspod \">\r\n            <label>Tema:<\/label>\r\n            <select class=\"dropdown-class\" name=\"st\" id=\"sort-tags\" onchange=\"this.form.submit();\">\r\n                <option disabled=\"\">Seleccionar por tema:<\/option>\r\n                <option value=\"\">Todos<\/li>\r\n                            <\/select>\r\n        <\/div>\r\n        <div id=\"sortbypod\">\r\n            <label>Fecha:<\/label>\r\n            <select class=\"dropdown-class\" name=\"fo\" id=\"sort_fecha\" onchange=\"this.form.submit();\">\r\n               <option disabled=\"\">Ordenar por:<\/option>\r\n                                    <option value=\"DESC\" >M\u00e1s actual<\/option>\r\n                <option value=\"ASC\" >M\u00e1s antiguo<\/option>\r\n            <\/select>\r\n        <\/div>\r\n    <\/div>\r\n   \r\n<\/form>\r\n<\/div>\r\n\r\n<div class=\"posts-blog-feed-module standard post-module et_pb_extra_module module\">\r\n\r\n\t\t\t\t\t\t<div class=\"paginated_content\">\r\n\r\n\t\t\t\t\t\t\t<div class=\"paginated_page\">\t\t\t\t\t\t\r\n\r\n\t\t\t\t\t\t\t\t\r\n\t\t\t\t\t\t\t\t<article id=\"post-4274\" class=\"hentry  post-4274 mec-events type-mec-events status-publish has-post-thumbnail mec_category-cea mec_category-dialogos-a-la-carta\">\r\n\t\t\t\t\t\t\t\t\t\t\t\t\t<div class=\"header\">\r\n\t\t\t\t\t\t\t\t\t\t\t\t\t\t<img decoding=\"async\" src=\"https:\/\/www.clubarbitraje.com\/wp-content\/uploads\/2023\/10\/CEIA-Com_Dispute_Boards.jpg\" title=\"N\u00ba 5 Newsletter Dispute Boards\">\r\n\t\t\t\t\t\t\t\t\t\t\t\t\t<\/div>\r\n\r\n\t\t\t\t\t\t\t\t\t<div class=\"post-content\">\r\n\r\n\t\t\t\t\t\t\t\t\t\t<div class=\"fechaarticulo\">24 de Novembro de 2025\r\n\t\t\t\t\t\t\t\t\t\t\t <\/div>\r\n\r\n\t\t\t\t\t\t\t\t\t\t<h2 class=\"post-title entry-title\">N\u00ba 5 Newsletter Dispute Boards<\/a><\/h2>\r\n\r\n\t\t\t\t\t\t\t\t\t\t<div class=\"post-meta vcard\">\r\n\r\n\t\t\t\t\t\t\t\t\t\t<\/div>\r\n\r\n\t\t\t\t\t\t\t\t\t\t<div class=\"excerpt entry-summary\">\r\n\r\n\t\t\t\t\t\t\t\t\t\t\t<p>La Comisi&oacute;n de Dispute Boards del CEIA ha publicado su Newsletter N&ordm; 5.<\/p>\r\n\t\t\t\t\t\t\t\t\t\t\t<a onclick='leido(this)' class='descnewsletter' ns='10' target='_blank' href='https:\/\/socios.clubarbitraje.com\/index_raw.php?modulo=petext&task=petext&action=LeerNewsLetter&id=10'>Descarga de NewsLetter<\/a>\r\n\t\t\t\t\t\t\t\t\t\t\r\n\r\n\t\t\t\t\t\t\t\t\t\t<\/div>\r\n\r\n\t\t\t\t\t\t\t\t\t<\/div>\r\n\r\n\t\t\t\t\t\t\t\t<\/article>\r\n\r\n\t\t\t\t\t\t\r\n\t\t\t\t\t\t\t\t<article id=\"post-4274\" class=\"hentry  post-4274 mec-events type-mec-events status-publish has-post-thumbnail mec_category-cea mec_category-dialogos-a-la-carta\">\r\n\t\t\t\t\t\t\t\t\t\t\t\t\t<div class=\"header\">\r\n\t\t\t\t\t\t\t\t\t\t\t\t\t\t<img decoding=\"async\" src=\"https:\/\/www.clubarbitraje.com\/wp-content\/uploads\/2023\/10\/CEIA-Com_Dispute_Boards.jpg\" title=\"N\u00ba 4 Newsletter Dispute Boards\">\r\n\t\t\t\t\t\t\t\t\t\t\t\t\t<\/div>\r\n\r\n\t\t\t\t\t\t\t\t\t<div class=\"post-content\">\r\n\r\n\t\t\t\t\t\t\t\t\t\t<div class=\"fechaarticulo\">13 de Janeiro de 2025\r\n\t\t\t\t\t\t\t\t\t\t\t <\/div>\r\n\r\n\t\t\t\t\t\t\t\t\t\t<h2 class=\"post-title entry-title\">N\u00ba 4 Newsletter Dispute Boards<\/a><\/h2>\r\n\r\n\t\t\t\t\t\t\t\t\t\t<div class=\"post-meta vcard\">\r\n\r\n\t\t\t\t\t\t\t\t\t\t<\/div>\r\n\r\n\t\t\t\t\t\t\t\t\t\t<div class=\"excerpt entry-summary\">\r\n\r\n\t\t\t\t\t\t\t\t\t\t\t<p>La Comisi&oacute;n de Dispute Boards del CEIA ha publicado su Newsletter N&ordm; 4.<\/p>\r\n\t\t\t\t\t\t\t\t\t\t\t<a onclick='leido(this)' class='descnewsletter' ns='9' target='_blank' href='https:\/\/socios.clubarbitraje.com\/index_raw.php?modulo=petext&task=petext&action=LeerNewsLetter&id=9'>Descarga de NewsLetter<\/a>\r\n\t\t\t\t\t\t\t\t\t\t\r\n\r\n\t\t\t\t\t\t\t\t\t\t<\/div>\r\n\r\n\t\t\t\t\t\t\t\t\t<\/div>\r\n\r\n\t\t\t\t\t\t\t\t<\/article>\r\n\r\n\t\t\t\t\t\t\r\n\t\t\t\t\t\t\t\t<article id=\"post-4274\" class=\"hentry  post-4274 mec-events type-mec-events status-publish has-post-thumbnail mec_category-cea mec_category-dialogos-a-la-carta\">\r\n\t\t\t\t\t\t\t\t\t\t\t\t\t<div class=\"header\">\r\n\t\t\t\t\t\t\t\t\t\t\t\t\t\t<img decoding=\"async\" src=\"https:\/\/www.clubarbitraje.com\/wp-content\/uploads\/2023\/10\/CEIA-Com_Dispute_Boards.jpg\" title=\"N\u00ba 3 Newsletter Dispute Boards\">\r\n\t\t\t\t\t\t\t\t\t\t\t\t\t<\/div>\r\n\r\n\t\t\t\t\t\t\t\t\t<div class=\"post-content\">\r\n\r\n\t\t\t\t\t\t\t\t\t\t<div class=\"fechaarticulo\">08 de Maio de 2024\r\n\t\t\t\t\t\t\t\t\t\t\t <\/div>\r\n\r\n\t\t\t\t\t\t\t\t\t\t<h2 class=\"post-title entry-title\">N\u00ba 3 Newsletter Dispute Boards<\/a><\/h2>\r\n\r\n\t\t\t\t\t\t\t\t\t\t<div class=\"post-meta vcard\">\r\n\r\n\t\t\t\t\t\t\t\t\t\t<\/div>\r\n\r\n\t\t\t\t\t\t\t\t\t\t<div class=\"excerpt entry-summary\">\r\n\r\n\t\t\t\t\t\t\t\t\t\t\t<p><span style=\"color: #232323; font-family: Lora, Georgia, 'Times New Roman', serif; font-size: 15px; text-align: justify; background-color: #f7f7f7;\">La Comisi&oacute;n de Dispute Boards del CEIA ha publicado su Newsletter n&ordm; 3<\/span><\/p>\r\n\t\t\t\t\t\t\t\t\t\t\t<a onclick='leido(this)' class='descnewsletter' ns='8' target='_blank' href='https:\/\/socios.clubarbitraje.com\/index_raw.php?modulo=petext&task=petext&action=LeerNewsLetter&id=8'>Descarga de NewsLetter<\/a>\r\n\t\t\t\t\t\t\t\t\t\t\r\n\r\n\t\t\t\t\t\t\t\t\t\t<\/div>\r\n\r\n\t\t\t\t\t\t\t\t\t<\/div>\r\n\r\n\t\t\t\t\t\t\t\t<\/article>\r\n\r\n\t\t\t\t\t\t\r\n\t\t\t\t\t\t\t\t<article id=\"post-4274\" class=\"hentry  post-4274 mec-events type-mec-events status-publish has-post-thumbnail mec_category-cea mec_category-dialogos-a-la-carta\">\r\n\t\t\t\t\t\t\t\t\t\t\t\t\t<div class=\"header\">\r\n\t\t\t\t\t\t\t\t\t\t\t\t\t\t<img decoding=\"async\" src=\"https:\/\/www.clubarbitraje.com\/wp-content\/uploads\/2023\/10\/CEIA-Com_Dispute_Boards.jpg\" title=\"N\u00ba 2 Newsletter Dispute Boards\">\r\n\t\t\t\t\t\t\t\t\t\t\t\t\t<\/div>\r\n\r\n\t\t\t\t\t\t\t\t\t<div class=\"post-content\">\r\n\r\n\t\t\t\t\t\t\t\t\t\t<div class=\"fechaarticulo\">02 de Outubro de 2023\r\n\t\t\t\t\t\t\t\t\t\t\t <\/div>\r\n\r\n\t\t\t\t\t\t\t\t\t\t<h2 class=\"post-title entry-title\">N\u00ba 2 Newsletter Dispute Boards<\/a><\/h2>\r\n\r\n\t\t\t\t\t\t\t\t\t\t<div class=\"post-meta vcard\">\r\n\r\n\t\t\t\t\t\t\t\t\t\t<\/div>\r\n\r\n\t\t\t\t\t\t\t\t\t\t<div class=\"excerpt entry-summary\">\r\n\r\n\t\t\t\t\t\t\t\t\t\t\t<p><span style=\"color: #232323; font-family: Lora, Georgia, 'Times New Roman', serif; font-size: 15px; text-align: justify; background-color: #f7f7f7;\">La Comisi&oacute;n de Dispute Boards del CEIA ha publicado su Newsletter n&ordm; 2<\/span><\/p>\r\n\t\t\t\t\t\t\t\t\t\t\t<a onclick='leido(this)' class='descnewsletter' ns='5' target='_blank' href='https:\/\/socios.clubarbitraje.com\/index_raw.php?modulo=petext&task=petext&action=LeerNewsLetter&id=5'>Descarga de NewsLetter<\/a>\r\n\t\t\t\t\t\t\t\t\t\t\r\n\r\n\t\t\t\t\t\t\t\t\t\t<\/div>\r\n\r\n\t\t\t\t\t\t\t\t\t<\/div>\r\n\r\n\t\t\t\t\t\t\t\t<\/article>\r\n\r\n\t\t\t\t\t\t\r\n\t\t\t\t\t\t\t\t<article id=\"post-4274\" class=\"hentry  post-4274 mec-events type-mec-events status-publish has-post-thumbnail mec_category-cea mec_category-dialogos-a-la-carta\">\r\n\t\t\t\t\t\t\t\t\t\t\t\t\t<div class=\"header\">\r\n\t\t\t\t\t\t\t\t\t\t\t\t\t\t<img decoding=\"async\" src=\"https:\/\/www.clubarbitraje.com\/wp-content\/uploads\/2023\/10\/CEIA-Com_Dispute_Boards.jpg\" title=\"Criterios editoriales Newsletter Dispute Boards\">\r\n\t\t\t\t\t\t\t\t\t\t\t\t\t<\/div>\r\n\r\n\t\t\t\t\t\t\t\t\t<div class=\"post-content\">\r\n\r\n\t\t\t\t\t\t\t\t\t\t<div class=\"fechaarticulo\">14 de Mar\u00e7o de 2023\r\n\t\t\t\t\t\t\t\t\t\t\t <\/div>\r\n\r\n\t\t\t\t\t\t\t\t\t\t<h2 class=\"post-title entry-title\">Criterios editoriales Newsletter Dispute Boards<\/a><\/h2>\r\n\r\n\t\t\t\t\t\t\t\t\t\t<div class=\"post-meta vcard\">\r\n\r\n\t\t\t\t\t\t\t\t\t\t<\/div>\r\n\r\n\t\t\t\t\t\t\t\t\t\t<div class=\"excerpt entry-summary\">\r\n\r\n\t\t\t\t\t\t\t\t\t\t\t\r\n\t\t\t\t\t\t\t\t\t\t\t<a onclick='leido(this)' class='descnewsletter' ns='3' target='_blank' href='https:\/\/socios.clubarbitraje.com\/index_raw.php?modulo=petext&task=petext&action=LeerNewsLetter&id=3'>Descarga de NewsLetter<\/a>\r\n\t\t\t\t\t\t\t\t\t\t\r\n\r\n\t\t\t\t\t\t\t\t\t\t<\/div>\r\n\r\n\t\t\t\t\t\t\t\t\t<\/div>\r\n\r\n\t\t\t\t\t\t\t\t<\/article>\r\n\r\n\t\t\t\t\t\t\r\n\t\t\t\t\t\t\t\t<article id=\"post-4274\" class=\"hentry  post-4274 mec-events type-mec-events status-publish has-post-thumbnail mec_category-cea mec_category-dialogos-a-la-carta\">\r\n\t\t\t\t\t\t\t\t\t\t\t\t\t<div class=\"header\">\r\n\t\t\t\t\t\t\t\t\t\t\t\t\t\t<img decoding=\"async\" src=\"https:\/\/www.clubarbitraje.com\/wp-content\/uploads\/2023\/10\/CEIA-Com_Dispute_Boards.jpg\" title=\"N\u00ba 1 Newsletter Dispute Boards\">\r\n\t\t\t\t\t\t\t\t\t\t\t\t\t<\/div>\r\n\r\n\t\t\t\t\t\t\t\t\t<div class=\"post-content\">\r\n\r\n\t\t\t\t\t\t\t\t\t\t<div class=\"fechaarticulo\">13 de Mar\u00e7o de 2023\r\n\t\t\t\t\t\t\t\t\t\t\t <\/div>\r\n\r\n\t\t\t\t\t\t\t\t\t\t<h2 class=\"post-title entry-title\">N\u00ba 1 Newsletter Dispute Boards<\/a><\/h2>\r\n\r\n\t\t\t\t\t\t\t\t\t\t<div class=\"post-meta vcard\">\r\n\r\n\t\t\t\t\t\t\t\t\t\t<\/div>\r\n\r\n\t\t\t\t\t\t\t\t\t\t<div class=\"excerpt entry-summary\">\r\n\r\n\t\t\t\t\t\t\t\t\t\t\t<p>La Comisi&oacute;n de Dispute Boards del CEA ha publicado su Newsletter n&ordm; 1<\/p>\r\n\t\t\t\t\t\t\t\t\t\t\t<a onclick='leido(this)' class='descnewsletter' ns='2' target='_blank' href='https:\/\/socios.clubarbitraje.com\/index_raw.php?modulo=petext&task=petext&action=LeerNewsLetter&id=2'>Descarga de NewsLetter<\/a>\r\n\t\t\t\t\t\t\t\t\t\t\r\n\r\n\t\t\t\t\t\t\t\t\t\t<\/div>\r\n\r\n\t\t\t\t\t\t\t\t\t<\/div>\r\n\r\n\t\t\t\t\t\t\t\t<\/article>\r\n\r\n\t\t\t\t\t\t\r\n\t\t\t\t\t<\/div>\r\n\r\n\t\t\t\t\t\t<\/div>\r\n\r\n\t\t\t\t<div class=\"archive-pagination\">\r\n\r\n\t\t\t\t\t<div style='text-align:center'>\r\n\t\t\t\t\t\t\t<\/div>\r\n\r\n   \t\t\t\t\t<\/div>\r\n<\/div>\r\n   \t\t\t\t\t<script>\r\n\t\t\t\tfunction leido(e){\r\n\t\t\t\t\tconsole.log(jQuery(e).attr('ns'));\r\n\t\t\t\t\tjQuery.post('https:\/\/socios.clubarbitraje.com\/index_raw.php', { modulo: 'petext', task:'petext',action:'leido',id_ps:jQuery(e).attr('ns')} );\r\n\t\t\t\t}\r\n\t\t\t\t<\/script>\r\n   \t\t\t\t<script>\r\nvar acc = document.getElementsByClassName(\"accordion\");\r\nvar i;\r\n\r\nfor (i = 0; i < acc.length; i++) {\r\n  acc[i].addEventListener(\"click\", function() {\r\n    this.classList.toggle(\"active\");\r\n    var panel = this.nextElementSibling;\r\n    if (panel.style.display === \"block\") {\r\n      panel.style.display = \"none\";\r\n    } else {\r\n      panel.style.display = \"block\";\r\n    }\r\n  });\r\n}\r\n<\/script>\n","protected":false},"excerpt":{"rendered":"","protected":false},"author":3,"featured_media":0,"parent":0,"menu_order":0,"comment_status":"closed","ping_status":"closed","template":"","meta":{"_acf_changed":false,"_et_pb_use_builder":"","_et_pb_old_content":"","_et_gb_content_width":"","footnotes":""},"class_list":["post-11766","page","type-page","status-publish","hentry"],"acf":[],"yoast_head":"<!-- This site is optimized with the Yoast SEO plugin v27.4 - https:\/\/yoast.com\/product\/yoast-seo-wordpress\/ -->\n<title>Newsletter Dispute Boards - CEIA \u2013 CLUB ESPA\u00d1OL E IBEROAMERICANO DEL ARBITRAJE<\/title>\n<meta name=\"description\" content=\"CEA, Club Espa\u00f1ol del Arbitraje, asociaci\u00f3n sin \u00e1nimo de lucro cuyo objetivo es promover el arbitraje como m\u00e9todo de resoluci\u00f3n de conflictos.\" \/>\n<meta name=\"robots\" content=\"index, follow, max-snippet:-1, max-image-preview:large, max-video-preview:-1\" \/>\n<link rel=\"canonical\" href=\"https:\/\/www.clubarbitraje.com\/pt-pt\/newsletter-dispute-boards\/\" \/>\n<meta property=\"og:locale\" content=\"pt_PT\" \/>\n<meta property=\"og:type\" content=\"article\" \/>\n<meta property=\"og:title\" content=\"Newsletter Dispute Boards - CEIA \u2013 CLUB ESPA\u00d1OL E IBEROAMERICANO DEL ARBITRAJE\" \/>\n<meta property=\"og:description\" content=\"CEA, Club Espa\u00f1ol del Arbitraje, asociaci\u00f3n sin \u00e1nimo de lucro cuyo objetivo es promover el arbitraje como m\u00e9todo de resoluci\u00f3n de conflictos.\" \/>\n<meta property=\"og:url\" content=\"https:\/\/www.clubarbitraje.com\/pt-pt\/newsletter-dispute-boards\/\" \/>\n<meta property=\"og:site_name\" content=\"CEIA \u2013 CLUB ESPA\u00d1OL E IBEROAMERICANO DEL ARBITRAJE\" \/>\n<meta name=\"twitter:card\" content=\"summary_large_image\" \/>\n<script type=\"application\/ld+json\" class=\"yoast-schema-graph\">{\"@context\":\"https:\\\/\\\/schema.org\",\"@graph\":[{\"@type\":\"WebPage\",\"@id\":\"https:\\\/\\\/www.clubarbitraje.com\\\/pt-pt\\\/newsletter-dispute-boards\\\/\",\"url\":\"https:\\\/\\\/www.clubarbitraje.com\\\/pt-pt\\\/newsletter-dispute-boards\\\/\",\"name\":\"Newsletter Dispute Boards - CEIA \u2013 CLUB ESPA\u00d1OL E IBEROAMERICANO DEL ARBITRAJE\",\"isPartOf\":{\"@id\":\"https:\\\/\\\/www.clubarbitraje.com\\\/#website\"},\"datePublished\":\"2023-03-02T11:27:31+00:00\",\"description\":\"CEA, Club Espa\u00f1ol del Arbitraje, asociaci\u00f3n sin \u00e1nimo de lucro cuyo objetivo es promover el arbitraje como m\u00e9todo de resoluci\u00f3n de conflictos.\",\"breadcrumb\":{\"@id\":\"https:\\\/\\\/www.clubarbitraje.com\\\/pt-pt\\\/newsletter-dispute-boards\\\/#breadcrumb\"},\"inLanguage\":\"pt-PT\",\"potentialAction\":[{\"@type\":\"ReadAction\",\"target\":[\"https:\\\/\\\/www.clubarbitraje.com\\\/pt-pt\\\/newsletter-dispute-boards\\\/\"]}]},{\"@type\":\"BreadcrumbList\",\"@id\":\"https:\\\/\\\/www.clubarbitraje.com\\\/pt-pt\\\/newsletter-dispute-boards\\\/#breadcrumb\",\"itemListElement\":[{\"@type\":\"ListItem\",\"position\":1,\"name\":\"Portada\",\"item\":\"https:\\\/\\\/www.clubarbitraje.com\\\/pt-pt\\\/\"},{\"@type\":\"ListItem\",\"position\":2,\"name\":\"Newsletter Dispute Boards\"}]},{\"@type\":\"WebSite\",\"@id\":\"https:\\\/\\\/www.clubarbitraje.com\\\/#website\",\"url\":\"https:\\\/\\\/www.clubarbitraje.com\\\/\",\"name\":\"CEIA \u2013 CLUB ESPA\u00d1OL E IBEROAMERICANO DEL ARBITRAJE\",\"description\":\"CEIA, Club Espa\u00f1ol e Iberoamericano del Arbitraje, asociaci\u00f3n sin \u00e1nimo de lucro cuyo objetivo es promover el arbitraje como m\u00e9todo de resoluci\u00f3n de conflictos.\",\"potentialAction\":[{\"@type\":\"SearchAction\",\"target\":{\"@type\":\"EntryPoint\",\"urlTemplate\":\"https:\\\/\\\/www.clubarbitraje.com\\\/?s={search_term_string}\"},\"query-input\":{\"@type\":\"PropertyValueSpecification\",\"valueRequired\":true,\"valueName\":\"search_term_string\"}}],\"inLanguage\":\"pt-PT\"}]}<\/script>\n<!-- \/ Yoast SEO plugin. -->","yoast_head_json":{"title":"Newsletter Dispute Boards - CEIA \u2013 CLUB ESPA\u00d1OL E IBEROAMERICANO DEL ARBITRAJE","description":"CEA, Club Espa\u00f1ol del Arbitraje, asociaci\u00f3n sin \u00e1nimo de lucro cuyo objetivo es promover el arbitraje como m\u00e9todo de resoluci\u00f3n de conflictos.","robots":{"index":"index","follow":"follow","max-snippet":"max-snippet:-1","max-image-preview":"max-image-preview:large","max-video-preview":"max-video-preview:-1"},"canonical":"https:\/\/www.clubarbitraje.com\/pt-pt\/newsletter-dispute-boards\/","og_locale":"pt_PT","og_type":"article","og_title":"Newsletter Dispute Boards - CEIA \u2013 CLUB ESPA\u00d1OL E IBEROAMERICANO DEL ARBITRAJE","og_description":"CEA, Club Espa\u00f1ol del Arbitraje, asociaci\u00f3n sin \u00e1nimo de lucro cuyo objetivo es promover el arbitraje como m\u00e9todo de resoluci\u00f3n de conflictos.","og_url":"https:\/\/www.clubarbitraje.com\/pt-pt\/newsletter-dispute-boards\/","og_site_name":"CEIA \u2013 CLUB ESPA\u00d1OL E IBEROAMERICANO DEL ARBITRAJE","twitter_card":"summary_large_image","schema":{"@context":"https:\/\/schema.org","@graph":[{"@type":"WebPage","@id":"https:\/\/www.clubarbitraje.com\/pt-pt\/newsletter-dispute-boards\/","url":"https:\/\/www.clubarbitraje.com\/pt-pt\/newsletter-dispute-boards\/","name":"Newsletter Dispute Boards - CEIA \u2013 CLUB ESPA\u00d1OL E IBEROAMERICANO DEL ARBITRAJE","isPartOf":{"@id":"https:\/\/www.clubarbitraje.com\/#website"},"datePublished":"2023-03-02T11:27:31+00:00","description":"CEA, Club Espa\u00f1ol del Arbitraje, asociaci\u00f3n sin \u00e1nimo de lucro cuyo objetivo es promover el arbitraje como m\u00e9todo de resoluci\u00f3n de conflictos.","breadcrumb":{"@id":"https:\/\/www.clubarbitraje.com\/pt-pt\/newsletter-dispute-boards\/#breadcrumb"},"inLanguage":"pt-PT","potentialAction":[{"@type":"ReadAction","target":["https:\/\/www.clubarbitraje.com\/pt-pt\/newsletter-dispute-boards\/"]}]},{"@type":"BreadcrumbList","@id":"https:\/\/www.clubarbitraje.com\/pt-pt\/newsletter-dispute-boards\/#breadcrumb","itemListElement":[{"@type":"ListItem","position":1,"name":"Portada","item":"https:\/\/www.clubarbitraje.com\/pt-pt\/"},{"@type":"ListItem","position":2,"name":"Newsletter Dispute Boards"}]},{"@type":"WebSite","@id":"https:\/\/www.clubarbitraje.com\/#website","url":"https:\/\/www.clubarbitraje.com\/","name":"CEIA \u2013 CLUB ESPA\u00d1OL E IBEROAMERICANO DEL ARBITRAJE","description":"CEIA, Club Espa\u00f1ol e Iberoamericano del Arbitraje, asociaci\u00f3n sin \u00e1nimo de lucro cuyo objetivo es promover el arbitraje como m\u00e9todo de resoluci\u00f3n de conflictos.","potentialAction":[{"@type":"SearchAction","target":{"@type":"EntryPoint","urlTemplate":"https:\/\/www.clubarbitraje.com\/?s={search_term_string}"},"query-input":{"@type":"PropertyValueSpecification","valueRequired":true,"valueName":"search_term_string"}}],"inLanguage":"pt-PT"}]}},"_links":{"self":[{"href":"https:\/\/www.clubarbitraje.com\/pt-pt\/wp-json\/wp\/v2\/pages\/11766","targetHints":{"allow":["GET"]}}],"collection":[{"href":"https:\/\/www.clubarbitraje.com\/pt-pt\/wp-json\/wp\/v2\/pages"}],"about":[{"href":"https:\/\/www.clubarbitraje.com\/pt-pt\/wp-json\/wp\/v2\/types\/page"}],"author":[{"embeddable":true,"href":"https:\/\/www.clubarbitraje.com\/pt-pt\/wp-json\/wp\/v2\/users\/3"}],"replies":[{"embeddable":true,"href":"https:\/\/www.clubarbitraje.com\/pt-pt\/wp-json\/wp\/v2\/comments?post=11766"}],"version-history":[{"count":0,"href":"https:\/\/www.clubarbitraje.com\/pt-pt\/wp-json\/wp\/v2\/pages\/11766\/revisions"}],"wp:attachment":[{"href":"https:\/\/www.clubarbitraje.com\/pt-pt\/wp-json\/wp\/v2\/media?parent=11766"}],"curies":[{"name":"wp","href":"https:\/\/api.w.org\/{rel}","templated":true}]}}