{"id":11306,"date":"2019-02-13T13:37:41","date_gmt":"2019-02-13T12:37:41","guid":{"rendered":"https:\/\/www.clubarbitraje.com\/congresos-previos\/"},"modified":"2026-04-13T13:42:55","modified_gmt":"2026-04-13T11:42:55","slug":"congressos-anteriores","status":"publish","type":"page","link":"https:\/\/www.clubarbitraje.com\/pt-pt\/congressos-anteriores\/","title":{"rendered":"Congressos Anteriores"},"content":{"rendered":"<p>[et_pb_section fb_built=&#8221;1&#8243; module_id=&#8221;congresos-previos&#8221; _builder_version=&#8221;4.16&#8243; global_colors_info=&#8221;{}&#8221;][et_pb_row _builder_version=&#8221;4.16&#8243; background_size=&#8221;initial&#8221; background_position=&#8221;top_left&#8221; background_repeat=&#8221;repeat&#8221; global_colors_info=&#8221;{}&#8221;][et_pb_column type=&#8221;4_4&#8243; _builder_version=&#8221;4.16&#8243; custom_padding=&#8221;|||&#8221; global_colors_info=&#8221;{}&#8221; custom_padding__hover=&#8221;|||&#8221;][et_pb_code _builder_version=&#8221;4.16&#8243; global_colors_info=&#8221;{}&#8221;]\r\n<div class=\"mec-wrap mec-skin-list-container \" id=\"mec_skin_1783\">\r\r\n    \r\r\n    \r\n    \r\r\n    \r\n    <div class=\"mec-skin-list-events-container\" id=\"mec_skin_events_1783\">\r\r\n        \r\n<div class=\"mec-wrap \">\r\r\n\t<div class=\"mec-event-list-standard\">\r\r\n\t\t\r\n\r\r\n            \r\n        \r\r\n            \r\n            <script type=\"application\/ld+json\">\r\r\n            {\r\r\n                \"@context\" \t\t: \"http:\/\/schema.org\",\r\r\n                \"@type\" \t\t: \"Event\",\r\r\n                \"startDate\" \t: \"2024-06-09\",\r\r\n                \"endDate\" \t\t: \"2024-06-11\",\r\r\n                \"location\" \t\t:\r\r\n                {\r\r\n                    \"@type\" \t\t: \"Place\",\r\r\n                    \"name\" \t\t\t: \"\",\r\r\n                    \"image\"\t\t\t: \"\",\r\r\n                    \"address\"\t\t: \"\"\r\r\n                },\r\r\n                \"performer\": \"\",\r\r\n                \"description\" \t: \"[et_pb_section fb_built=&quot;1&quot; _builder_version=&quot;4.16&quot; locked=&quot;off&quot; global_colors_info=&quot;{}&quot;][et_pb_row module_class=&quot;body-capitulos&quot; _builder_version=&quot;4.16&quot; global_colors_info=&quot;{}&quot;][et_pb_column type=&quot;4_4&quot; _builder_version=&quot;4.16&quot; custom_padding=&quot;|||&quot; global_colors_info=&quot;{}&quot; custom_padding__hover=&quot;|||&quot;][et_pb_text admin_label=&quot;descripcion&quot; module_class=&quot;linea-roja texto-actividad&quot; _builder_version=&quot;4.21.0&quot; hover_enabled=&quot;0&quot; locked=&quot;off&quot; global_colors_info=&quot;{}&quot; sticky_enabled=&quot;0&quot;]&lt;p&gt;El\u00a0&lt;strong&gt;XVIII Congreso Internacional del CEIA&lt;\/strong&gt; tendr\u00e1 lugar del 09 al 11 de junio de 2024, en el Hotel Meli\u00e1 Castilla en Madrid.&lt;\/p&gt;\n&lt;p&gt;Pod\u00e9is obtener m\u00e1s informaci\u00f3n en: &lt;a href=&quot;https:\/\/18congreso.clubarbitraje.com\/&quot; target=&quot;_blank&quot; rel=&quot;noopener&quot;&gt;https:\/\/18congreso.clubarbitraje.com\/&lt;\/a&gt;&lt;\/p&gt;[\/et_pb_text][\/et_pb_column][\/et_pb_row][\/et_pb_section]\",\r\r\n                \"image\" \t\t: \"https:\/\/www.clubarbitraje.com\/wp-content\/uploads\/2026\/01\/cuadros.jpeg\",\r\r\n                \"name\" \t\t\t: \"XVIII Congreso Internacional del CEA\",\r\r\n                \"url\"\t\t\t: \"https:\/\/18congreso.clubarbitraje.com\/\"\r\r\n            }\r\r\n            <\/script>\r\r\n            <article data-style=\"\" class=\"mec-event-article mec-clear  mec-divider-toggle mec-toggle-202406-1783\">\r\r\n                \r\n                    \r\n                    <div class=\"mec-topsec\">\r\r\n                        <div class=\"col-md-3 mec-event-image-wrap mec-col-table-c\">\r\r\n                            <div class=\"mec-event-image\"><a data-event-id=\"11344\" href=\"https:\/\/18congreso.clubarbitraje.com\/\"><img loading=\"lazy\" decoding=\"async\" width=\"300\" height=\"300\" src=\"https:\/\/www.clubarbitraje.com\/wp-content\/uploads\/2026\/01\/cuadros-300x300.jpeg\" class=\"attachment-thumblist size-thumblist wp-post-image\" alt=\"XVIII Congreso CEIA\" data-mec-postid=\"11344\" srcset=\"https:\/\/www.clubarbitraje.com\/wp-content\/uploads\/2026\/01\/cuadros-300x300.jpeg 300w, https:\/\/www.clubarbitraje.com\/wp-content\/uploads\/2026\/01\/cuadros-150x150.jpeg 150w, https:\/\/www.clubarbitraje.com\/wp-content\/uploads\/2026\/01\/cuadros-440x440.jpeg 440w\" sizes=\"auto, (max-width: 300px) 100vw, 300px\" \/><\/a><\/div>\r\r\n                        <\/div>\r\r\n                        <div class=\"col-md-6 mec-col-table-c mec-event-content-wrap\">\r\r\n                            <div class=\"mec-event-content\">\r\r\n                                <h3 class=\"mec-event-title\"><a class=\"mec-color-hover\" data-event-id=\"11344\" href=\"https:\/\/18congreso.clubarbitraje.com\/\">XVIII Congreso Internacional del CEA<\/a><span class=\"event-color\" style=\"background: #fdd700\"><\/span><\/h3>\r\r\n                                <div class=\"mec-event-description\">El XVIII Congreso Internacional del CEA, tuvo lugar del 09 al 11 de junio 2024, en Madrid.  ...<\/div>\r\r\n                            <\/div>\r\r\n                        <\/div>\r\r\n                        <div class=\"col-md-3 mec-col-table-c mec-event-meta-wrap\">\r\r\n                            <div class=\"mec-event-meta mec-color-before\">\r\r\n                                <div class=\"mec-date-details\">\r\r\n                                    \r\n                                        <span class=\"mec-event-d\"><span class=\"mec-start-date-label\" itemprop=\"startDate\">09 Jun 2024<\/span><span class=\"mec-end-date-label\" itemprop=\"endDate\"> - 11 Jun 2024<\/span><\/span>\r\r\n                                    \r\n                                <\/div>\r\r\n                                \r\n                                \r\n                                \r\n                            <\/div>\r\r\n                        <\/div>\r\r\n                    <\/div>\r\r\n                    <div class=\"mec-event-footer\">\r\r\n                    \r\n                        <ul class=\"mec-event-sharing-wrap\">\r\r\n                            <li class=\"mec-event-share\">\r\r\n                                <a href=\"#\" class=\"mec-event-share-icon\">\r\r\n                                    <i class=\"mec-sl-share\"><\/i>\r\r\n                                <\/a>\r\r\n                            <\/li>\r\r\n                            <ul class=\"mec-event-sharing\"><li class=\"mec-event-social-icon\"><a class=\"facebook\" href=\"https:\/\/www.facebook.com\/sharer\/sharer.php?u=https%3A%2F%2F18congreso.clubarbitraje.com%2F\" onclick=\"javascript:window.open(this.href, '', 'menubar=no,toolbar=no,resizable=yes,scrollbars=yes,height=500,width=600'); return false;\" title=\"Share on Facebook\"><i class=\"mec-fa-facebook\"><\/i><\/a><\/li><li class=\"mec-event-social-icon\"><a class=\"twitter\" href=\"https:\/\/twitter.com\/share?url=https%3A%2F%2F18congreso.clubarbitraje.com%2F\" onclick=\"javascript:window.open(this.href, '', 'menubar=no,toolbar=no,resizable=yes,scrollbars=yes,height=600,width=500'); return false;\" target=\"_blank\" title=\"Tweet\"><i class=\"mec-fa-twitter\"><\/i><\/a><\/li><li class=\"mec-event-social-icon\"><a class=\"linkedin\" href=\"https:\/\/www.linkedin.com\/shareArticle?mini=true&url=https%3A%2F%2F18congreso.clubarbitraje.com%2F\" onclick=\"javascript:window.open(this.href, '', 'menubar=no,toolbar=no,resizable=yes,scrollbars=yes,height=600,width=500'); return false;\" target=\"_blank\" title=\"Linkedin\"><i class=\"mec-fa-linkedin\"><\/i><\/a><\/li><li class=\"mec-event-social-icon\"><a class=\"email\" href=\"mailto:?subject=XVIII Congreso Internacional del CEA&body=https%3A%2F%2F18congreso.clubarbitraje.com%2F\" title=\"Email\"><i class=\"mec-fa-envelope\"><\/i><\/a><\/li><\/ul> \r\r\n                        <\/ul>\r\r\n                    \r\n                        <a class=\"mec-booking-button\" data-event-id=\"11344\" href=\"https:\/\/18congreso.clubarbitraje.com\/\">View Detail<\/a>\r\r\n                    <\/div>\r\r\n                \r\n            <\/article>\r\r\n            \r\n\t\t\r\n\r\r\n            \r\n        \r\r\n            \r\n            <script type=\"application\/ld+json\">\r\r\n            {\r\r\n                \"@context\" \t\t: \"http:\/\/schema.org\",\r\r\n                \"@type\" \t\t: \"Event\",\r\r\n                \"startDate\" \t: \"2023-06-18\",\r\r\n                \"endDate\" \t\t: \"2023-06-20\",\r\r\n                \"location\" \t\t:\r\r\n                {\r\r\n                    \"@type\" \t\t: \"Place\",\r\r\n                    \"name\" \t\t\t: \"\",\r\r\n                    \"image\"\t\t\t: \"\",\r\r\n                    \"address\"\t\t: \"\"\r\r\n                },\r\r\n                \"performer\": \"\",\r\r\n                \"description\" \t: \"[et_pb_section fb_built=&quot;1&quot; _builder_version=&quot;4.16&quot; locked=&quot;off&quot; global_colors_info=&quot;{}&quot;][et_pb_row module_class=&quot;body-capitulos&quot; _builder_version=&quot;4.16&quot; global_colors_info=&quot;{}&quot;][et_pb_column type=&quot;4_4&quot; _builder_version=&quot;4.16&quot; custom_padding=&quot;|||&quot; global_colors_info=&quot;{}&quot; custom_padding__hover=&quot;|||&quot;][et_pb_text admin_label=&quot;descripcion&quot; module_class=&quot;linea-roja texto-actividad&quot; _builder_version=&quot;4.16&quot; locked=&quot;off&quot; global_colors_info=&quot;{}&quot;]&lt;p&gt;El\u00a0&lt;strong&gt;XVII Congreso Internacional del CEA&lt;\/strong&gt; tendr\u00e1 lugar del 18 al 20 de junio de 2023, en el Hotel Meli\u00e1 Castilla en Madrid.&lt;\/p&gt;\r\n&lt;p&gt;Pod\u00e9is obtener m\u00e1s informaci\u00f3n en: https:\/\/17congreso.clubarbitraje.com\/\u00a0&lt;\/p&gt;\r[\/et_pb_text][\/et_pb_column][\/et_pb_row][\/et_pb_section]\",\r\r\n                \"image\" \t\t: \"https:\/\/www.clubarbitraje.com\/wp-content\/uploads\/2019\/09\/Imagen-XVII_Congreso_CEA-BN.jpg\",\r\r\n                \"name\" \t\t\t: \"XVII Congreso Internacional del CEA\",\r\r\n                \"url\"\t\t\t: \"https:\/\/www.clubarbitraje.com\/pt-pt\/events\/xvii-congreso-internacional-del-cea\/\"\r\r\n            }\r\r\n            <\/script>\r\r\n            <article data-style=\"\" class=\"mec-event-article mec-clear  mec-divider-toggle mec-toggle-202306-1783\">\r\r\n                \r\n                    \r\n                    <div class=\"mec-topsec\">\r\r\n                        <div class=\"col-md-3 mec-event-image-wrap mec-col-table-c\">\r\r\n                            <div class=\"mec-event-image\"><a data-event-id=\"11328\" href=\"https:\/\/www.clubarbitraje.com\/pt-pt\/events\/xvii-congreso-internacional-del-cea\/\"><img loading=\"lazy\" decoding=\"async\" width=\"300\" height=\"300\" src=\"https:\/\/www.clubarbitraje.com\/wp-content\/uploads\/2019\/09\/Imagen-XVII_Congreso_CEA-BN-300x300.jpg\" class=\"attachment-thumblist size-thumblist wp-post-image\" alt=\"Palacio Real, Madrid. XVII Congreso CEIA\" data-mec-postid=\"11328\" srcset=\"https:\/\/www.clubarbitraje.com\/wp-content\/uploads\/2019\/09\/Imagen-XVII_Congreso_CEA-BN-300x300.jpg 300w, https:\/\/www.clubarbitraje.com\/wp-content\/uploads\/2019\/09\/Imagen-XVII_Congreso_CEA-BN-150x150.jpg 150w, https:\/\/www.clubarbitraje.com\/wp-content\/uploads\/2019\/09\/Imagen-XVII_Congreso_CEA-BN-440x440.jpg 440w, https:\/\/www.clubarbitraje.com\/wp-content\/uploads\/2019\/09\/Imagen-XVII_Congreso_CEA-BN.jpg 500w\" sizes=\"auto, (max-width: 300px) 100vw, 300px\" \/><\/a><\/div>\r\r\n                        <\/div>\r\r\n                        <div class=\"col-md-6 mec-col-table-c mec-event-content-wrap\">\r\r\n                            <div class=\"mec-event-content\">\r\r\n                                <h3 class=\"mec-event-title\"><a class=\"mec-color-hover\" data-event-id=\"11328\" href=\"https:\/\/www.clubarbitraje.com\/pt-pt\/events\/xvii-congreso-internacional-del-cea\/\">XVII Congreso Internacional del CEA<\/a><span class=\"event-color\" style=\"background: #fdd700\"><\/span><\/h3>\r\r\n                                <div class=\"mec-event-description\">El XVII Congreso Internacional del CEA, tuvo lugar del 18 al 20 de junio 2023, en Madrid.  ...<\/div>\r\r\n                            <\/div>\r\r\n                        <\/div>\r\r\n                        <div class=\"col-md-3 mec-col-table-c mec-event-meta-wrap\">\r\r\n                            <div class=\"mec-event-meta mec-color-before\">\r\r\n                                <div class=\"mec-date-details\">\r\r\n                                    \r\n                                        <span class=\"mec-event-d\"><span class=\"mec-start-date-label\" itemprop=\"startDate\">18 Jun 2023<\/span><span class=\"mec-end-date-label\" itemprop=\"endDate\"> - 20 Jun 2023<\/span><\/span>\r\r\n                                    \r\n                                <\/div>\r\r\n                                \r\n                                \r\n                                \r\n                            <\/div>\r\r\n                        <\/div>\r\r\n                    <\/div>\r\r\n                    <div class=\"mec-event-footer\">\r\r\n                    \r\n                        <ul class=\"mec-event-sharing-wrap\">\r\r\n                            <li class=\"mec-event-share\">\r\r\n                                <a href=\"#\" class=\"mec-event-share-icon\">\r\r\n                                    <i class=\"mec-sl-share\"><\/i>\r\r\n                                <\/a>\r\r\n                            <\/li>\r\r\n                            <ul class=\"mec-event-sharing\"><li class=\"mec-event-social-icon\"><a class=\"facebook\" href=\"https:\/\/www.facebook.com\/sharer\/sharer.php?u=https%3A%2F%2Fwww.clubarbitraje.com%2Fpt-pt%2Fevents%2Fxvii-congreso-internacional-del-cea%2F\" onclick=\"javascript:window.open(this.href, '', 'menubar=no,toolbar=no,resizable=yes,scrollbars=yes,height=500,width=600'); return false;\" title=\"Share on Facebook\"><i class=\"mec-fa-facebook\"><\/i><\/a><\/li><li class=\"mec-event-social-icon\"><a class=\"twitter\" href=\"https:\/\/twitter.com\/share?url=https%3A%2F%2Fwww.clubarbitraje.com%2Fpt-pt%2Fevents%2Fxvii-congreso-internacional-del-cea%2F\" onclick=\"javascript:window.open(this.href, '', 'menubar=no,toolbar=no,resizable=yes,scrollbars=yes,height=600,width=500'); return false;\" target=\"_blank\" title=\"Tweet\"><i class=\"mec-fa-twitter\"><\/i><\/a><\/li><li class=\"mec-event-social-icon\"><a class=\"linkedin\" href=\"https:\/\/www.linkedin.com\/shareArticle?mini=true&url=https%3A%2F%2Fwww.clubarbitraje.com%2Fpt-pt%2Fevents%2Fxvii-congreso-internacional-del-cea%2F\" onclick=\"javascript:window.open(this.href, '', 'menubar=no,toolbar=no,resizable=yes,scrollbars=yes,height=600,width=500'); return false;\" target=\"_blank\" title=\"Linkedin\"><i class=\"mec-fa-linkedin\"><\/i><\/a><\/li><li class=\"mec-event-social-icon\"><a class=\"email\" href=\"mailto:?subject=XVII Congreso Internacional del CEA&body=https%3A%2F%2Fwww.clubarbitraje.com%2Fpt-pt%2Fevents%2Fxvii-congreso-internacional-del-cea%2F\" title=\"Email\"><i class=\"mec-fa-envelope\"><\/i><\/a><\/li><\/ul> \r\r\n                        <\/ul>\r\r\n                    \r\n                        <a class=\"mec-booking-button\" data-event-id=\"11328\" href=\"https:\/\/www.clubarbitraje.com\/pt-pt\/events\/xvii-congreso-internacional-del-cea\/\">View Detail<\/a>\r\r\n                    <\/div>\r\r\n                \r\n            <\/article>\r\r\n            \r\n\t\t\r\n\t<\/div>\r\r\n<\/div>\r\n    <\/div>\r\r\n    <div class=\"mec-skin-list-no-events-container mec-util-hidden\" id=\"mec_skin_no_events_1783\">\r\r\n        No event found!\r\n    <\/div>\r\r\n    \r\n    \r\r\n    \r\n    \r\r\n<\/div>\r\r\n[\/et_pb_code][\/et_pb_column][\/et_pb_row][\/et_pb_section]<\/p>\n","protected":false},"excerpt":{"rendered":"<p>[et_pb_section fb_built=&#8221;1&#8243; module_id=&#8221;congresos-previos&#8221; _builder_version=&#8221;4.16&#8243; global_colors_info=&#8221;{}&#8221;][et_pb_row _builder_version=&#8221;4.16&#8243;...","protected":false},"author":1,"featured_media":0,"parent":0,"menu_order":0,"comment_status":"closed","ping_status":"closed","template":"","meta":{"_acf_changed":false,"_et_pb_use_builder":"on","_et_pb_old_content":"","_et_gb_content_width":"","footnotes":""},"class_list":["post-11306","page","type-page","status-publish","hentry"],"acf":[],"yoast_head":"<!-- This site is optimized with the Yoast SEO plugin v26.5 - https:\/\/yoast.com\/wordpress\/plugins\/seo\/ -->\n<title>Congressos Anteriores - CEIA \u2013 CLUB ESPA\u00d1OL E IBEROAMERICANO DEL ARBITRAJE<\/title>\n<meta name=\"description\" content=\"CEA, Club Espa\u00f1ol del Arbitraje, asociaci\u00f3n sin \u00e1nimo de lucro cuyo objetivo es promover el arbitraje como m\u00e9todo de resoluci\u00f3n de conflictos.\" \/>\n<meta name=\"robots\" content=\"index, follow, max-snippet:-1, max-image-preview:large, max-video-preview:-1\" \/>\n<link rel=\"canonical\" href=\"https:\/\/www.clubarbitraje.com\/pt-pt\/congressos-anteriores\/\" \/>\n<meta property=\"og:locale\" content=\"pt_PT\" \/>\n<meta property=\"og:type\" content=\"article\" \/>\n<meta property=\"og:title\" content=\"Congressos Anteriores - CEIA \u2013 CLUB ESPA\u00d1OL E IBEROAMERICANO DEL ARBITRAJE\" \/>\n<meta property=\"og:description\" content=\"CEA, Club Espa\u00f1ol del Arbitraje, asociaci\u00f3n sin \u00e1nimo de lucro cuyo objetivo es promover el arbitraje como m\u00e9todo de resoluci\u00f3n de conflictos.\" \/>\n<meta property=\"og:url\" content=\"https:\/\/www.clubarbitraje.com\/pt-pt\/congressos-anteriores\/\" \/>\n<meta property=\"og:site_name\" content=\"CEIA \u2013 CLUB ESPA\u00d1OL E IBEROAMERICANO DEL ARBITRAJE\" \/>\n<meta property=\"article:modified_time\" content=\"2026-04-13T11:42:55+00:00\" \/>\n<meta name=\"twitter:card\" content=\"summary_large_image\" \/>\n<script type=\"application\/ld+json\" class=\"yoast-schema-graph\">{\"@context\":\"https:\/\/schema.org\",\"@graph\":[{\"@type\":\"WebPage\",\"@id\":\"https:\/\/www.clubarbitraje.com\/pt-pt\/congressos-anteriores\/\",\"url\":\"https:\/\/www.clubarbitraje.com\/pt-pt\/congressos-anteriores\/\",\"name\":\"Congressos Anteriores - CEIA \u2013 CLUB ESPA\u00d1OL E IBEROAMERICANO DEL ARBITRAJE\",\"isPartOf\":{\"@id\":\"https:\/\/www.clubarbitraje.com\/#website\"},\"datePublished\":\"2019-02-13T12:37:41+00:00\",\"dateModified\":\"2026-04-13T11:42:55+00:00\",\"description\":\"CEA, Club Espa\u00f1ol del Arbitraje, asociaci\u00f3n sin \u00e1nimo de lucro cuyo objetivo es promover el arbitraje como m\u00e9todo de resoluci\u00f3n de conflictos.\",\"breadcrumb\":{\"@id\":\"https:\/\/www.clubarbitraje.com\/pt-pt\/congressos-anteriores\/#breadcrumb\"},\"inLanguage\":\"pt-PT\",\"potentialAction\":[{\"@type\":\"ReadAction\",\"target\":[\"https:\/\/www.clubarbitraje.com\/pt-pt\/congressos-anteriores\/\"]}]},{\"@type\":\"BreadcrumbList\",\"@id\":\"https:\/\/www.clubarbitraje.com\/pt-pt\/congressos-anteriores\/#breadcrumb\",\"itemListElement\":[{\"@type\":\"ListItem\",\"position\":1,\"name\":\"Portada\",\"item\":\"https:\/\/www.clubarbitraje.com\/pt-pt\/\"},{\"@type\":\"ListItem\",\"position\":2,\"name\":\"Congressos Anteriores\"}]},{\"@type\":\"WebSite\",\"@id\":\"https:\/\/www.clubarbitraje.com\/#website\",\"url\":\"https:\/\/www.clubarbitraje.com\/\",\"name\":\"CEIA \u2013 CLUB ESPA\u00d1OL E IBEROAMERICANO DEL ARBITRAJE\",\"description\":\"CEIA, Club Espa\u00f1ol e Iberoamericano del Arbitraje, asociaci\u00f3n sin \u00e1nimo de lucro cuyo objetivo es promover el arbitraje como m\u00e9todo de resoluci\u00f3n de conflictos.\",\"potentialAction\":[{\"@type\":\"SearchAction\",\"target\":{\"@type\":\"EntryPoint\",\"urlTemplate\":\"https:\/\/www.clubarbitraje.com\/?s={search_term_string}\"},\"query-input\":{\"@type\":\"PropertyValueSpecification\",\"valueRequired\":true,\"valueName\":\"search_term_string\"}}],\"inLanguage\":\"pt-PT\"}]}<\/script>\n<!-- \/ Yoast SEO plugin. -->","yoast_head_json":{"title":"Congressos Anteriores - CEIA \u2013 CLUB ESPA\u00d1OL E IBEROAMERICANO DEL ARBITRAJE","description":"CEA, Club Espa\u00f1ol del Arbitraje, asociaci\u00f3n sin \u00e1nimo de lucro cuyo objetivo es promover el arbitraje como m\u00e9todo de resoluci\u00f3n de conflictos.","robots":{"index":"index","follow":"follow","max-snippet":"max-snippet:-1","max-image-preview":"max-image-preview:large","max-video-preview":"max-video-preview:-1"},"canonical":"https:\/\/www.clubarbitraje.com\/pt-pt\/congressos-anteriores\/","og_locale":"pt_PT","og_type":"article","og_title":"Congressos Anteriores - CEIA \u2013 CLUB ESPA\u00d1OL E IBEROAMERICANO DEL ARBITRAJE","og_description":"CEA, Club Espa\u00f1ol del Arbitraje, asociaci\u00f3n sin \u00e1nimo de lucro cuyo objetivo es promover el arbitraje como m\u00e9todo de resoluci\u00f3n de conflictos.","og_url":"https:\/\/www.clubarbitraje.com\/pt-pt\/congressos-anteriores\/","og_site_name":"CEIA \u2013 CLUB ESPA\u00d1OL E IBEROAMERICANO DEL ARBITRAJE","article_modified_time":"2026-04-13T11:42:55+00:00","twitter_card":"summary_large_image","schema":{"@context":"https:\/\/schema.org","@graph":[{"@type":"WebPage","@id":"https:\/\/www.clubarbitraje.com\/pt-pt\/congressos-anteriores\/","url":"https:\/\/www.clubarbitraje.com\/pt-pt\/congressos-anteriores\/","name":"Congressos Anteriores - CEIA \u2013 CLUB ESPA\u00d1OL E IBEROAMERICANO DEL ARBITRAJE","isPartOf":{"@id":"https:\/\/www.clubarbitraje.com\/#website"},"datePublished":"2019-02-13T12:37:41+00:00","dateModified":"2026-04-13T11:42:55+00:00","description":"CEA, Club Espa\u00f1ol del Arbitraje, asociaci\u00f3n sin \u00e1nimo de lucro cuyo objetivo es promover el arbitraje como m\u00e9todo de resoluci\u00f3n de conflictos.","breadcrumb":{"@id":"https:\/\/www.clubarbitraje.com\/pt-pt\/congressos-anteriores\/#breadcrumb"},"inLanguage":"pt-PT","potentialAction":[{"@type":"ReadAction","target":["https:\/\/www.clubarbitraje.com\/pt-pt\/congressos-anteriores\/"]}]},{"@type":"BreadcrumbList","@id":"https:\/\/www.clubarbitraje.com\/pt-pt\/congressos-anteriores\/#breadcrumb","itemListElement":[{"@type":"ListItem","position":1,"name":"Portada","item":"https:\/\/www.clubarbitraje.com\/pt-pt\/"},{"@type":"ListItem","position":2,"name":"Congressos Anteriores"}]},{"@type":"WebSite","@id":"https:\/\/www.clubarbitraje.com\/#website","url":"https:\/\/www.clubarbitraje.com\/","name":"CEIA \u2013 CLUB ESPA\u00d1OL E IBEROAMERICANO DEL ARBITRAJE","description":"CEIA, Club Espa\u00f1ol e Iberoamericano del Arbitraje, asociaci\u00f3n sin \u00e1nimo de lucro cuyo objetivo es promover el arbitraje como m\u00e9todo de resoluci\u00f3n de conflictos.","potentialAction":[{"@type":"SearchAction","target":{"@type":"EntryPoint","urlTemplate":"https:\/\/www.clubarbitraje.com\/?s={search_term_string}"},"query-input":{"@type":"PropertyValueSpecification","valueRequired":true,"valueName":"search_term_string"}}],"inLanguage":"pt-PT"}]}},"_links":{"self":[{"href":"https:\/\/www.clubarbitraje.com\/pt-pt\/wp-json\/wp\/v2\/pages\/11306","targetHints":{"allow":["GET"]}}],"collection":[{"href":"https:\/\/www.clubarbitraje.com\/pt-pt\/wp-json\/wp\/v2\/pages"}],"about":[{"href":"https:\/\/www.clubarbitraje.com\/pt-pt\/wp-json\/wp\/v2\/types\/page"}],"author":[{"embeddable":true,"href":"https:\/\/www.clubarbitraje.com\/pt-pt\/wp-json\/wp\/v2\/users\/1"}],"replies":[{"embeddable":true,"href":"https:\/\/www.clubarbitraje.com\/pt-pt\/wp-json\/wp\/v2\/comments?post=11306"}],"version-history":[{"count":2,"href":"https:\/\/www.clubarbitraje.com\/pt-pt\/wp-json\/wp\/v2\/pages\/11306\/revisions"}],"predecessor-version":[{"id":11314,"href":"https:\/\/www.clubarbitraje.com\/pt-pt\/wp-json\/wp\/v2\/pages\/11306\/revisions\/11314"}],"wp:attachment":[{"href":"https:\/\/www.clubarbitraje.com\/pt-pt\/wp-json\/wp\/v2\/media?parent=11306"}],"curies":[{"name":"wp","href":"https:\/\/api.w.org\/{rel}","templated":true}]}}