{"id":6055,"date":"2021-09-07T11:32:41","date_gmt":"2021-09-07T09:32:41","guid":{"rendered":"https:\/\/www.clubarbitraje.com\/?page_id=6055"},"modified":"2022-11-17T11:35:27","modified_gmt":"2022-11-17T10:35:27","slug":"arbi-talks","status":"publish","type":"page","link":"https:\/\/www.clubarbitraje.com\/en\/arbi-talks\/","title":{"rendered":"Arbi-Talks"},"content":{"rendered":"<p>[et_pb_section][et_pb_row][et_pb_column type=&#8221;4_4&#8243;][et_pb_text]en Arbi-talks[\/et_pb_text][\/et_pb_column][\/et_pb_row][\/et_pb_section]<\/p>\n","protected":false},"excerpt":{"rendered":"<p><div class=\"et_pb_section et_pb_section_0 et_section_regular\" >\n\t\t\t\t\n\t\t\t\t\n\t\t\t\t\n\t\t\t\t\n\t\t\t\t\n\t\t\t\t\n\t\t\t\t\n\t\t\t\t\n\t\t\t\t\n\t\t\t<\/div><div class=\"et_pb_row et_pb_row_0 et_pb_row_empty\">\n\t\t\t\t\n\t\t\t\t\n\t\t\t\t\n\t\t\t\t\n\t\t\t\t\n\t\t\t<\/div><div class=\"et_pb_module et_pb_text et_pb_text_0  et_pb_text_align_left et_pb_bg_layout_light\">\n\t\t\t\t\n\t\t\t\t\n\t\t\t\t\n\t\t\t\t\n\t\t\t\t\n\t\t\t<\/div>en Arbi-talks<\/p>\n","protected":false},"author":3,"featured_media":0,"parent":0,"menu_order":0,"comment_status":"closed","ping_status":"closed","template":"arbi_talks_mec_events_gl.php","meta":{"_acf_changed":false,"_et_pb_use_builder":"on","_et_pb_old_content":"[et_pb_section][et_pb_row][et_pb_column type=\"4_4\"][et_pb_text]en Arbi-talks[\/et_pb_text][\/et_pb_column][\/et_pb_row][\/et_pb_section]","_et_gb_content_width":"","footnotes":""},"class_list":["post-6055","page","type-page","status-publish","hentry"],"acf":[],"yoast_head":"<!-- This site is optimized with the Yoast SEO plugin v26.5 - https:\/\/yoast.com\/wordpress\/plugins\/seo\/ -->\n<title>Arbi-Talks - CEIA \u2013 CLUB ESPA\u00d1OL E IBEROAMERICANO DEL ARBITRAJE<\/title>\n<meta name=\"description\" content=\"CEA, Club Espa\u00f1ol del Arbitraje, asociaci\u00f3n sin \u00e1nimo de lucro cuyo objetivo es promover el arbitraje como m\u00e9todo de resoluci\u00f3n de conflictos.\" \/>\n<meta name=\"robots\" content=\"index, follow, max-snippet:-1, max-image-preview:large, max-video-preview:-1\" \/>\n<link rel=\"canonical\" href=\"https:\/\/www.clubarbitraje.com\/arbi-talks\/\" \/>\n<meta property=\"og:locale\" content=\"en_US\" \/>\n<meta property=\"og:type\" content=\"article\" \/>\n<meta property=\"og:title\" content=\"Arbi-Talks - CEIA \u2013 CLUB ESPA\u00d1OL E IBEROAMERICANO DEL ARBITRAJE\" \/>\n<meta property=\"og:description\" content=\"CEA, Club Espa\u00f1ol del Arbitraje, asociaci\u00f3n sin \u00e1nimo de lucro cuyo objetivo es promover el arbitraje como m\u00e9todo de resoluci\u00f3n de conflictos.\" \/>\n<meta property=\"og:url\" content=\"https:\/\/www.clubarbitraje.com\/arbi-talks\/\" \/>\n<meta property=\"og:site_name\" content=\"CEIA \u2013 CLUB ESPA\u00d1OL E IBEROAMERICANO DEL ARBITRAJE\" \/>\n<meta property=\"article:modified_time\" content=\"2022-11-17T10:35:27+00:00\" \/>\n<meta name=\"twitter:card\" content=\"summary_large_image\" \/>\n<script type=\"application\/ld+json\" class=\"yoast-schema-graph\">{\"@context\":\"https:\/\/schema.org\",\"@graph\":[{\"@type\":\"WebPage\",\"@id\":\"https:\/\/www.clubarbitraje.com\/arbi-talks\/\",\"url\":\"https:\/\/www.clubarbitraje.com\/arbi-talks\/\",\"name\":\"Arbi-Talks - CEIA \u2013 CLUB ESPA\u00d1OL E IBEROAMERICANO DEL ARBITRAJE\",\"isPartOf\":{\"@id\":\"https:\/\/www.clubarbitraje.com\/#website\"},\"datePublished\":\"2021-09-07T09:32:41+00:00\",\"dateModified\":\"2022-11-17T10:35:27+00:00\",\"description\":\"CEA, Club Espa\u00f1ol del Arbitraje, asociaci\u00f3n sin \u00e1nimo de lucro cuyo objetivo es promover el arbitraje como m\u00e9todo de resoluci\u00f3n de conflictos.\",\"breadcrumb\":{\"@id\":\"https:\/\/www.clubarbitraje.com\/arbi-talks\/#breadcrumb\"},\"inLanguage\":\"en-US\",\"potentialAction\":[{\"@type\":\"ReadAction\",\"target\":[\"https:\/\/www.clubarbitraje.com\/arbi-talks\/\"]}]},{\"@type\":\"BreadcrumbList\",\"@id\":\"https:\/\/www.clubarbitraje.com\/arbi-talks\/#breadcrumb\",\"itemListElement\":[{\"@type\":\"ListItem\",\"position\":1,\"name\":\"Portada\",\"item\":\"https:\/\/www.clubarbitraje.com\/en\/\"},{\"@type\":\"ListItem\",\"position\":2,\"name\":\"Arbi-Talks\"}]},{\"@type\":\"WebSite\",\"@id\":\"https:\/\/www.clubarbitraje.com\/#website\",\"url\":\"https:\/\/www.clubarbitraje.com\/\",\"name\":\"CEIA \u2013 CLUB ESPA\u00d1OL E IBEROAMERICANO DEL ARBITRAJE\",\"description\":\"CEIA, Club Espa\u00f1ol e Iberoamericano del Arbitraje, asociaci\u00f3n sin \u00e1nimo de lucro cuyo objetivo es promover el arbitraje como m\u00e9todo de resoluci\u00f3n de conflictos.\",\"potentialAction\":[{\"@type\":\"SearchAction\",\"target\":{\"@type\":\"EntryPoint\",\"urlTemplate\":\"https:\/\/www.clubarbitraje.com\/?s={search_term_string}\"},\"query-input\":{\"@type\":\"PropertyValueSpecification\",\"valueRequired\":true,\"valueName\":\"search_term_string\"}}],\"inLanguage\":\"en-US\"}]}<\/script>\n<!-- \/ Yoast SEO plugin. -->","yoast_head_json":{"title":"Arbi-Talks - CEIA \u2013 CLUB ESPA\u00d1OL E IBEROAMERICANO DEL ARBITRAJE","description":"CEA, Club Espa\u00f1ol del Arbitraje, asociaci\u00f3n sin \u00e1nimo de lucro cuyo objetivo es promover el arbitraje como m\u00e9todo de resoluci\u00f3n de conflictos.","robots":{"index":"index","follow":"follow","max-snippet":"max-snippet:-1","max-image-preview":"max-image-preview:large","max-video-preview":"max-video-preview:-1"},"canonical":"https:\/\/www.clubarbitraje.com\/arbi-talks\/","og_locale":"en_US","og_type":"article","og_title":"Arbi-Talks - CEIA \u2013 CLUB ESPA\u00d1OL E IBEROAMERICANO DEL ARBITRAJE","og_description":"CEA, Club Espa\u00f1ol del Arbitraje, asociaci\u00f3n sin \u00e1nimo de lucro cuyo objetivo es promover el arbitraje como m\u00e9todo de resoluci\u00f3n de conflictos.","og_url":"https:\/\/www.clubarbitraje.com\/arbi-talks\/","og_site_name":"CEIA \u2013 CLUB ESPA\u00d1OL E IBEROAMERICANO DEL ARBITRAJE","article_modified_time":"2022-11-17T10:35:27+00:00","twitter_card":"summary_large_image","schema":{"@context":"https:\/\/schema.org","@graph":[{"@type":"WebPage","@id":"https:\/\/www.clubarbitraje.com\/arbi-talks\/","url":"https:\/\/www.clubarbitraje.com\/arbi-talks\/","name":"Arbi-Talks - CEIA \u2013 CLUB ESPA\u00d1OL E IBEROAMERICANO DEL ARBITRAJE","isPartOf":{"@id":"https:\/\/www.clubarbitraje.com\/#website"},"datePublished":"2021-09-07T09:32:41+00:00","dateModified":"2022-11-17T10:35:27+00:00","description":"CEA, Club Espa\u00f1ol del Arbitraje, asociaci\u00f3n sin \u00e1nimo de lucro cuyo objetivo es promover el arbitraje como m\u00e9todo de resoluci\u00f3n de conflictos.","breadcrumb":{"@id":"https:\/\/www.clubarbitraje.com\/arbi-talks\/#breadcrumb"},"inLanguage":"en-US","potentialAction":[{"@type":"ReadAction","target":["https:\/\/www.clubarbitraje.com\/arbi-talks\/"]}]},{"@type":"BreadcrumbList","@id":"https:\/\/www.clubarbitraje.com\/arbi-talks\/#breadcrumb","itemListElement":[{"@type":"ListItem","position":1,"name":"Portada","item":"https:\/\/www.clubarbitraje.com\/en\/"},{"@type":"ListItem","position":2,"name":"Arbi-Talks"}]},{"@type":"WebSite","@id":"https:\/\/www.clubarbitraje.com\/#website","url":"https:\/\/www.clubarbitraje.com\/","name":"CEIA \u2013 CLUB ESPA\u00d1OL E IBEROAMERICANO DEL ARBITRAJE","description":"CEIA, Club Espa\u00f1ol e Iberoamericano del Arbitraje, asociaci\u00f3n sin \u00e1nimo de lucro cuyo objetivo es promover el arbitraje como m\u00e9todo de resoluci\u00f3n de conflictos.","potentialAction":[{"@type":"SearchAction","target":{"@type":"EntryPoint","urlTemplate":"https:\/\/www.clubarbitraje.com\/?s={search_term_string}"},"query-input":{"@type":"PropertyValueSpecification","valueRequired":true,"valueName":"search_term_string"}}],"inLanguage":"en-US"}]}},"_links":{"self":[{"href":"https:\/\/www.clubarbitraje.com\/en\/wp-json\/wp\/v2\/pages\/6055","targetHints":{"allow":["GET"]}}],"collection":[{"href":"https:\/\/www.clubarbitraje.com\/en\/wp-json\/wp\/v2\/pages"}],"about":[{"href":"https:\/\/www.clubarbitraje.com\/en\/wp-json\/wp\/v2\/types\/page"}],"author":[{"embeddable":true,"href":"https:\/\/www.clubarbitraje.com\/en\/wp-json\/wp\/v2\/users\/3"}],"replies":[{"embeddable":true,"href":"https:\/\/www.clubarbitraje.com\/en\/wp-json\/wp\/v2\/comments?post=6055"}],"version-history":[{"count":0,"href":"https:\/\/www.clubarbitraje.com\/en\/wp-json\/wp\/v2\/pages\/6055\/revisions"}],"wp:attachment":[{"href":"https:\/\/www.clubarbitraje.com\/en\/wp-json\/wp\/v2\/media?parent=6055"}],"curies":[{"name":"wp","href":"https:\/\/api.w.org\/{rel}","templated":true}]}}