{"id":5645,"date":"2019-02-16T13:10:38","date_gmt":"2019-02-16T12:10:38","guid":{"rendered":"https:\/\/www.clubarbitraje.com\/mapa-del-sitio\/"},"modified":"2021-05-13T11:28:27","modified_gmt":"2021-05-13T09:28:27","slug":"sitemap","status":"publish","type":"page","link":"https:\/\/www.clubarbitraje.com\/en\/sitemap\/","title":{"rendered":"Sitemap"},"content":{"rendered":"<p>[et_pb_section fb_built=&#8221;1&#8243; _builder_version=&#8221;3.22.3&#8243;][et_pb_row use_custom_gutter=&#8221;on&#8221; gutter_width=&#8221;2&#8243; make_equal=&#8221;on&#8221; admin_label=&#8221;cabecera quienes somos&#8221; _builder_version=&#8221;3.22.3&#8243;][et_pb_column type=&#8221;1_3&#8243; _builder_version=&#8221;3.0.47&#8243;][et_pb_image src=&#8221;\/wp-content\/uploads\/2019\/01\/edificio_castelarMedium.jpg&#8221; _builder_version=&#8221;3.19.4&#8243; locked=&#8221;off&#8221;]<br \/>\n[\/et_pb_image][\/et_pb_column][et_pb_column type=&#8221;2_3&#8243; _builder_version=&#8221;3.0.47&#8243;][et_pb_text _builder_version=&#8221;3.19.4&#8243; custom_css_main_element=&#8221;position: absolute;||    bottom: 0;&#8221;]<\/p>\n<p class=\"fecha-actualidad\" style=\"text-align: left; margin-bottom: 0;\">&nbsp;<\/p>\n<h1>MAPA DEL SITIO<\/h1>\n<p>[\/et_pb_text][\/et_pb_column][\/et_pb_row][et_pb_row _builder_version=&#8221;3.22.3&#8243; background_size=&#8221;initial&#8221; background_position=&#8221;top_left&#8221; background_repeat=&#8221;repeat&#8221;][et_pb_column type=&#8221;4_4&#8243; _builder_version=&#8221;3.0.47&#8243;][et_pb_text module_class=&#8221;linea-roja&#8221; _builder_version=&#8221;3.19.4&#8243;]Portada de CLUB ESPA\u00d1OL DEL ARBITRAJE<\/p>\n<p><div class=\"wsp-container\"><h2 class=\"wsp-pages-title\">Pages<\/h2>\n<ul class=\"wsp-pages-list\">\n<li class=\"page_item page-item-10466\"><a href=\"https:\/\/www.clubarbitraje.com\/en\/actividades-db\/\">Actividades DB<\/a><\/li>\n<li class=\"page_item page-item-6055\"><a href=\"https:\/\/www.clubarbitraje.com\/en\/arbi-talks\/\">Arbi-Talks<\/a><\/li>\n<li class=\"page_item page-item-4966\"><a href=\"https:\/\/www.clubarbitraje.com\/en\/attach-publication\/\">Attach publication<\/a><\/li>\n<li class=\"page_item page-item-4880\"><a href=\"https:\/\/www.clubarbitraje.com\/en\/become-a-member\/\">Become a Member<\/a><\/li>\n<li class=\"page_item page-item-11357 page_item_has_children\"><a href=\"https:\/\/www.clubarbitraje.com\/en\/socios-capitulos-internacionales\/\">Cap\u00edtulos Internacionales<\/a>\n<ul class='children'>\n\t<li class=\"page_item page-item-4871\"><a href=\"https:\/\/www.clubarbitraje.com\/en\/socios-capitulos-internacionales\/comite-directivo\/\">Steering Committee<\/a><\/li>\n<\/ul>\n<\/li>\n<li class=\"page_item page-item-5354 page_item_has_children\"><a href=\"https:\/\/www.clubarbitraje.com\/en\/cea-40\/\">CEA -40<\/a>\n<ul class='children'>\n\t<li class=\"page_item page-item-5005\"><a href=\"https:\/\/www.clubarbitraje.com\/en\/cea-40\/coordinators-cea-40\/\">Coordinators<\/a><\/li>\n\t<li class=\"page_item page-item-5001\"><a href=\"https:\/\/www.clubarbitraje.com\/en\/cea-40\/who-are-we-cea-40\/\">Who we are?<\/a><\/li>\n<\/ul>\n<\/li>\n<li class=\"page_item page-item-5313\"><a href=\"https:\/\/www.clubarbitraje.com\/en\/cea\/\">CEIA<\/a><\/li>\n<li class=\"page_item page-item-5357\"><a href=\"https:\/\/www.clubarbitraje.com\/en\/activities-cea-40\/\">CEIA -40<\/a><\/li>\n<li class=\"page_item page-item-5316\"><a href=\"https:\/\/www.clubarbitraje.com\/en\/mediation\/\">CEIA Mediation and Consensual Resolution Committee<\/a><\/li>\n<li class=\"page_item page-item-5318\"><a href=\"https:\/\/www.clubarbitraje.com\/en\/cea-mujeres\/\">CEIA Mujeres<\/a><\/li>\n<li class=\"page_item page-item-4988\"><a href=\"https:\/\/www.clubarbitraje.com\/en\/cea-mujeres-international\/\">CEIA Mujeres International<\/a><\/li>\n<li class=\"page_item page-item-7286\"><a href=\"https:\/\/www.clubarbitraje.com\/en\/cinda\/\">CINDA<\/a><\/li>\n<li class=\"page_item page-item-5616\"><a href=\"https:\/\/www.clubarbitraje.com\/en\/congresos\/\">CONFERENCES<\/a><\/li>\n<li class=\"page_item page-item-5013\"><a href=\"https:\/\/www.clubarbitraje.com\/en\/contact-form\/\">Contact form<\/a><\/li>\n<li class=\"page_item page-item-5009\"><a href=\"https:\/\/www.clubarbitraje.com\/en\/contact-information\/\">Contact information<\/a><\/li>\n<li class=\"page_item page-item-6518\"><a href=\"https:\/\/www.clubarbitraje.com\/en\/contest-of-articles\/\">Contest of articles<\/a><\/li>\n<li class=\"page_item page-item-8829\"><a href=\"https:\/\/www.clubarbitraje.com\/en\/politica-de-cookies-ue\/\">Cookie policy (EU)<\/a><\/li>\n<li class=\"page_item page-item-10440 page_item_has_children\"><a href=\"https:\/\/www.clubarbitraje.com\/en\/db-commission\/\">DB Commission<\/a>\n<ul class='children'>\n\t<li class=\"page_item page-item-10451\"><a href=\"https:\/\/www.clubarbitraje.com\/en\/db-commission\/publications\/\">Publications<\/a><\/li>\n<\/ul>\n<\/li>\n<li class=\"page_item page-item-5605\"><a href=\"https:\/\/www.clubarbitraje.com\/en\/dialogos-a-la-carta\/\">Di\u00e1logos a la carta<\/a><\/li>\n<li class=\"page_item page-item-4337\"><a href=\"https:\/\/www.clubarbitraje.com\/en\/\">Home<\/a><\/li>\n<li class=\"page_item page-item-4870\"><a href=\"https:\/\/www.clubarbitraje.com\/en\/international-chapters\/\">International Chapters<\/a><\/li>\n<li class=\"page_item page-item-4960\"><a href=\"https:\/\/www.clubarbitraje.com\/en\/spain-arbitration-review\/\">Iurgium<\/a><\/li>\n<li class=\"page_item page-item-6285\"><a href=\"https:\/\/www.clubarbitraje.com\/en\/jurisprudence\/\">Jurisprudence<\/a><\/li>\n<li class=\"page_item page-item-5636\"><a href=\"https:\/\/www.clubarbitraje.com\/en\/legal-notice\/\">legal notice<\/a><\/li>\n<li class=\"page_item page-item-4991 page_item_has_children\"><a href=\"https:\/\/www.clubarbitraje.com\/en\/mediation-2\/\">Mediation<\/a>\n<ul class='children'>\n\t<li class=\"page_item page-item-4997\"><a href=\"https:\/\/www.clubarbitraje.com\/en\/mediation-2\/working-papers\/\">Working papers<\/a><\/li>\n\t<li class=\"page_item page-item-5623\"><a href=\"https:\/\/www.clubarbitraje.com\/en\/mediation-2\/working-papers-2\/\">Working Papers<\/a><\/li>\n<\/ul>\n<\/li>\n<li class=\"page_item page-item-4848\"><a href=\"https:\/\/www.clubarbitraje.com\/en\/members\/\">Members<\/a><\/li>\n<li class=\"page_item page-item-4979\"><a href=\"https:\/\/www.clubarbitraje.com\/en\/mentoring\/\">Mentoring<\/a><\/li>\n<li class=\"page_item page-item-5341\"><a href=\"https:\/\/www.clubarbitraje.com\/en\/multimedia\/\">Multimedia<\/a><\/li>\n<li class=\"page_item page-item-7487\"><a href=\"https:\/\/www.clubarbitraje.com\/en\/newsletter-dispute-boards\/\">Newsletter Dispute Boards<\/a><\/li>\n<li class=\"page_item page-item-4985\"><a href=\"https:\/\/www.clubarbitraje.com\/en\/pledge\/\">Pledge<\/a><\/li>\n<li class=\"page_item page-item-5517\"><a href=\"https:\/\/www.clubarbitraje.com\/en\/podcasts\/\">Podcasts<\/a><\/li>\n<li class=\"page_item page-item-8833\"><a href=\"https:\/\/www.clubarbitraje.com\/en\/politica-de-cookies-ue-2\/\">Pol\u00edtica de cookies (UE)<\/a><\/li>\n<li class=\"page_item page-item-1810\"><a href=\"https:\/\/www.clubarbitraje.com\/en\/previous-conferences\/\">Previous Conferences<\/a><\/li>\n<li class=\"page_item page-item-5639\"><a href=\"https:\/\/www.clubarbitraje.com\/en\/shortcuts\/\">Shortcuts<\/a><\/li>\n<li class=\"page_item page-item-5645\"><a href=\"https:\/\/www.clubarbitraje.com\/en\/sitemap\/\">Sitemap<\/a><\/li>\n<li class=\"page_item page-item-4956\"><a href=\"https:\/\/www.clubarbitraje.com\/en\/politica-de-privacidad\/\">Terms &#038; conditions of use<\/a><\/li>\n<li class=\"page_item page-item-4970\"><a href=\"https:\/\/www.clubarbitraje.com\/en\/quienes-somos-cea-mujeres\/\">Who we are?<\/a><\/li>\n<\/ul>\n<\/div><br \/>\n[\/et_pb_text][\/et_pb_column][\/et_pb_row][\/et_pb_section]<\/p>\n","protected":false},"excerpt":{"rendered":"<p>&nbsp; MAPA DEL SITIO Portada de CLUB ESPA\u00d1OL DEL ARBITRAJE <div class=\"wsp-container\"><h2 class=\"wsp-pages-title\">Pages<\/h2>\n<ul class=\"wsp-pages-list\">\n<li class=\"page_item page-item-10466\"><a href=\"https:\/\/www.clubarbitraje.com\/en\/actividades-db\/\">Actividades DB<\/a><\/li>\n<li class=\"page_item page-item-6055\"><a href=\"https:\/\/www.clubarbitraje.com\/en\/arbi-talks\/\">Arbi-Talks<\/a><\/li>\n<li class=\"page_item page-item-4966\"><a href=\"https:\/\/www.clubarbitraje.com\/en\/attach-publication\/\">Attach publication<\/a><\/li>\n<li class=\"page_item page-item-4880\"><a href=\"https:\/\/www.clubarbitraje.com\/en\/become-a-member\/\">Become a Member<\/a><\/li>\n<li class=\"page_item page-item-11357 page_item_has_children\"><a href=\"https:\/\/www.clubarbitraje.com\/en\/socios-capitulos-internacionales\/\">Cap\u00edtulos Internacionales<\/a>\n<ul class='children'>\n\t<li class=\"page_item page-item-4871\"><a href=\"https:\/\/www.clubarbitraje.com\/en\/socios-capitulos-internacionales\/comite-directivo\/\">Steering Committee<\/a><\/li>\n<\/ul>\n<\/li>\n<li class=\"page_item page-item-5354 page_item_has_children\"><a href=\"https:\/\/www.clubarbitraje.com\/en\/cea-40\/\">CEA -40<\/a>\n<ul class='children'>\n\t<li class=\"page_item page-item-5005\"><a href=\"https:\/\/www.clubarbitraje.com\/en\/cea-40\/coordinators-cea-40\/\">Coordinators<\/a><\/li>\n\t<li class=\"page_item page-item-5001\"><a href=\"https:\/\/www.clubarbitraje.com\/en\/cea-40\/who-are-we-cea-40\/\">Who we are?<\/a><\/li>\n<\/ul>\n<\/li>\n<li class=\"page_item page-item-5313\"><a href=\"https:\/\/www.clubarbitraje.com\/en\/cea\/\">CEIA<\/a><\/li>\n<li class=\"page_item page-item-5357\"><a href=\"https:\/\/www.clubarbitraje.com\/en\/activities-cea-40\/\">CEIA -40<\/a><\/li>\n<li class=\"page_item page-item-5316\"><a href=\"https:\/\/www.clubarbitraje.com\/en\/mediation\/\">CEIA Mediation and Consensual Resolution Committee<\/a><\/li>\n<li class=\"page_item page-item-5318\"><a href=\"https:\/\/www.clubarbitraje.com\/en\/cea-mujeres\/\">CEIA Mujeres<\/a><\/li>\n<li class=\"page_item page-item-4988\"><a href=\"https:\/\/www.clubarbitraje.com\/en\/cea-mujeres-international\/\">CEIA Mujeres International<\/a><\/li>\n<li class=\"page_item page-item-7286\"><a href=\"https:\/\/www.clubarbitraje.com\/en\/cinda\/\">CINDA<\/a><\/li>\n<li class=\"page_item page-item-5616\"><a href=\"https:\/\/www.clubarbitraje.com\/en\/congresos\/\">CONFERENCES<\/a><\/li>\n<li class=\"page_item page-item-5013\"><a href=\"https:\/\/www.clubarbitraje.com\/en\/contact-form\/\">Contact form<\/a><\/li>\n<li class=\"page_item page-item-5009\"><a href=\"https:\/\/www.clubarbitraje.com\/en\/contact-information\/\">Contact information<\/a><\/li>\n<li class=\"page_item page-item-6518\"><a href=\"https:\/\/www.clubarbitraje.com\/en\/contest-of-articles\/\">Contest of articles<\/a><\/li>\n<li class=\"page_item page-item-8829\"><a href=\"https:\/\/www.clubarbitraje.com\/en\/politica-de-cookies-ue\/\">Cookie policy (EU)<\/a><\/li>\n<li class=\"page_item page-item-10440 page_item_has_children\"><a href=\"https:\/\/www.clubarbitraje.com\/en\/db-commission\/\">DB Commission<\/a>\n<ul class='children'>\n\t<li class=\"page_item page-item-10451\"><a href=\"https:\/\/www.clubarbitraje.com\/en\/db-commission\/publications\/\">Publications<\/a><\/li>\n<\/ul>\n<\/li>\n<li class=\"page_item page-item-5605\"><a href=\"https:\/\/www.clubarbitraje.com\/en\/dialogos-a-la-carta\/\">Di\u00e1logos a la carta<\/a><\/li>\n<li class=\"page_item page-item-4337\"><a href=\"https:\/\/www.clubarbitraje.com\/en\/\">Home<\/a><\/li>\n<li class=\"page_item page-item-4870\"><a href=\"https:\/\/www.clubarbitraje.com\/en\/international-chapters\/\">International Chapters<\/a><\/li>\n<li class=\"page_item page-item-4960\"><a href=\"https:\/\/www.clubarbitraje.com\/en\/spain-arbitration-review\/\">Iurgium<\/a><\/li>\n<li class=\"page_item page-item-6285\"><a href=\"https:\/\/www.clubarbitraje.com\/en\/jurisprudence\/\">Jurisprudence<\/a><\/li>\n<li class=\"page_item page-item-5636\"><a href=\"https:\/\/www.clubarbitraje.com\/en\/legal-notice\/\">legal notice<\/a><\/li>\n<li class=\"page_item page-item-4991 page_item_has_children\"><a href=\"https:\/\/www.clubarbitraje.com\/en\/mediation-2\/\">Mediation<\/a>\n<ul class='children'>\n\t<li class=\"page_item page-item-4997\"><a href=\"https:\/\/www.clubarbitraje.com\/en\/mediation-2\/working-papers\/\">Working papers<\/a><\/li>\n\t<li class=\"page_item page-item-5623\"><a href=\"https:\/\/www.clubarbitraje.com\/en\/mediation-2\/working-papers-2\/\">Working Papers<\/a><\/li>\n<\/ul>\n<\/li>\n<li class=\"page_item page-item-4848\"><a href=\"https:\/\/www.clubarbitraje.com\/en\/members\/\">Members<\/a><\/li>\n<li class=\"page_item page-item-4979\"><a href=\"https:\/\/www.clubarbitraje.com\/en\/mentoring\/\">Mentoring<\/a><\/li>\n<li class=\"page_item page-item-5341\"><a href=\"https:\/\/www.clubarbitraje.com\/en\/multimedia\/\">Multimedia<\/a><\/li>\n<li class=\"page_item page-item-7487\"><a href=\"https:\/\/www.clubarbitraje.com\/en\/newsletter-dispute-boards\/\">Newsletter Dispute Boards<\/a><\/li>\n<li class=\"page_item page-item-4985\"><a href=\"https:\/\/www.clubarbitraje.com\/en\/pledge\/\">Pledge<\/a><\/li>\n<li class=\"page_item page-item-5517\"><a href=\"https:\/\/www.clubarbitraje.com\/en\/podcasts\/\">Podcasts<\/a><\/li>\n<li class=\"page_item page-item-8833\"><a href=\"https:\/\/www.clubarbitraje.com\/en\/politica-de-cookies-ue-2\/\">Pol\u00edtica de cookies (UE)<\/a><\/li>\n<li class=\"page_item page-item-1810\"><a href=\"https:\/\/www.clubarbitraje.com\/en\/previous-conferences\/\">Previous Conferences<\/a><\/li>\n<li class=\"page_item page-item-5639\"><a href=\"https:\/\/www.clubarbitraje.com\/en\/shortcuts\/\">Shortcuts<\/a><\/li>\n<li class=\"page_item page-item-5645\"><a href=\"https:\/\/www.clubarbitraje.com\/en\/sitemap\/\">Sitemap<\/a><\/li>\n<li class=\"page_item page-item-4956\"><a href=\"https:\/\/www.clubarbitraje.com\/en\/politica-de-privacidad\/\">Terms &#038; conditions of use<\/a><\/li>\n<li class=\"page_item page-item-4970\"><a href=\"https:\/\/www.clubarbitraje.com\/en\/quienes-somos-cea-mujeres\/\">Who we are?<\/a><\/li>\n<\/ul>\n<\/div><\/p>\n","protected":false},"author":1,"featured_media":0,"parent":0,"menu_order":0,"comment_status":"closed","ping_status":"closed","template":"","meta":{"_acf_changed":false,"_et_pb_use_builder":"on","_et_pb_old_content":"","_et_gb_content_width":"","footnotes":""},"class_list":["post-5645","page","type-page","status-publish","hentry"],"acf":[],"yoast_head":"<!-- This site is optimized with the Yoast SEO plugin v27.4 - https:\/\/yoast.com\/product\/yoast-seo-wordpress\/ -->\n<title>Sitemap - CEIA \u2013 CLUB ESPA\u00d1OL E IBEROAMERICANO DEL ARBITRAJE<\/title>\n<meta name=\"description\" content=\"CEA, Club Espa\u00f1ol del Arbitraje, asociaci\u00f3n sin \u00e1nimo de lucro cuyo objetivo es promover el arbitraje como m\u00e9todo de resoluci\u00f3n de conflictos.\" \/>\n<meta name=\"robots\" content=\"index, follow, max-snippet:-1, max-image-preview:large, max-video-preview:-1\" \/>\n<link rel=\"canonical\" href=\"https:\/\/www.clubarbitraje.com\/mapa-del-sitio\/\" \/>\n<meta property=\"og:locale\" content=\"en_US\" \/>\n<meta property=\"og:type\" content=\"article\" \/>\n<meta property=\"og:title\" content=\"Sitemap - CEIA \u2013 CLUB ESPA\u00d1OL E IBEROAMERICANO DEL ARBITRAJE\" \/>\n<meta property=\"og:description\" content=\"CEA, Club Espa\u00f1ol del Arbitraje, asociaci\u00f3n sin \u00e1nimo de lucro cuyo objetivo es promover el arbitraje como m\u00e9todo de resoluci\u00f3n de conflictos.\" \/>\n<meta property=\"og:url\" content=\"https:\/\/www.clubarbitraje.com\/mapa-del-sitio\/\" \/>\n<meta property=\"og:site_name\" content=\"CEIA \u2013 CLUB ESPA\u00d1OL E IBEROAMERICANO DEL ARBITRAJE\" \/>\n<meta property=\"article:modified_time\" content=\"2021-05-13T09:28:27+00:00\" \/>\n<meta name=\"twitter:card\" content=\"summary_large_image\" \/>\n<meta name=\"twitter:label1\" content=\"Est. reading time\" \/>\n\t<meta name=\"twitter:data1\" content=\"1 minute\" \/>\n<script type=\"application\/ld+json\" class=\"yoast-schema-graph\">{\"@context\":\"https:\\\/\\\/schema.org\",\"@graph\":[{\"@type\":\"WebPage\",\"@id\":\"https:\\\/\\\/www.clubarbitraje.com\\\/mapa-del-sitio\\\/\",\"url\":\"https:\\\/\\\/www.clubarbitraje.com\\\/mapa-del-sitio\\\/\",\"name\":\"Sitemap - CEIA \u2013 CLUB ESPA\u00d1OL E IBEROAMERICANO DEL ARBITRAJE\",\"isPartOf\":{\"@id\":\"https:\\\/\\\/www.clubarbitraje.com\\\/#website\"},\"datePublished\":\"2019-02-16T12:10:38+00:00\",\"dateModified\":\"2021-05-13T09:28:27+00:00\",\"description\":\"CEA, Club Espa\u00f1ol del Arbitraje, asociaci\u00f3n sin \u00e1nimo de lucro cuyo objetivo es promover el arbitraje como m\u00e9todo de resoluci\u00f3n de conflictos.\",\"breadcrumb\":{\"@id\":\"https:\\\/\\\/www.clubarbitraje.com\\\/mapa-del-sitio\\\/#breadcrumb\"},\"inLanguage\":\"en-US\",\"potentialAction\":[{\"@type\":\"ReadAction\",\"target\":[\"https:\\\/\\\/www.clubarbitraje.com\\\/mapa-del-sitio\\\/\"]}]},{\"@type\":\"BreadcrumbList\",\"@id\":\"https:\\\/\\\/www.clubarbitraje.com\\\/mapa-del-sitio\\\/#breadcrumb\",\"itemListElement\":[{\"@type\":\"ListItem\",\"position\":1,\"name\":\"Portada\",\"item\":\"https:\\\/\\\/www.clubarbitraje.com\\\/\"},{\"@type\":\"ListItem\",\"position\":2,\"name\":\"Sitemap\"}]},{\"@type\":\"WebSite\",\"@id\":\"https:\\\/\\\/www.clubarbitraje.com\\\/#website\",\"url\":\"https:\\\/\\\/www.clubarbitraje.com\\\/\",\"name\":\"CEIA \u2013 CLUB ESPA\u00d1OL E IBEROAMERICANO DEL ARBITRAJE\",\"description\":\"CEIA, Club Espa\u00f1ol e Iberoamericano del Arbitraje, asociaci\u00f3n sin \u00e1nimo de lucro cuyo objetivo es promover el arbitraje como m\u00e9todo de resoluci\u00f3n de conflictos.\",\"potentialAction\":[{\"@type\":\"SearchAction\",\"target\":{\"@type\":\"EntryPoint\",\"urlTemplate\":\"https:\\\/\\\/www.clubarbitraje.com\\\/?s={search_term_string}\"},\"query-input\":{\"@type\":\"PropertyValueSpecification\",\"valueRequired\":true,\"valueName\":\"search_term_string\"}}],\"inLanguage\":\"en-US\"}]}<\/script>\n<!-- \/ Yoast SEO plugin. -->","yoast_head_json":{"title":"Sitemap - CEIA \u2013 CLUB ESPA\u00d1OL E IBEROAMERICANO DEL ARBITRAJE","description":"CEA, Club Espa\u00f1ol del Arbitraje, asociaci\u00f3n sin \u00e1nimo de lucro cuyo objetivo es promover el arbitraje como m\u00e9todo de resoluci\u00f3n de conflictos.","robots":{"index":"index","follow":"follow","max-snippet":"max-snippet:-1","max-image-preview":"max-image-preview:large","max-video-preview":"max-video-preview:-1"},"canonical":"https:\/\/www.clubarbitraje.com\/mapa-del-sitio\/","og_locale":"en_US","og_type":"article","og_title":"Sitemap - CEIA \u2013 CLUB ESPA\u00d1OL E IBEROAMERICANO DEL ARBITRAJE","og_description":"CEA, Club Espa\u00f1ol del Arbitraje, asociaci\u00f3n sin \u00e1nimo de lucro cuyo objetivo es promover el arbitraje como m\u00e9todo de resoluci\u00f3n de conflictos.","og_url":"https:\/\/www.clubarbitraje.com\/mapa-del-sitio\/","og_site_name":"CEIA \u2013 CLUB ESPA\u00d1OL E IBEROAMERICANO DEL ARBITRAJE","article_modified_time":"2021-05-13T09:28:27+00:00","twitter_card":"summary_large_image","twitter_misc":{"Est. reading time":"1 minute"},"schema":{"@context":"https:\/\/schema.org","@graph":[{"@type":"WebPage","@id":"https:\/\/www.clubarbitraje.com\/mapa-del-sitio\/","url":"https:\/\/www.clubarbitraje.com\/mapa-del-sitio\/","name":"Sitemap - CEIA \u2013 CLUB ESPA\u00d1OL E IBEROAMERICANO DEL ARBITRAJE","isPartOf":{"@id":"https:\/\/www.clubarbitraje.com\/#website"},"datePublished":"2019-02-16T12:10:38+00:00","dateModified":"2021-05-13T09:28:27+00:00","description":"CEA, Club Espa\u00f1ol del Arbitraje, asociaci\u00f3n sin \u00e1nimo de lucro cuyo objetivo es promover el arbitraje como m\u00e9todo de resoluci\u00f3n de conflictos.","breadcrumb":{"@id":"https:\/\/www.clubarbitraje.com\/mapa-del-sitio\/#breadcrumb"},"inLanguage":"en-US","potentialAction":[{"@type":"ReadAction","target":["https:\/\/www.clubarbitraje.com\/mapa-del-sitio\/"]}]},{"@type":"BreadcrumbList","@id":"https:\/\/www.clubarbitraje.com\/mapa-del-sitio\/#breadcrumb","itemListElement":[{"@type":"ListItem","position":1,"name":"Portada","item":"https:\/\/www.clubarbitraje.com\/"},{"@type":"ListItem","position":2,"name":"Sitemap"}]},{"@type":"WebSite","@id":"https:\/\/www.clubarbitraje.com\/#website","url":"https:\/\/www.clubarbitraje.com\/","name":"CEIA \u2013 CLUB ESPA\u00d1OL E IBEROAMERICANO DEL ARBITRAJE","description":"CEIA, Club Espa\u00f1ol e Iberoamericano del Arbitraje, asociaci\u00f3n sin \u00e1nimo de lucro cuyo objetivo es promover el arbitraje como m\u00e9todo de resoluci\u00f3n de conflictos.","potentialAction":[{"@type":"SearchAction","target":{"@type":"EntryPoint","urlTemplate":"https:\/\/www.clubarbitraje.com\/?s={search_term_string}"},"query-input":{"@type":"PropertyValueSpecification","valueRequired":true,"valueName":"search_term_string"}}],"inLanguage":"en-US"}]}},"_links":{"self":[{"href":"https:\/\/www.clubarbitraje.com\/en\/wp-json\/wp\/v2\/pages\/5645","targetHints":{"allow":["GET"]}}],"collection":[{"href":"https:\/\/www.clubarbitraje.com\/en\/wp-json\/wp\/v2\/pages"}],"about":[{"href":"https:\/\/www.clubarbitraje.com\/en\/wp-json\/wp\/v2\/types\/page"}],"author":[{"embeddable":true,"href":"https:\/\/www.clubarbitraje.com\/en\/wp-json\/wp\/v2\/users\/1"}],"replies":[{"embeddable":true,"href":"https:\/\/www.clubarbitraje.com\/en\/wp-json\/wp\/v2\/comments?post=5645"}],"version-history":[{"count":0,"href":"https:\/\/www.clubarbitraje.com\/en\/wp-json\/wp\/v2\/pages\/5645\/revisions"}],"wp:attachment":[{"href":"https:\/\/www.clubarbitraje.com\/en\/wp-json\/wp\/v2\/media?parent=5645"}],"curies":[{"name":"wp","href":"https:\/\/api.w.org\/{rel}","templated":true}]}}