{"id":5636,"date":"2019-02-16T12:36:07","date_gmt":"2019-02-16T11:36:07","guid":{"rendered":"https:\/\/www.clubarbitraje.com\/aviso-legal\/"},"modified":"2021-05-13T11:23:25","modified_gmt":"2021-05-13T09:23:25","slug":"legal-notice","status":"publish","type":"page","link":"https:\/\/www.clubarbitraje.com\/en\/legal-notice\/","title":{"rendered":"legal notice"},"content":{"rendered":"<p>[et_pb_section fb_built=&#8221;1&#8243; _builder_version=&#8221;3.22.3&#8243;][et_pb_row use_custom_gutter=&#8221;on&#8221; gutter_width=&#8221;2&#8243; make_equal=&#8221;on&#8221; admin_label=&#8221;cabecera quienes somos&#8221; _builder_version=&#8221;3.22.3&#8243;][et_pb_column type=&#8221;4_4&#8243; _builder_version=&#8221;3.0.47&#8243;][et_pb_divider show_divider=&#8221;off&#8221; _builder_version=&#8221;3.22.4&#8243; height=&#8221;100px&#8221;][\/et_pb_divider][et_pb_text _builder_version=&#8221;3.22.4&#8243; custom_css_main_element=&#8221;position: absolute;||    bottom: 0;&#8221;]<\/p>\n<h1>AVISO LEGAL<\/h1>\n<p>[\/et_pb_text][\/et_pb_column][\/et_pb_row][et_pb_row _builder_version=&#8221;3.22.3&#8243; background_size=&#8221;initial&#8221; background_position=&#8221;top_left&#8221; background_repeat=&#8221;repeat&#8221;][et_pb_column type=&#8221;4_4&#8243; _builder_version=&#8221;3.0.47&#8243;][et_pb_text module_class=&#8221;linea-roja&#8221; _builder_version=&#8221;3.22.4&#8243;]<\/p>\n<p>En cumplimiento del art\u00edculo 10 de la Ley 34\/2002, del 11 de julio, de servicios de la Sociedad de la Informaci\u00f3n y Comercio Electr\u00f3nico (LSSICE) se exponen a continuaci\u00f3n los datos identificativos de la empresa:<\/p>\n<p>Denominaci\u00f3n Social: Club Espa\u00f1ol del Arbitraje<br \/>Domicilio Social: c\/Jos\u00e9 Ortega y Gasset, 22-24, planta 5 \u2013 28006- Madrid<br \/>Correo electr\u00f3nico: <a href=\"mailto:administracion@clubarbitraje.com\">administracion@clubarbitraje.com<\/a><br \/>Tel\u00e9fono: 91 434 8882<br \/>CIF: G &#8211; 84309608<br \/>Inscrita en el Registro Nacional de Asociaciones, Grupo 1\u00ba, Secci\u00f3n 1\u00aa, n\u00famero nacional 585433.<\/p>\n<p>[\/et_pb_text][\/et_pb_column][\/et_pb_row][\/et_pb_section]<\/p>\n","protected":false},"excerpt":{"rendered":"<p>AVISO LEGALEn cumplimiento del art\u00edculo 10 de la Ley 34\/2002, del 11 de julio, de servicios de la Sociedad de la Informaci\u00f3n y Comercio Electr\u00f3nico (LSSICE) se exponen a continuaci\u00f3n los datos identificativos...","protected":false},"author":1,"featured_media":0,"parent":0,"menu_order":0,"comment_status":"closed","ping_status":"closed","template":"","meta":{"_acf_changed":false,"_et_pb_use_builder":"on","_et_pb_old_content":"","_et_gb_content_width":"","footnotes":""},"class_list":["post-5636","page","type-page","status-publish","hentry"],"acf":[],"yoast_head":"<!-- This site is optimized with the Yoast SEO plugin v26.5 - https:\/\/yoast.com\/wordpress\/plugins\/seo\/ -->\n<title>legal notice - CEIA \u2013 CLUB ESPA\u00d1OL E IBEROAMERICANO DEL ARBITRAJE<\/title>\n<meta name=\"description\" content=\"CEA, Club Espa\u00f1ol del Arbitraje, asociaci\u00f3n sin \u00e1nimo de lucro cuyo objetivo es promover el arbitraje como m\u00e9todo de resoluci\u00f3n de conflictos.\" \/>\n<meta name=\"robots\" content=\"index, follow, max-snippet:-1, max-image-preview:large, max-video-preview:-1\" \/>\n<link rel=\"canonical\" href=\"https:\/\/www.clubarbitraje.com\/aviso-legal\/\" \/>\n<meta property=\"og:locale\" content=\"en_US\" \/>\n<meta property=\"og:type\" content=\"article\" \/>\n<meta property=\"og:title\" content=\"legal notice - CEIA \u2013 CLUB ESPA\u00d1OL E IBEROAMERICANO DEL ARBITRAJE\" \/>\n<meta property=\"og:description\" content=\"CEA, Club Espa\u00f1ol del Arbitraje, asociaci\u00f3n sin \u00e1nimo de lucro cuyo objetivo es promover el arbitraje como m\u00e9todo de resoluci\u00f3n de conflictos.\" \/>\n<meta property=\"og:url\" content=\"https:\/\/www.clubarbitraje.com\/aviso-legal\/\" \/>\n<meta property=\"og:site_name\" content=\"CEIA \u2013 CLUB ESPA\u00d1OL E IBEROAMERICANO DEL ARBITRAJE\" \/>\n<meta property=\"article:modified_time\" content=\"2021-05-13T09:23:25+00:00\" \/>\n<meta name=\"twitter:card\" content=\"summary_large_image\" \/>\n<meta name=\"twitter:label1\" content=\"Est. reading time\" \/>\n\t<meta name=\"twitter:data1\" content=\"1 minute\" \/>\n<script type=\"application\/ld+json\" class=\"yoast-schema-graph\">{\"@context\":\"https:\/\/schema.org\",\"@graph\":[{\"@type\":\"WebPage\",\"@id\":\"https:\/\/www.clubarbitraje.com\/aviso-legal\/\",\"url\":\"https:\/\/www.clubarbitraje.com\/aviso-legal\/\",\"name\":\"legal notice - CEIA \u2013 CLUB ESPA\u00d1OL E IBEROAMERICANO DEL ARBITRAJE\",\"isPartOf\":{\"@id\":\"https:\/\/www.clubarbitraje.com\/#website\"},\"datePublished\":\"2019-02-16T11:36:07+00:00\",\"dateModified\":\"2021-05-13T09:23:25+00:00\",\"description\":\"CEA, Club Espa\u00f1ol del Arbitraje, asociaci\u00f3n sin \u00e1nimo de lucro cuyo objetivo es promover el arbitraje como m\u00e9todo de resoluci\u00f3n de conflictos.\",\"breadcrumb\":{\"@id\":\"https:\/\/www.clubarbitraje.com\/aviso-legal\/#breadcrumb\"},\"inLanguage\":\"en-US\",\"potentialAction\":[{\"@type\":\"ReadAction\",\"target\":[\"https:\/\/www.clubarbitraje.com\/aviso-legal\/\"]}]},{\"@type\":\"BreadcrumbList\",\"@id\":\"https:\/\/www.clubarbitraje.com\/aviso-legal\/#breadcrumb\",\"itemListElement\":[{\"@type\":\"ListItem\",\"position\":1,\"name\":\"Portada\",\"item\":\"https:\/\/www.clubarbitraje.com\/en\/\"},{\"@type\":\"ListItem\",\"position\":2,\"name\":\"legal notice\"}]},{\"@type\":\"WebSite\",\"@id\":\"https:\/\/www.clubarbitraje.com\/#website\",\"url\":\"https:\/\/www.clubarbitraje.com\/\",\"name\":\"CEIA \u2013 CLUB ESPA\u00d1OL E IBEROAMERICANO DEL ARBITRAJE\",\"description\":\"CEIA, Club Espa\u00f1ol e Iberoamericano del Arbitraje, asociaci\u00f3n sin \u00e1nimo de lucro cuyo objetivo es promover el arbitraje como m\u00e9todo de resoluci\u00f3n de conflictos.\",\"potentialAction\":[{\"@type\":\"SearchAction\",\"target\":{\"@type\":\"EntryPoint\",\"urlTemplate\":\"https:\/\/www.clubarbitraje.com\/?s={search_term_string}\"},\"query-input\":{\"@type\":\"PropertyValueSpecification\",\"valueRequired\":true,\"valueName\":\"search_term_string\"}}],\"inLanguage\":\"en-US\"}]}<\/script>\n<!-- \/ Yoast SEO plugin. -->","yoast_head_json":{"title":"legal notice - CEIA \u2013 CLUB ESPA\u00d1OL E IBEROAMERICANO DEL ARBITRAJE","description":"CEA, Club Espa\u00f1ol del Arbitraje, asociaci\u00f3n sin \u00e1nimo de lucro cuyo objetivo es promover el arbitraje como m\u00e9todo de resoluci\u00f3n de conflictos.","robots":{"index":"index","follow":"follow","max-snippet":"max-snippet:-1","max-image-preview":"max-image-preview:large","max-video-preview":"max-video-preview:-1"},"canonical":"https:\/\/www.clubarbitraje.com\/aviso-legal\/","og_locale":"en_US","og_type":"article","og_title":"legal notice - CEIA \u2013 CLUB ESPA\u00d1OL E IBEROAMERICANO DEL ARBITRAJE","og_description":"CEA, Club Espa\u00f1ol del Arbitraje, asociaci\u00f3n sin \u00e1nimo de lucro cuyo objetivo es promover el arbitraje como m\u00e9todo de resoluci\u00f3n de conflictos.","og_url":"https:\/\/www.clubarbitraje.com\/aviso-legal\/","og_site_name":"CEIA \u2013 CLUB ESPA\u00d1OL E IBEROAMERICANO DEL ARBITRAJE","article_modified_time":"2021-05-13T09:23:25+00:00","twitter_card":"summary_large_image","twitter_misc":{"Est. reading time":"1 minute"},"schema":{"@context":"https:\/\/schema.org","@graph":[{"@type":"WebPage","@id":"https:\/\/www.clubarbitraje.com\/aviso-legal\/","url":"https:\/\/www.clubarbitraje.com\/aviso-legal\/","name":"legal notice - CEIA \u2013 CLUB ESPA\u00d1OL E IBEROAMERICANO DEL ARBITRAJE","isPartOf":{"@id":"https:\/\/www.clubarbitraje.com\/#website"},"datePublished":"2019-02-16T11:36:07+00:00","dateModified":"2021-05-13T09:23:25+00:00","description":"CEA, Club Espa\u00f1ol del Arbitraje, asociaci\u00f3n sin \u00e1nimo de lucro cuyo objetivo es promover el arbitraje como m\u00e9todo de resoluci\u00f3n de conflictos.","breadcrumb":{"@id":"https:\/\/www.clubarbitraje.com\/aviso-legal\/#breadcrumb"},"inLanguage":"en-US","potentialAction":[{"@type":"ReadAction","target":["https:\/\/www.clubarbitraje.com\/aviso-legal\/"]}]},{"@type":"BreadcrumbList","@id":"https:\/\/www.clubarbitraje.com\/aviso-legal\/#breadcrumb","itemListElement":[{"@type":"ListItem","position":1,"name":"Portada","item":"https:\/\/www.clubarbitraje.com\/en\/"},{"@type":"ListItem","position":2,"name":"legal notice"}]},{"@type":"WebSite","@id":"https:\/\/www.clubarbitraje.com\/#website","url":"https:\/\/www.clubarbitraje.com\/","name":"CEIA \u2013 CLUB ESPA\u00d1OL E IBEROAMERICANO DEL ARBITRAJE","description":"CEIA, Club Espa\u00f1ol e Iberoamericano del Arbitraje, asociaci\u00f3n sin \u00e1nimo de lucro cuyo objetivo es promover el arbitraje como m\u00e9todo de resoluci\u00f3n de conflictos.","potentialAction":[{"@type":"SearchAction","target":{"@type":"EntryPoint","urlTemplate":"https:\/\/www.clubarbitraje.com\/?s={search_term_string}"},"query-input":{"@type":"PropertyValueSpecification","valueRequired":true,"valueName":"search_term_string"}}],"inLanguage":"en-US"}]}},"_links":{"self":[{"href":"https:\/\/www.clubarbitraje.com\/en\/wp-json\/wp\/v2\/pages\/5636","targetHints":{"allow":["GET"]}}],"collection":[{"href":"https:\/\/www.clubarbitraje.com\/en\/wp-json\/wp\/v2\/pages"}],"about":[{"href":"https:\/\/www.clubarbitraje.com\/en\/wp-json\/wp\/v2\/types\/page"}],"author":[{"embeddable":true,"href":"https:\/\/www.clubarbitraje.com\/en\/wp-json\/wp\/v2\/users\/1"}],"replies":[{"embeddable":true,"href":"https:\/\/www.clubarbitraje.com\/en\/wp-json\/wp\/v2\/comments?post=5636"}],"version-history":[{"count":0,"href":"https:\/\/www.clubarbitraje.com\/en\/wp-json\/wp\/v2\/pages\/5636\/revisions"}],"wp:attachment":[{"href":"https:\/\/www.clubarbitraje.com\/en\/wp-json\/wp\/v2\/media?parent=5636"}],"curies":[{"name":"wp","href":"https:\/\/api.w.org\/{rel}","templated":true}]}}