{"id":5517,"date":"2020-12-21T09:30:45","date_gmt":"2020-12-21T08:30:45","guid":{"rendered":"https:\/\/www.clubarbitraje.com\/podcasts\/"},"modified":"2021-04-28T12:40:12","modified_gmt":"2021-04-28T10:40:12","slug":"podcasts","status":"publish","type":"page","link":"https:\/\/www.clubarbitraje.com\/en\/podcasts\/","title":{"rendered":"Podcasts"},"content":{"rendered":"<div class=\"esuntodo\">\n<button class=\"accordion\">Filter<\/button>\n<div class=\"panel\">\n<form name=\"filtros\" method=\"post\">\n    <div class=\"filtroscast misc-cap misc\">\n        <div id=\"popularpod\">\n            <label>Popularity:<\/label>\n            <select class=\"dropdown-class\" name=\"fp\" id=\"sort_pop\" onchange=\"this.form.submit();\">\n                <option value=\"\">All<\/option>\n                                <option value=\"DESC\" >+ popular<\/option>\n                <option value=\"ASC\" >- popular<\/option>\n            <\/select>\n        <\/div>\n        <div id=\"arbitrajepod\">\n            <label>Arbitraje:<\/label>\n            <select class=\"dropdown-class\" name=\"fa\" id=\"sort_arbi\" onchange=\"this.form.submit();\">\n                <option value=\"\">All<\/option>\n                                 <option value=\"1\" >Yes<\/option>\n                <option value=\"0\" >No<\/option>\n            <\/select>\n        <\/div>\n        <div id=\"select-capitulopod\">\n            <label>Cap\u00edtulo:<\/label>\n            <select class=\"dropdown-class\" name=\"sc\" id=\"sort-capitulo\" onchange=\"this.form.submit();\">\n                <option disabled=\"\">Select by chapter:<\/option>\n                <option value=\"\">All<\/li>\n                                <\/select>\n        <\/div>\n    <\/div>\n    <div class=\"filtroscast misc-cap misc\">    \n        <div id=\"sort-tagspod \">\n            <label>Subject:<\/label>\n            <select class=\"dropdown-class\" name=\"st\" id=\"sort-tags\" onchange=\"this.form.submit();\">\n                <option disabled=\"\">Select by topic:<\/option>\n                <option value=\"\">All<\/li>\n                            <\/select>\n        <\/div>\n        <div id=\"select-autorpod\">\n            <label>Autor:<\/label>\n            <select class=\"dropdown-class\" name=\"sa\" id=\"sort-autor\" onchange=\"this.form.submit();\">\n                <option disabled=\"\">Select by author:<\/option>\n                <option value=\"\">All<\/li>\n                            <\/select>\n        <\/div>\n        <div id=\"sortbypod\">\n            <label>Fecha:<\/label>\n            <select class=\"dropdown-class\" name=\"fo\" id=\"sort_fecha\" onchange=\"this.form.submit();\">\n               <option disabled=\"\">Order by:<\/option>\n                                    <option value=\"DESC\" >Newer<\/option>\n                <option value=\"ASC\" >Oldest<\/option>\n            <\/select>\n        <\/div>\n    <\/div>\n<\/form>\n<\/div>\n\n<div class=\"posts-blog-feed-module standard post-module et_pb_extra_module module\">\n\n\t\t\t\t\t\t<div class=\"paginated_content\">\n\n\t\t\t\t\t\t\t<div class=\"paginated_page\">\t\t\t\t\t\t\n\n\t\t\t\t\t\t\t\t\n\t\t\t\t\t<\/div>\n\n\t\t\t\t\t\t<\/div>\n\n\t\t\t\t<div class=\"archive-pagination\">\n\n\t\t\t\t\t\n\t\t\t\t\t\t\t<\/div>\n\n   \t\t\t\t\t<\/div>\n<\/div>\n   \t\t\t\t\t\n   \t\t\t\t<script>\nvar acc = document.getElementsByClassName(\"accordion\");\nvar i;\n\nfor (i = 0; i < acc.length; i++) {\n  acc[i].addEventListener(\"click\", function() {\n    this.classList.toggle(\"active\");\n    var panel = this.nextElementSibling;\n    if (panel.style.display === \"block\") {\n      panel.style.display = \"none\";\n    } else {\n      panel.style.display = \"block\";\n    }\n  });\n}\n<\/script>\n","protected":false},"excerpt":{"rendered":"","protected":false},"author":3,"featured_media":0,"parent":0,"menu_order":0,"comment_status":"closed","ping_status":"closed","template":"","meta":{"_acf_changed":false,"_et_pb_use_builder":"","_et_pb_old_content":"","_et_gb_content_width":"","footnotes":""},"class_list":["post-5517","page","type-page","status-publish","hentry"],"acf":[],"yoast_head":"<!-- This site is optimized with the Yoast SEO plugin v27.4 - https:\/\/yoast.com\/product\/yoast-seo-wordpress\/ -->\n<title>Podcasts - CEIA \u2013 CLUB ESPA\u00d1OL E IBEROAMERICANO DEL ARBITRAJE<\/title>\n<meta name=\"description\" content=\"CEA, Club Espa\u00f1ol del Arbitraje, asociaci\u00f3n sin \u00e1nimo de lucro cuyo objetivo es promover el arbitraje como m\u00e9todo de resoluci\u00f3n de conflictos.\" \/>\n<meta name=\"robots\" content=\"index, follow, max-snippet:-1, max-image-preview:large, max-video-preview:-1\" \/>\n<link rel=\"canonical\" href=\"https:\/\/www.clubarbitraje.com\/podcasts\/\" \/>\n<meta property=\"og:locale\" content=\"en_US\" \/>\n<meta property=\"og:type\" content=\"article\" \/>\n<meta property=\"og:title\" content=\"Podcasts - CEIA \u2013 CLUB ESPA\u00d1OL E IBEROAMERICANO DEL ARBITRAJE\" \/>\n<meta property=\"og:description\" content=\"CEA, Club Espa\u00f1ol del Arbitraje, asociaci\u00f3n sin \u00e1nimo de lucro cuyo objetivo es promover el arbitraje como m\u00e9todo de resoluci\u00f3n de conflictos.\" \/>\n<meta property=\"og:url\" content=\"https:\/\/www.clubarbitraje.com\/podcasts\/\" \/>\n<meta property=\"og:site_name\" content=\"CEIA \u2013 CLUB ESPA\u00d1OL E IBEROAMERICANO DEL ARBITRAJE\" \/>\n<meta property=\"article:modified_time\" content=\"2021-04-28T10:40:12+00:00\" \/>\n<meta name=\"twitter:card\" content=\"summary_large_image\" \/>\n<script type=\"application\/ld+json\" class=\"yoast-schema-graph\">{\"@context\":\"https:\\\/\\\/schema.org\",\"@graph\":[{\"@type\":\"WebPage\",\"@id\":\"https:\\\/\\\/www.clubarbitraje.com\\\/podcasts\\\/\",\"url\":\"https:\\\/\\\/www.clubarbitraje.com\\\/podcasts\\\/\",\"name\":\"Podcasts - CEIA \u2013 CLUB ESPA\u00d1OL E IBEROAMERICANO DEL ARBITRAJE\",\"isPartOf\":{\"@id\":\"https:\\\/\\\/www.clubarbitraje.com\\\/#website\"},\"datePublished\":\"2020-12-21T08:30:45+00:00\",\"dateModified\":\"2021-04-28T10:40:12+00:00\",\"description\":\"CEA, Club Espa\u00f1ol del Arbitraje, asociaci\u00f3n sin \u00e1nimo de lucro cuyo objetivo es promover el arbitraje como m\u00e9todo de resoluci\u00f3n de conflictos.\",\"breadcrumb\":{\"@id\":\"https:\\\/\\\/www.clubarbitraje.com\\\/podcasts\\\/#breadcrumb\"},\"inLanguage\":\"en-US\",\"potentialAction\":[{\"@type\":\"ReadAction\",\"target\":[\"https:\\\/\\\/www.clubarbitraje.com\\\/podcasts\\\/\"]}]},{\"@type\":\"BreadcrumbList\",\"@id\":\"https:\\\/\\\/www.clubarbitraje.com\\\/podcasts\\\/#breadcrumb\",\"itemListElement\":[{\"@type\":\"ListItem\",\"position\":1,\"name\":\"Portada\",\"item\":\"https:\\\/\\\/www.clubarbitraje.com\\\/\"},{\"@type\":\"ListItem\",\"position\":2,\"name\":\"Podcasts\"}]},{\"@type\":\"WebSite\",\"@id\":\"https:\\\/\\\/www.clubarbitraje.com\\\/#website\",\"url\":\"https:\\\/\\\/www.clubarbitraje.com\\\/\",\"name\":\"CEIA \u2013 CLUB ESPA\u00d1OL E IBEROAMERICANO DEL ARBITRAJE\",\"description\":\"CEIA, Club Espa\u00f1ol e Iberoamericano del Arbitraje, asociaci\u00f3n sin \u00e1nimo de lucro cuyo objetivo es promover el arbitraje como m\u00e9todo de resoluci\u00f3n de conflictos.\",\"potentialAction\":[{\"@type\":\"SearchAction\",\"target\":{\"@type\":\"EntryPoint\",\"urlTemplate\":\"https:\\\/\\\/www.clubarbitraje.com\\\/?s={search_term_string}\"},\"query-input\":{\"@type\":\"PropertyValueSpecification\",\"valueRequired\":true,\"valueName\":\"search_term_string\"}}],\"inLanguage\":\"en-US\"}]}<\/script>\n<!-- \/ Yoast SEO plugin. -->","yoast_head_json":{"title":"Podcasts - CEIA \u2013 CLUB ESPA\u00d1OL E IBEROAMERICANO DEL ARBITRAJE","description":"CEA, Club Espa\u00f1ol del Arbitraje, asociaci\u00f3n sin \u00e1nimo de lucro cuyo objetivo es promover el arbitraje como m\u00e9todo de resoluci\u00f3n de conflictos.","robots":{"index":"index","follow":"follow","max-snippet":"max-snippet:-1","max-image-preview":"max-image-preview:large","max-video-preview":"max-video-preview:-1"},"canonical":"https:\/\/www.clubarbitraje.com\/podcasts\/","og_locale":"en_US","og_type":"article","og_title":"Podcasts - CEIA \u2013 CLUB ESPA\u00d1OL E IBEROAMERICANO DEL ARBITRAJE","og_description":"CEA, Club Espa\u00f1ol del Arbitraje, asociaci\u00f3n sin \u00e1nimo de lucro cuyo objetivo es promover el arbitraje como m\u00e9todo de resoluci\u00f3n de conflictos.","og_url":"https:\/\/www.clubarbitraje.com\/podcasts\/","og_site_name":"CEIA \u2013 CLUB ESPA\u00d1OL E IBEROAMERICANO DEL ARBITRAJE","article_modified_time":"2021-04-28T10:40:12+00:00","twitter_card":"summary_large_image","schema":{"@context":"https:\/\/schema.org","@graph":[{"@type":"WebPage","@id":"https:\/\/www.clubarbitraje.com\/podcasts\/","url":"https:\/\/www.clubarbitraje.com\/podcasts\/","name":"Podcasts - CEIA \u2013 CLUB ESPA\u00d1OL E IBEROAMERICANO DEL ARBITRAJE","isPartOf":{"@id":"https:\/\/www.clubarbitraje.com\/#website"},"datePublished":"2020-12-21T08:30:45+00:00","dateModified":"2021-04-28T10:40:12+00:00","description":"CEA, Club Espa\u00f1ol del Arbitraje, asociaci\u00f3n sin \u00e1nimo de lucro cuyo objetivo es promover el arbitraje como m\u00e9todo de resoluci\u00f3n de conflictos.","breadcrumb":{"@id":"https:\/\/www.clubarbitraje.com\/podcasts\/#breadcrumb"},"inLanguage":"en-US","potentialAction":[{"@type":"ReadAction","target":["https:\/\/www.clubarbitraje.com\/podcasts\/"]}]},{"@type":"BreadcrumbList","@id":"https:\/\/www.clubarbitraje.com\/podcasts\/#breadcrumb","itemListElement":[{"@type":"ListItem","position":1,"name":"Portada","item":"https:\/\/www.clubarbitraje.com\/"},{"@type":"ListItem","position":2,"name":"Podcasts"}]},{"@type":"WebSite","@id":"https:\/\/www.clubarbitraje.com\/#website","url":"https:\/\/www.clubarbitraje.com\/","name":"CEIA \u2013 CLUB ESPA\u00d1OL E IBEROAMERICANO DEL ARBITRAJE","description":"CEIA, Club Espa\u00f1ol e Iberoamericano del Arbitraje, asociaci\u00f3n sin \u00e1nimo de lucro cuyo objetivo es promover el arbitraje como m\u00e9todo de resoluci\u00f3n de conflictos.","potentialAction":[{"@type":"SearchAction","target":{"@type":"EntryPoint","urlTemplate":"https:\/\/www.clubarbitraje.com\/?s={search_term_string}"},"query-input":{"@type":"PropertyValueSpecification","valueRequired":true,"valueName":"search_term_string"}}],"inLanguage":"en-US"}]}},"_links":{"self":[{"href":"https:\/\/www.clubarbitraje.com\/en\/wp-json\/wp\/v2\/pages\/5517","targetHints":{"allow":["GET"]}}],"collection":[{"href":"https:\/\/www.clubarbitraje.com\/en\/wp-json\/wp\/v2\/pages"}],"about":[{"href":"https:\/\/www.clubarbitraje.com\/en\/wp-json\/wp\/v2\/types\/page"}],"author":[{"embeddable":true,"href":"https:\/\/www.clubarbitraje.com\/en\/wp-json\/wp\/v2\/users\/3"}],"replies":[{"embeddable":true,"href":"https:\/\/www.clubarbitraje.com\/en\/wp-json\/wp\/v2\/comments?post=5517"}],"version-history":[{"count":0,"href":"https:\/\/www.clubarbitraje.com\/en\/wp-json\/wp\/v2\/pages\/5517\/revisions"}],"wp:attachment":[{"href":"https:\/\/www.clubarbitraje.com\/en\/wp-json\/wp\/v2\/media?parent=5517"}],"curies":[{"name":"wp","href":"https:\/\/api.w.org\/{rel}","templated":true}]}}