{"id":5357,"date":"2019-05-29T13:14:14","date_gmt":"2019-05-29T11:14:14","guid":{"rendered":"https:\/\/www.clubarbitraje.com\/cea-40-2\/"},"modified":"2023-07-28T09:42:02","modified_gmt":"2023-07-28T07:42:02","slug":"activities-cea-40","status":"publish","type":"page","link":"https:\/\/www.clubarbitraje.com\/en\/activities-cea-40\/","title":{"rendered":"CEIA -40"},"content":{"rendered":"","protected":false},"excerpt":{"rendered":"","protected":false},"author":1,"featured_media":0,"parent":0,"menu_order":0,"comment_status":"closed","ping_status":"closed","template":"cea-40_mec_events_gl.php","meta":{"_acf_changed":false,"_et_pb_use_builder":"","_et_pb_old_content":"","_et_gb_content_width":"","footnotes":""},"class_list":["post-5357","page","type-page","status-publish","hentry"],"acf":[],"yoast_head":"<!-- This site is optimized with the Yoast SEO plugin v26.5 - https:\/\/yoast.com\/wordpress\/plugins\/seo\/ -->\n<title>CEIA -40 - CEIA \u2013 CLUB ESPA\u00d1OL E IBEROAMERICANO DEL ARBITRAJE<\/title>\n<meta name=\"description\" content=\"CEA, Club Espa\u00f1ol del Arbitraje, asociaci\u00f3n sin \u00e1nimo de lucro cuyo objetivo es promover el arbitraje como m\u00e9todo de resoluci\u00f3n de conflictos.\" \/>\n<meta name=\"robots\" content=\"index, follow, max-snippet:-1, max-image-preview:large, max-video-preview:-1\" \/>\n<link rel=\"canonical\" href=\"https:\/\/www.clubarbitraje.com\/en\/activities-cea-40\/\" \/>\n<meta property=\"og:locale\" content=\"en_US\" \/>\n<meta property=\"og:type\" content=\"article\" \/>\n<meta property=\"og:title\" content=\"CEIA -40 - CEIA \u2013 CLUB ESPA\u00d1OL E IBEROAMERICANO DEL ARBITRAJE\" \/>\n<meta property=\"og:description\" content=\"CEA, Club Espa\u00f1ol del Arbitraje, asociaci\u00f3n sin \u00e1nimo de lucro cuyo objetivo es promover el arbitraje como m\u00e9todo de resoluci\u00f3n de conflictos.\" \/>\n<meta property=\"og:url\" content=\"https:\/\/www.clubarbitraje.com\/en\/activities-cea-40\/\" \/>\n<meta property=\"og:site_name\" content=\"CEIA \u2013 CLUB ESPA\u00d1OL E IBEROAMERICANO DEL ARBITRAJE\" \/>\n<meta property=\"article:modified_time\" content=\"2023-07-28T07:42:02+00:00\" \/>\n<meta name=\"twitter:card\" content=\"summary_large_image\" \/>\n<script type=\"application\/ld+json\" class=\"yoast-schema-graph\">{\"@context\":\"https:\/\/schema.org\",\"@graph\":[{\"@type\":\"WebPage\",\"@id\":\"https:\/\/www.clubarbitraje.com\/en\/activities-cea-40\/\",\"url\":\"https:\/\/www.clubarbitraje.com\/en\/activities-cea-40\/\",\"name\":\"CEIA -40 - CEIA \u2013 CLUB ESPA\u00d1OL E IBEROAMERICANO DEL ARBITRAJE\",\"isPartOf\":{\"@id\":\"https:\/\/www.clubarbitraje.com\/#website\"},\"datePublished\":\"2019-05-29T11:14:14+00:00\",\"dateModified\":\"2023-07-28T07:42:02+00:00\",\"description\":\"CEA, Club Espa\u00f1ol del Arbitraje, asociaci\u00f3n sin \u00e1nimo de lucro cuyo objetivo es promover el arbitraje como m\u00e9todo de resoluci\u00f3n de conflictos.\",\"breadcrumb\":{\"@id\":\"https:\/\/www.clubarbitraje.com\/en\/activities-cea-40\/#breadcrumb\"},\"inLanguage\":\"en-US\",\"potentialAction\":[{\"@type\":\"ReadAction\",\"target\":[\"https:\/\/www.clubarbitraje.com\/en\/activities-cea-40\/\"]}]},{\"@type\":\"BreadcrumbList\",\"@id\":\"https:\/\/www.clubarbitraje.com\/en\/activities-cea-40\/#breadcrumb\",\"itemListElement\":[{\"@type\":\"ListItem\",\"position\":1,\"name\":\"Portada\",\"item\":\"https:\/\/www.clubarbitraje.com\/en\/\"},{\"@type\":\"ListItem\",\"position\":2,\"name\":\"CEIA -40\"}]},{\"@type\":\"WebSite\",\"@id\":\"https:\/\/www.clubarbitraje.com\/#website\",\"url\":\"https:\/\/www.clubarbitraje.com\/\",\"name\":\"CEIA \u2013 CLUB ESPA\u00d1OL E IBEROAMERICANO DEL ARBITRAJE\",\"description\":\"CEIA, Club Espa\u00f1ol e Iberoamericano del Arbitraje, asociaci\u00f3n sin \u00e1nimo de lucro cuyo objetivo es promover el arbitraje como m\u00e9todo de resoluci\u00f3n de conflictos.\",\"potentialAction\":[{\"@type\":\"SearchAction\",\"target\":{\"@type\":\"EntryPoint\",\"urlTemplate\":\"https:\/\/www.clubarbitraje.com\/?s={search_term_string}\"},\"query-input\":{\"@type\":\"PropertyValueSpecification\",\"valueRequired\":true,\"valueName\":\"search_term_string\"}}],\"inLanguage\":\"en-US\"}]}<\/script>\n<!-- \/ Yoast SEO plugin. -->","yoast_head_json":{"title":"CEIA -40 - CEIA \u2013 CLUB ESPA\u00d1OL E IBEROAMERICANO DEL ARBITRAJE","description":"CEA, Club Espa\u00f1ol del Arbitraje, asociaci\u00f3n sin \u00e1nimo de lucro cuyo objetivo es promover el arbitraje como m\u00e9todo de resoluci\u00f3n de conflictos.","robots":{"index":"index","follow":"follow","max-snippet":"max-snippet:-1","max-image-preview":"max-image-preview:large","max-video-preview":"max-video-preview:-1"},"canonical":"https:\/\/www.clubarbitraje.com\/en\/activities-cea-40\/","og_locale":"en_US","og_type":"article","og_title":"CEIA -40 - CEIA \u2013 CLUB ESPA\u00d1OL E IBEROAMERICANO DEL ARBITRAJE","og_description":"CEA, Club Espa\u00f1ol del Arbitraje, asociaci\u00f3n sin \u00e1nimo de lucro cuyo objetivo es promover el arbitraje como m\u00e9todo de resoluci\u00f3n de conflictos.","og_url":"https:\/\/www.clubarbitraje.com\/en\/activities-cea-40\/","og_site_name":"CEIA \u2013 CLUB ESPA\u00d1OL E IBEROAMERICANO DEL ARBITRAJE","article_modified_time":"2023-07-28T07:42:02+00:00","twitter_card":"summary_large_image","schema":{"@context":"https:\/\/schema.org","@graph":[{"@type":"WebPage","@id":"https:\/\/www.clubarbitraje.com\/en\/activities-cea-40\/","url":"https:\/\/www.clubarbitraje.com\/en\/activities-cea-40\/","name":"CEIA -40 - CEIA \u2013 CLUB ESPA\u00d1OL E IBEROAMERICANO DEL ARBITRAJE","isPartOf":{"@id":"https:\/\/www.clubarbitraje.com\/#website"},"datePublished":"2019-05-29T11:14:14+00:00","dateModified":"2023-07-28T07:42:02+00:00","description":"CEA, Club Espa\u00f1ol del Arbitraje, asociaci\u00f3n sin \u00e1nimo de lucro cuyo objetivo es promover el arbitraje como m\u00e9todo de resoluci\u00f3n de conflictos.","breadcrumb":{"@id":"https:\/\/www.clubarbitraje.com\/en\/activities-cea-40\/#breadcrumb"},"inLanguage":"en-US","potentialAction":[{"@type":"ReadAction","target":["https:\/\/www.clubarbitraje.com\/en\/activities-cea-40\/"]}]},{"@type":"BreadcrumbList","@id":"https:\/\/www.clubarbitraje.com\/en\/activities-cea-40\/#breadcrumb","itemListElement":[{"@type":"ListItem","position":1,"name":"Portada","item":"https:\/\/www.clubarbitraje.com\/en\/"},{"@type":"ListItem","position":2,"name":"CEIA -40"}]},{"@type":"WebSite","@id":"https:\/\/www.clubarbitraje.com\/#website","url":"https:\/\/www.clubarbitraje.com\/","name":"CEIA \u2013 CLUB ESPA\u00d1OL E IBEROAMERICANO DEL ARBITRAJE","description":"CEIA, Club Espa\u00f1ol e Iberoamericano del Arbitraje, asociaci\u00f3n sin \u00e1nimo de lucro cuyo objetivo es promover el arbitraje como m\u00e9todo de resoluci\u00f3n de conflictos.","potentialAction":[{"@type":"SearchAction","target":{"@type":"EntryPoint","urlTemplate":"https:\/\/www.clubarbitraje.com\/?s={search_term_string}"},"query-input":{"@type":"PropertyValueSpecification","valueRequired":true,"valueName":"search_term_string"}}],"inLanguage":"en-US"}]}},"_links":{"self":[{"href":"https:\/\/www.clubarbitraje.com\/en\/wp-json\/wp\/v2\/pages\/5357","targetHints":{"allow":["GET"]}}],"collection":[{"href":"https:\/\/www.clubarbitraje.com\/en\/wp-json\/wp\/v2\/pages"}],"about":[{"href":"https:\/\/www.clubarbitraje.com\/en\/wp-json\/wp\/v2\/types\/page"}],"author":[{"embeddable":true,"href":"https:\/\/www.clubarbitraje.com\/en\/wp-json\/wp\/v2\/users\/1"}],"replies":[{"embeddable":true,"href":"https:\/\/www.clubarbitraje.com\/en\/wp-json\/wp\/v2\/comments?post=5357"}],"version-history":[{"count":1,"href":"https:\/\/www.clubarbitraje.com\/en\/wp-json\/wp\/v2\/pages\/5357\/revisions"}],"predecessor-version":[{"id":7842,"href":"https:\/\/www.clubarbitraje.com\/en\/wp-json\/wp\/v2\/pages\/5357\/revisions\/7842"}],"wp:attachment":[{"href":"https:\/\/www.clubarbitraje.com\/en\/wp-json\/wp\/v2\/media?parent=5357"}],"curies":[{"name":"wp","href":"https:\/\/api.w.org\/{rel}","templated":true}]}}